{"id":11791,"date":"2025-06-29T14:05:05","date_gmt":"2025-06-29T12:05:05","guid":{"rendered":"https:\/\/uj.adatbank.ro\/lexikon\/termek\/kereszturi-andras-literati\/"},"modified":"2025-06-29T14:05:05","modified_gmt":"2025-06-29T12:05:05","slug":"kereszturi-andras-literati","status":"publish","type":"product","link":"https:\/\/uj.adatbank.ro\/lexikon\/termek\/kereszturi-andras-literati\/","title":{"rendered":"KERESZT\u00daRI Andr\u00e1s, Literati"},"content":{"rendered":"<p>? \u2020 ?: v\u00e1rosi jegyz\u0151. \u2013 V\u00e1s\u00e1rhely jegyz\u0151je (1668). A v\u00e1ros gy\u0171l\u00e9s\u00e9n az \u00fajonnan megv\u00e1lasztott tan\u00e1cs elbocs\u00e1totta \u00e1ll\u00e1s\u00e1b\u00f3l, a ny\u00edlf\u00f6ldek k\u00f6r\u00fcli vissza\u00e9l\u00e9sek \u00e9s csal\u00e1sok \u00e9s igazs\u00e1gtalan f\u00f6ldeloszt\u00e1ssal v\u00e1dolva (1673). <br \/><strong>Irod.:<\/strong> Id\u0151t\u00e1r 1<\/br><\/p>\n","protected":false},"excerpt":{"rendered":"<p>? \u2020 ?: v\u00e1rosi jegyz\u0151. \u2013 V\u00e1s\u00e1rhely jegyz\u0151je (1668). A v\u00e1ros gy\u0171l\u00e9s\u00e9n az \u00fajonnan megv\u00e1lasztott tan\u00e1cs elbocs\u00e1totta \u00e1ll\u00e1s\u00e1b\u00f3l, a ny\u00edlf\u00f6ldek k\u00f6r\u00fcli vissza\u00e9l\u00e9sek \u00e9s csal\u00e1sok \u00e9s igazs\u00e1gtalan f\u00f6ldeloszt\u00e1ssal v\u00e1dolva (1673). Irod.: Id\u0151t\u00e1r 1<\/p>\n","protected":false},"featured_media":0,"comment_status":"open","ping_status":"closed","template":"","meta":[],"product_brand":[],"product_cat":[137],"product_tag":[],"class_list":{"0":"post-11791","1":"product","2":"type-product","3":"status-publish","5":"product_cat-maros-megyei-eletrajzi-lexikon","7":"first","8":"instock","9":"shipping-taxable","10":"product-type-simple"},"_links":{"self":[{"href":"https:\/\/uj.adatbank.ro\/lexikon\/wp-json\/wp\/v2\/product\/11791","targetHints":{"allow":["GET"]}}],"collection":[{"href":"https:\/\/uj.adatbank.ro\/lexikon\/wp-json\/wp\/v2\/product"}],"about":[{"href":"https:\/\/uj.adatbank.ro\/lexikon\/wp-json\/wp\/v2\/types\/product"}],"replies":[{"embeddable":true,"href":"https:\/\/uj.adatbank.ro\/lexikon\/wp-json\/wp\/v2\/comments?post=11791"}],"wp:attachment":[{"href":"https:\/\/uj.adatbank.ro\/lexikon\/wp-json\/wp\/v2\/media?parent=11791"}],"wp:term":[{"taxonomy":"product_brand","embeddable":true,"href":"https:\/\/uj.adatbank.ro\/lexikon\/wp-json\/wp\/v2\/product_brand?post=11791"},{"taxonomy":"product_cat","embeddable":true,"href":"https:\/\/uj.adatbank.ro\/lexikon\/wp-json\/wp\/v2\/product_cat?post=11791"},{"taxonomy":"product_tag","embeddable":true,"href":"https:\/\/uj.adatbank.ro\/lexikon\/wp-json\/wp\/v2\/product_tag?post=11791"}],"curies":[{"name":"wp","href":"https:\/\/api.w.org\/{rel}","templated":true}]}}