{"id":11792,"date":"2025-06-29T14:05:07","date_gmt":"2025-06-29T12:05:07","guid":{"rendered":"https:\/\/uj.adatbank.ro\/lexikon\/termek\/kereszturi-istvan\/"},"modified":"2025-06-29T14:05:07","modified_gmt":"2025-06-29T12:05:07","slug":"kereszturi-istvan","status":"publish","type":"product","link":"https:\/\/uj.adatbank.ro\/lexikon\/termek\/kereszturi-istvan\/","title":{"rendered":"KERESZT\u00daRI Istv\u00e1n"},"content":{"rendered":"<p>? \u2020 ?: f\u00f6ldbirtokos. \u2013Mez\u0151s\u00e1msondon r. k. templomot \u00e9s par\u00f3ki\u00e1t \u00e9p\u00edtetett Berzenczey Istv\u00e1nnal k\u00f6z\u00f6sen (1740). <br \/><strong>Irod.:<\/strong> L\u00e9sty\u00e1n \u2013 templomok 1<\/br><\/p>\n","protected":false},"excerpt":{"rendered":"<p>? \u2020 ?: f\u00f6ldbirtokos. \u2013Mez\u0151s\u00e1msondon r. k. templomot \u00e9s par\u00f3ki\u00e1t \u00e9p\u00edtetett Berzenczey Istv\u00e1nnal k\u00f6z\u00f6sen (1740). Irod.: L\u00e9sty\u00e1n \u2013 templomok 1<\/p>\n","protected":false},"featured_media":0,"comment_status":"open","ping_status":"closed","template":"","meta":[],"product_brand":[],"product_cat":[137],"product_tag":[],"class_list":{"0":"post-11792","1":"product","2":"type-product","3":"status-publish","5":"product_cat-maros-megyei-eletrajzi-lexikon","7":"first","8":"instock","9":"shipping-taxable","10":"product-type-simple"},"_links":{"self":[{"href":"https:\/\/uj.adatbank.ro\/lexikon\/wp-json\/wp\/v2\/product\/11792","targetHints":{"allow":["GET"]}}],"collection":[{"href":"https:\/\/uj.adatbank.ro\/lexikon\/wp-json\/wp\/v2\/product"}],"about":[{"href":"https:\/\/uj.adatbank.ro\/lexikon\/wp-json\/wp\/v2\/types\/product"}],"replies":[{"embeddable":true,"href":"https:\/\/uj.adatbank.ro\/lexikon\/wp-json\/wp\/v2\/comments?post=11792"}],"wp:attachment":[{"href":"https:\/\/uj.adatbank.ro\/lexikon\/wp-json\/wp\/v2\/media?parent=11792"}],"wp:term":[{"taxonomy":"product_brand","embeddable":true,"href":"https:\/\/uj.adatbank.ro\/lexikon\/wp-json\/wp\/v2\/product_brand?post=11792"},{"taxonomy":"product_cat","embeddable":true,"href":"https:\/\/uj.adatbank.ro\/lexikon\/wp-json\/wp\/v2\/product_cat?post=11792"},{"taxonomy":"product_tag","embeddable":true,"href":"https:\/\/uj.adatbank.ro\/lexikon\/wp-json\/wp\/v2\/product_tag?post=11792"}],"curies":[{"name":"wp","href":"https:\/\/api.w.org\/{rel}","templated":true}]}}