{"id":11796,"date":"2025-06-29T14:05:14","date_gmt":"2025-06-29T12:05:14","guid":{"rendered":"https:\/\/uj.adatbank.ro\/lexikon\/termek\/kereszturi-mihaly\/"},"modified":"2025-06-29T14:05:14","modified_gmt":"2025-06-29T12:05:14","slug":"kereszturi-mihaly","status":"publish","type":"product","link":"https:\/\/uj.adatbank.ro\/lexikon\/termek\/kereszturi-mihaly\/","title":{"rendered":"KERESZT\u00daRI Mih\u00e1ly"},"content":{"rendered":"<p>? \u2020 ? : ref. lelkip\u00e1sztor. \u2013 Tan\u00edt\u00f3 Gog\u00e1nban (1650); a mv.-i V\u00e1rtemplomban ref. lelk\u00e9sz (1668) <br \/><strong>Irod.:<\/strong> Keszeg; K\u00fck\u00fcll\u0151i Ref. Egyh\u00e1zm. 2<\/br><\/p>\n","protected":false},"excerpt":{"rendered":"<p>? \u2020 ? : ref. lelkip\u00e1sztor. \u2013 Tan\u00edt\u00f3 Gog\u00e1nban (1650); a mv.-i V\u00e1rtemplomban ref. lelk\u00e9sz (1668) Irod.: Keszeg; K\u00fck\u00fcll\u0151i Ref. Egyh\u00e1zm. 2<\/p>\n","protected":false},"featured_media":0,"comment_status":"open","ping_status":"closed","template":"","meta":[],"product_brand":[],"product_cat":[137],"product_tag":[],"class_list":{"0":"post-11796","1":"product","2":"type-product","3":"status-publish","5":"product_cat-maros-megyei-eletrajzi-lexikon","7":"first","8":"instock","9":"shipping-taxable","10":"product-type-simple"},"_links":{"self":[{"href":"https:\/\/uj.adatbank.ro\/lexikon\/wp-json\/wp\/v2\/product\/11796","targetHints":{"allow":["GET"]}}],"collection":[{"href":"https:\/\/uj.adatbank.ro\/lexikon\/wp-json\/wp\/v2\/product"}],"about":[{"href":"https:\/\/uj.adatbank.ro\/lexikon\/wp-json\/wp\/v2\/types\/product"}],"replies":[{"embeddable":true,"href":"https:\/\/uj.adatbank.ro\/lexikon\/wp-json\/wp\/v2\/comments?post=11796"}],"wp:attachment":[{"href":"https:\/\/uj.adatbank.ro\/lexikon\/wp-json\/wp\/v2\/media?parent=11796"}],"wp:term":[{"taxonomy":"product_brand","embeddable":true,"href":"https:\/\/uj.adatbank.ro\/lexikon\/wp-json\/wp\/v2\/product_brand?post=11796"},{"taxonomy":"product_cat","embeddable":true,"href":"https:\/\/uj.adatbank.ro\/lexikon\/wp-json\/wp\/v2\/product_cat?post=11796"},{"taxonomy":"product_tag","embeddable":true,"href":"https:\/\/uj.adatbank.ro\/lexikon\/wp-json\/wp\/v2\/product_tag?post=11796"}],"curies":[{"name":"wp","href":"https:\/\/api.w.org\/{rel}","templated":true}]}}