{"id":11797,"date":"2025-06-29T14:05:17","date_gmt":"2025-06-29T12:05:17","guid":{"rendered":"https:\/\/uj.adatbank.ro\/lexikon\/termek\/kereszturi-mihaly-berekereszturi\/"},"modified":"2025-06-29T14:05:17","modified_gmt":"2025-06-29T12:05:17","slug":"kereszturi-mihaly-berekereszturi","status":"publish","type":"product","link":"https:\/\/uj.adatbank.ro\/lexikon\/termek\/kereszturi-mihaly-berekereszturi\/","title":{"rendered":"Kereszt\u00farI Mih\u00e1ly, berekereszt\u00fari"},"content":{"rendered":"<p>? \u2020 ?: K. Mikl\u00f3s fia, Marossz\u00e9k \u00fcln\u00f6ke, f\u0151kir\u00e1lyb\u00edr\u00e1ja (1733-t\u00f3l). <br \/><strong>Irod.:<\/strong> P\u00e1lmay.<\/br><\/p>\n","protected":false},"excerpt":{"rendered":"<p>? \u2020 ?: K. Mikl\u00f3s fia, Marossz\u00e9k \u00fcln\u00f6ke, f\u0151kir\u00e1lyb\u00edr\u00e1ja (1733-t\u00f3l). Irod.: P\u00e1lmay.<\/p>\n","protected":false},"featured_media":0,"comment_status":"open","ping_status":"closed","template":"","meta":[],"product_brand":[],"product_cat":[137],"product_tag":[],"class_list":{"0":"post-11797","1":"product","2":"type-product","3":"status-publish","5":"product_cat-maros-megyei-eletrajzi-lexikon","7":"first","8":"instock","9":"shipping-taxable","10":"product-type-simple"},"_links":{"self":[{"href":"https:\/\/uj.adatbank.ro\/lexikon\/wp-json\/wp\/v2\/product\/11797","targetHints":{"allow":["GET"]}}],"collection":[{"href":"https:\/\/uj.adatbank.ro\/lexikon\/wp-json\/wp\/v2\/product"}],"about":[{"href":"https:\/\/uj.adatbank.ro\/lexikon\/wp-json\/wp\/v2\/types\/product"}],"replies":[{"embeddable":true,"href":"https:\/\/uj.adatbank.ro\/lexikon\/wp-json\/wp\/v2\/comments?post=11797"}],"wp:attachment":[{"href":"https:\/\/uj.adatbank.ro\/lexikon\/wp-json\/wp\/v2\/media?parent=11797"}],"wp:term":[{"taxonomy":"product_brand","embeddable":true,"href":"https:\/\/uj.adatbank.ro\/lexikon\/wp-json\/wp\/v2\/product_brand?post=11797"},{"taxonomy":"product_cat","embeddable":true,"href":"https:\/\/uj.adatbank.ro\/lexikon\/wp-json\/wp\/v2\/product_cat?post=11797"},{"taxonomy":"product_tag","embeddable":true,"href":"https:\/\/uj.adatbank.ro\/lexikon\/wp-json\/wp\/v2\/product_tag?post=11797"}],"curies":[{"name":"wp","href":"https:\/\/api.w.org\/{rel}","templated":true}]}}