{"id":11799,"date":"2025-06-29T14:05:21","date_gmt":"2025-06-29T12:05:21","guid":{"rendered":"https:\/\/uj.adatbank.ro\/lexikon\/termek\/kereszturi-miklos-berekereszturi-id\/"},"modified":"2025-06-29T14:05:21","modified_gmt":"2025-06-29T12:05:21","slug":"kereszturi-miklos-berekereszturi-id","status":"publish","type":"product","link":"https:\/\/uj.adatbank.ro\/lexikon\/termek\/kereszturi-miklos-berekereszturi-id\/","title":{"rendered":"Kereszt\u00farI Mikl\u00f3s, berekereszt\u00fari, id"},"content":{"rendered":"<p>? \u2020 1743: jog\u00e1sz, f\u0151kir\u00e1lyb\u00edr\u00f3. \u2013 Fia: K. Mikl\u00f3s. \u2013 Apor P\u00e9ter tanul\u00f3t\u00e1rsa \u00e9s bar\u00e1tja volt. Marossz\u00e9k f\u0151 kir\u00e1lyb\u00edr\u00e1j\u00e1v\u00e1 v\u00e1lasztott\u00e1k (1716. dec. 19.) \u00e9s a Ny\u00e1r\u00e1dszered\u00e1n tartott ogy.-en gr. Toldalagi J\u00e1nos iktatta be (1718. jan. 4.), R\u00e9szt vett a mv.-i gener\u00e1lis congregation (1718. jan. 4.), majd a mv. &#8211; i v\u00e1rosi tiszt\u00faj\u00edt\u00f3 \u0171l\u00e9s\u00e9n (1731. okt. 27). A Maros-sz\u00e9ki esperess\u00e9g f\u0151kur\u00e1tora. A mv.-i jezsuit\u00e1knak aj\u00e1nd\u00e9kozta (1720) templom\u00e9p\u00edt\u00e9s c\u00e9lj\u00e1b\u00f3l a Nagypiac d\u00e9lkeleti szeglet\u00e9n lev\u0151 telk\u00e9t (1720). Itt \u00e9p\u00fclt fel a mai Keresztel\u0151 Szent J\u00e1nos Pl\u00e9b\u00e1niatemplom. A mikh\u00e1zi temet\u0151i fak\u00e1polna \u00e9p\u00edttet\u0151je, P\u00e1duai Szent Antal tisztelet\u00e9re (1728). <br \/><strong>Irod.:<\/strong> Id\u0151t\u00e1r 1; Kr\u00f3n F\u00fcz. (1940. 4\/10); Mv.-i Pl\u00e9b\u00e1nia; L\u00e9sty\u00e1n \u2013 templomok 1.; P\u00e1l-Antal; P\u00e1lmay; Pesty 2014; Rugonfalvi Kiss; Sepsisz\u00e9ki<\/br><\/p>\n","protected":false},"excerpt":{"rendered":"<p>? \u2020 1743: jog\u00e1sz, f\u0151kir\u00e1lyb\u00edr\u00f3. \u2013 Fia: K. Mikl\u00f3s. \u2013 Apor P\u00e9ter tanul\u00f3t\u00e1rsa \u00e9s bar\u00e1tja volt. Marossz\u00e9k f\u0151 kir\u00e1lyb\u00edr\u00e1j\u00e1v\u00e1 v\u00e1lasztott\u00e1k (1716. dec. 19.) \u00e9s a Ny\u00e1r\u00e1dszered\u00e1n tartott ogy.-en gr. Toldalagi J\u00e1nos iktatta be (1718. jan. 4.), R\u00e9szt vett a mv.-i gener\u00e1lis congregation (1718. jan. 4.), majd a mv. &#8211; i v\u00e1rosi tiszt\u00faj\u00edt\u00f3 \u0171l\u00e9s\u00e9n (1731. okt. [&hellip;]<\/p>\n","protected":false},"featured_media":0,"comment_status":"open","ping_status":"closed","template":"","meta":[],"product_brand":[],"product_cat":[137],"product_tag":[],"class_list":{"0":"post-11799","1":"product","2":"type-product","3":"status-publish","5":"product_cat-maros-megyei-eletrajzi-lexikon","7":"first","8":"instock","9":"shipping-taxable","10":"product-type-simple"},"_links":{"self":[{"href":"https:\/\/uj.adatbank.ro\/lexikon\/wp-json\/wp\/v2\/product\/11799","targetHints":{"allow":["GET"]}}],"collection":[{"href":"https:\/\/uj.adatbank.ro\/lexikon\/wp-json\/wp\/v2\/product"}],"about":[{"href":"https:\/\/uj.adatbank.ro\/lexikon\/wp-json\/wp\/v2\/types\/product"}],"replies":[{"embeddable":true,"href":"https:\/\/uj.adatbank.ro\/lexikon\/wp-json\/wp\/v2\/comments?post=11799"}],"wp:attachment":[{"href":"https:\/\/uj.adatbank.ro\/lexikon\/wp-json\/wp\/v2\/media?parent=11799"}],"wp:term":[{"taxonomy":"product_brand","embeddable":true,"href":"https:\/\/uj.adatbank.ro\/lexikon\/wp-json\/wp\/v2\/product_brand?post=11799"},{"taxonomy":"product_cat","embeddable":true,"href":"https:\/\/uj.adatbank.ro\/lexikon\/wp-json\/wp\/v2\/product_cat?post=11799"},{"taxonomy":"product_tag","embeddable":true,"href":"https:\/\/uj.adatbank.ro\/lexikon\/wp-json\/wp\/v2\/product_tag?post=11799"}],"curies":[{"name":"wp","href":"https:\/\/api.w.org\/{rel}","templated":true}]}}