{"id":11803,"date":"2025-06-29T14:05:30","date_gmt":"2025-06-29T12:05:30","guid":{"rendered":"https:\/\/uj.adatbank.ro\/lexikon\/termek\/kertes-ioan-onucu-lui-sandor-pistoaie\/"},"modified":"2025-06-29T14:05:30","modified_gmt":"2025-06-29T12:05:30","slug":"kertes-ioan-onucu-lui-sandor-pistoaie","status":"publish","type":"product","link":"https:\/\/uj.adatbank.ro\/lexikon\/termek\/kertes-ioan-onucu-lui-sandor-pistoaie\/","title":{"rendered":"KERTES, Ioan, Onucu Lui S\u00e1ndor Pi\u015ftoaie"},"content":{"rendered":"<p>Uzdiszentp\u00e9ter (Maros), 1915 \u2020 Uzdiszentp\u00e9ter, 2001.: gazd\u00e1lkod\u00f3 \u00e9s cip\u00e9sz. \u2013 Besorozt\u00e1k (1936) \u00e9s t\u00edz \u00e9vig volt katona \u00e9s hadifogoly (1946). A 3. Hat\u00e1r\u0151r Ezredhez ker\u00fclt, \u00e1lland\u00f3an a hat\u00e1rn\u00e1l volt a Dnyesztern\u00e9l. \u00c1thelyezt\u00e9k a 3. Hegyi Vad\u00e1szezredhez Brass\u00f3ba (1941). R\u00e9szt vett a Krimi harcokban, Szevasztopol megsz\u00e1ll\u00e1s\u00e1n\u00e1l, majd \u00e1tsz\u00e1ll\u00edtott\u00e1ka a Kauk\u00e1zusba. A krimi visszavonul\u00e1s k\u00f6zben fogs\u00e1gba esett, \u00e9s t\u00f6bb mint k\u00e9t \u00e9vig dolgozott Szevasztopol \u00fajj\u00e1\u00e9p\u00edt\u00e9s\u00e9n\u00e9l. A fogs\u00e1gb\u00f3l szabadulva (1946) k\u00f6r\u00fclm\u00e9nyesen \u00e9rt haza. Otthon gazd\u00e1lkod\u00e1ssal foglalkozott. <br \/><strong>Irod.:<\/strong> Radu. Ioan T.: S\u00e2npetru de C\u00e2mpie, Studiu Monografic, 2005)<\/br><\/p>\n","protected":false},"excerpt":{"rendered":"<p>Uzdiszentp\u00e9ter (Maros), 1915 \u2020 Uzdiszentp\u00e9ter, 2001.: gazd\u00e1lkod\u00f3 \u00e9s cip\u00e9sz. \u2013 Besorozt\u00e1k (1936) \u00e9s t\u00edz \u00e9vig volt katona \u00e9s hadifogoly (1946). A 3. Hat\u00e1r\u0151r Ezredhez ker\u00fclt, \u00e1lland\u00f3an a hat\u00e1rn\u00e1l volt a Dnyesztern\u00e9l. \u00c1thelyezt\u00e9k a 3. Hegyi Vad\u00e1szezredhez Brass\u00f3ba (1941). R\u00e9szt vett a Krimi harcokban, Szevasztopol megsz\u00e1ll\u00e1s\u00e1n\u00e1l, majd \u00e1tsz\u00e1ll\u00edtott\u00e1ka a Kauk\u00e1zusba. A krimi visszavonul\u00e1s k\u00f6zben fogs\u00e1gba esett, [&hellip;]<\/p>\n","protected":false},"featured_media":0,"comment_status":"open","ping_status":"closed","template":"","meta":[],"product_brand":[],"product_cat":[137],"product_tag":[],"class_list":{"0":"post-11803","1":"product","2":"type-product","3":"status-publish","5":"product_cat-maros-megyei-eletrajzi-lexikon","7":"first","8":"instock","9":"shipping-taxable","10":"product-type-simple"},"_links":{"self":[{"href":"https:\/\/uj.adatbank.ro\/lexikon\/wp-json\/wp\/v2\/product\/11803","targetHints":{"allow":["GET"]}}],"collection":[{"href":"https:\/\/uj.adatbank.ro\/lexikon\/wp-json\/wp\/v2\/product"}],"about":[{"href":"https:\/\/uj.adatbank.ro\/lexikon\/wp-json\/wp\/v2\/types\/product"}],"replies":[{"embeddable":true,"href":"https:\/\/uj.adatbank.ro\/lexikon\/wp-json\/wp\/v2\/comments?post=11803"}],"wp:attachment":[{"href":"https:\/\/uj.adatbank.ro\/lexikon\/wp-json\/wp\/v2\/media?parent=11803"}],"wp:term":[{"taxonomy":"product_brand","embeddable":true,"href":"https:\/\/uj.adatbank.ro\/lexikon\/wp-json\/wp\/v2\/product_brand?post=11803"},{"taxonomy":"product_cat","embeddable":true,"href":"https:\/\/uj.adatbank.ro\/lexikon\/wp-json\/wp\/v2\/product_cat?post=11803"},{"taxonomy":"product_tag","embeddable":true,"href":"https:\/\/uj.adatbank.ro\/lexikon\/wp-json\/wp\/v2\/product_tag?post=11803"}],"curies":[{"name":"wp","href":"https:\/\/api.w.org\/{rel}","templated":true}]}}