{"id":11804,"date":"2025-06-29T14:05:31","date_gmt":"2025-06-29T12:05:31","guid":{"rendered":"https:\/\/uj.adatbank.ro\/lexikon\/termek\/kertesz-akos\/"},"modified":"2025-06-29T14:05:31","modified_gmt":"2025-06-29T12:05:31","slug":"kertesz-akos","status":"publish","type":"product","link":"https:\/\/uj.adatbank.ro\/lexikon\/termek\/kertesz-akos\/","title":{"rendered":"KERT\u00c9SZ \u00c1kos"},"content":{"rendered":"<p>? \u2020 ?. \u2013 szerkeszt\u0151. \u2013 A Mv.-en megjelent Sport-Riport majd Riport (1936\u201340) c. lap felel\u0151s szerkeszt\u0151je volt. \u2013 <strong>F. m.:<\/strong> antol\u00f3gi\u00e1ban: Cot la cot-V\u00e1llvetve (Mv., 1936). <br \/><strong>Irod.:<\/strong> F\u00fcl\u00f6p\u2013Ferencz; RMIL<\/br><\/p>\n","protected":false},"excerpt":{"rendered":"<p>? \u2020 ?. \u2013 szerkeszt\u0151. \u2013 A Mv.-en megjelent Sport-Riport majd Riport (1936\u201340) c. lap felel\u0151s szerkeszt\u0151je volt. \u2013 F. m.: antol\u00f3gi\u00e1ban: Cot la cot-V\u00e1llvetve (Mv., 1936). Irod.: F\u00fcl\u00f6p\u2013Ferencz; RMIL<\/p>\n","protected":false},"featured_media":0,"comment_status":"open","ping_status":"closed","template":"","meta":[],"product_brand":[],"product_cat":[137],"product_tag":[],"class_list":{"0":"post-11804","1":"product","2":"type-product","3":"status-publish","5":"product_cat-maros-megyei-eletrajzi-lexikon","7":"first","8":"instock","9":"shipping-taxable","10":"product-type-simple"},"_links":{"self":[{"href":"https:\/\/uj.adatbank.ro\/lexikon\/wp-json\/wp\/v2\/product\/11804","targetHints":{"allow":["GET"]}}],"collection":[{"href":"https:\/\/uj.adatbank.ro\/lexikon\/wp-json\/wp\/v2\/product"}],"about":[{"href":"https:\/\/uj.adatbank.ro\/lexikon\/wp-json\/wp\/v2\/types\/product"}],"replies":[{"embeddable":true,"href":"https:\/\/uj.adatbank.ro\/lexikon\/wp-json\/wp\/v2\/comments?post=11804"}],"wp:attachment":[{"href":"https:\/\/uj.adatbank.ro\/lexikon\/wp-json\/wp\/v2\/media?parent=11804"}],"wp:term":[{"taxonomy":"product_brand","embeddable":true,"href":"https:\/\/uj.adatbank.ro\/lexikon\/wp-json\/wp\/v2\/product_brand?post=11804"},{"taxonomy":"product_cat","embeddable":true,"href":"https:\/\/uj.adatbank.ro\/lexikon\/wp-json\/wp\/v2\/product_cat?post=11804"},{"taxonomy":"product_tag","embeddable":true,"href":"https:\/\/uj.adatbank.ro\/lexikon\/wp-json\/wp\/v2\/product_tag?post=11804"}],"curies":[{"name":"wp","href":"https:\/\/api.w.org\/{rel}","templated":true}]}}