{"id":11806,"date":"2025-06-29T14:05:34","date_gmt":"2025-06-29T12:05:34","guid":{"rendered":"https:\/\/uj.adatbank.ro\/lexikon\/termek\/kertesz-arpad\/"},"modified":"2025-06-29T14:05:34","modified_gmt":"2025-06-29T12:05:34","slug":"kertesz-arpad","status":"publish","type":"product","link":"https:\/\/uj.adatbank.ro\/lexikon\/termek\/kertesz-arpad\/","title":{"rendered":"KERT\u00c9SZ \u00c1rp\u00e1d"},"content":{"rendered":"<p>? \u2020 ? : jog\u00e1sz. \u2013 Dr. J\u00e1r\u00e1sb\u00edr\u00f3 majd t\u00f6rv\u00e9nysz\u00e9ki eln\u00f6k volt Mv.-en. Feles\u00e9ge sz\u00e9kesi Horv\u00e1th Ir\u00e9n (\u2020 Parajd, 1928. okt.). <br \/><strong>Irod.:<\/strong> Sipos. [K. \u00c1rp\u00e1dn\u00e9, Horv\u00e1th Ir\u00e9n nekrol\u00f3gja] (Maros, 1928. okt. 23.)<\/br><\/p>\n","protected":false},"excerpt":{"rendered":"<p>? \u2020 ? : jog\u00e1sz. \u2013 Dr. J\u00e1r\u00e1sb\u00edr\u00f3 majd t\u00f6rv\u00e9nysz\u00e9ki eln\u00f6k volt Mv.-en. Feles\u00e9ge sz\u00e9kesi Horv\u00e1th Ir\u00e9n (\u2020 Parajd, 1928. okt.). Irod.: Sipos. [K. \u00c1rp\u00e1dn\u00e9, Horv\u00e1th Ir\u00e9n nekrol\u00f3gja] (Maros, 1928. okt. 23.)<\/p>\n","protected":false},"featured_media":0,"comment_status":"open","ping_status":"closed","template":"","meta":[],"product_brand":[],"product_cat":[137],"product_tag":[],"class_list":{"0":"post-11806","1":"product","2":"type-product","3":"status-publish","5":"product_cat-maros-megyei-eletrajzi-lexikon","7":"first","8":"instock","9":"shipping-taxable","10":"product-type-simple"},"_links":{"self":[{"href":"https:\/\/uj.adatbank.ro\/lexikon\/wp-json\/wp\/v2\/product\/11806","targetHints":{"allow":["GET"]}}],"collection":[{"href":"https:\/\/uj.adatbank.ro\/lexikon\/wp-json\/wp\/v2\/product"}],"about":[{"href":"https:\/\/uj.adatbank.ro\/lexikon\/wp-json\/wp\/v2\/types\/product"}],"replies":[{"embeddable":true,"href":"https:\/\/uj.adatbank.ro\/lexikon\/wp-json\/wp\/v2\/comments?post=11806"}],"wp:attachment":[{"href":"https:\/\/uj.adatbank.ro\/lexikon\/wp-json\/wp\/v2\/media?parent=11806"}],"wp:term":[{"taxonomy":"product_brand","embeddable":true,"href":"https:\/\/uj.adatbank.ro\/lexikon\/wp-json\/wp\/v2\/product_brand?post=11806"},{"taxonomy":"product_cat","embeddable":true,"href":"https:\/\/uj.adatbank.ro\/lexikon\/wp-json\/wp\/v2\/product_cat?post=11806"},{"taxonomy":"product_tag","embeddable":true,"href":"https:\/\/uj.adatbank.ro\/lexikon\/wp-json\/wp\/v2\/product_tag?post=11806"}],"curies":[{"name":"wp","href":"https:\/\/api.w.org\/{rel}","templated":true}]}}