{"id":11807,"date":"2025-06-29T14:05:35","date_gmt":"2025-06-29T12:05:35","guid":{"rendered":"https:\/\/uj.adatbank.ro\/lexikon\/termek\/kertesz-endre\/"},"modified":"2025-06-29T14:05:35","modified_gmt":"2025-06-29T12:05:35","slug":"kertesz-endre","status":"publish","type":"product","link":"https:\/\/uj.adatbank.ro\/lexikon\/termek\/kertesz-endre\/","title":{"rendered":"KERT\u00c9SZ Endre"},"content":{"rendered":"<p>Kv., 1924. nov. 15., \u2020 Mv., 1985. aug. 1.: orvos, szak\u00edr\u00f3. A kv.-i h\u00e1zsong\u00e1rdi temet\u0151ben nyugszik. \u2013 \u00c9retts\u00e9gizett sz\u00fcl\u0151v\u00e1ros\u00e1ban a Zsid\u00f3 Lic.-ban (1943); orvosi diplom\u00e1j\u00e1t a MOGYI-n szerezte (1949). A mv.-i Radiol\u00f3giai Klinik\u00e1n gyakornok, tan\u00e1rseg\u00e9d, adjunktus az Onkol\u00f3giai Klinika oszt\u00e1lyvezet\u0151 radiol\u00f3gus f\u0151orvosa, az orvostudom\u00e1nyok doktora (1967). Szakdolgozatait az Orvosi Szemle-Revista Medical\u0103, Via\u0163a Medical\u0103, Orvosi Hetilap, a torinoi Minerva, Medica \u00e9s m\u00e1s szaklapok k\u00f6z\u00f6lt\u00e9k. \u2013 <strong>F. m.:<\/strong> <strong>t\u00e1rssz.:<\/strong> Radiol\u00f3gia, r\u00f6ntgendiagnosztika \u00e9s sug\u00e1rter\u00e1pia (Mv., 1957, 1960); Radiol\u00f3giai jegyzet (Mv., 1960, 1976), Klinikai radiol\u00f3gia (Mv., ). <br \/><strong>Irod.:<\/strong> EMKK; Genersich; [Nekrol\u00f3g] (V. Z., 1985. aug. 2.), Barab\u00e1s-P\u00e9ter M.\u2013P\u00e9ter H. M.; RMIL; RMKK; Sz\u00f6ll\u0151si 2009<\/br><\/p>\n","protected":false},"excerpt":{"rendered":"<p>Kv., 1924. nov. 15., \u2020 Mv., 1985. aug. 1.: orvos, szak\u00edr\u00f3. A kv.-i h\u00e1zsong\u00e1rdi temet\u0151ben nyugszik. \u2013 \u00c9retts\u00e9gizett sz\u00fcl\u0151v\u00e1ros\u00e1ban a Zsid\u00f3 Lic.-ban (1943); orvosi diplom\u00e1j\u00e1t a MOGYI-n szerezte (1949). A mv.-i Radiol\u00f3giai Klinik\u00e1n gyakornok, tan\u00e1rseg\u00e9d, adjunktus az Onkol\u00f3giai Klinika oszt\u00e1lyvezet\u0151 radiol\u00f3gus f\u0151orvosa, az orvostudom\u00e1nyok doktora (1967). Szakdolgozatait az Orvosi Szemle-Revista Medical\u0103, Via\u0163a Medical\u0103, Orvosi Hetilap, [&hellip;]<\/p>\n","protected":false},"featured_media":0,"comment_status":"open","ping_status":"closed","template":"","meta":[],"product_brand":[],"product_cat":[137],"product_tag":[],"class_list":{"0":"post-11807","1":"product","2":"type-product","3":"status-publish","5":"product_cat-maros-megyei-eletrajzi-lexikon","7":"first","8":"instock","9":"shipping-taxable","10":"product-type-simple"},"_links":{"self":[{"href":"https:\/\/uj.adatbank.ro\/lexikon\/wp-json\/wp\/v2\/product\/11807","targetHints":{"allow":["GET"]}}],"collection":[{"href":"https:\/\/uj.adatbank.ro\/lexikon\/wp-json\/wp\/v2\/product"}],"about":[{"href":"https:\/\/uj.adatbank.ro\/lexikon\/wp-json\/wp\/v2\/types\/product"}],"replies":[{"embeddable":true,"href":"https:\/\/uj.adatbank.ro\/lexikon\/wp-json\/wp\/v2\/comments?post=11807"}],"wp:attachment":[{"href":"https:\/\/uj.adatbank.ro\/lexikon\/wp-json\/wp\/v2\/media?parent=11807"}],"wp:term":[{"taxonomy":"product_brand","embeddable":true,"href":"https:\/\/uj.adatbank.ro\/lexikon\/wp-json\/wp\/v2\/product_brand?post=11807"},{"taxonomy":"product_cat","embeddable":true,"href":"https:\/\/uj.adatbank.ro\/lexikon\/wp-json\/wp\/v2\/product_cat?post=11807"},{"taxonomy":"product_tag","embeddable":true,"href":"https:\/\/uj.adatbank.ro\/lexikon\/wp-json\/wp\/v2\/product_tag?post=11807"}],"curies":[{"name":"wp","href":"https:\/\/api.w.org\/{rel}","templated":true}]}}