{"id":11809,"date":"2025-06-29T14:05:40","date_gmt":"2025-06-29T12:05:40","guid":{"rendered":"https:\/\/uj.adatbank.ro\/lexikon\/termek\/kertesz-jozsef\/"},"modified":"2025-06-29T14:05:40","modified_gmt":"2025-06-29T12:05:40","slug":"kertesz-jozsef","status":"publish","type":"product","link":"https:\/\/uj.adatbank.ro\/lexikon\/termek\/kertesz-jozsef\/","title":{"rendered":"KERT\u00c9SZ J\u00f3zsef"},"content":{"rendered":"<p>1822. jan. 6., \u2020 ? 1888. \u00e1pr. 26.: ref. lelk\u00e9sz. \u2013 Feles\u00e9ge: Hints Katalin (1824-?). \u2013 Ref. lelkip\u00e1sztor volt G\u00f6rg\u00e9nyszentimr\u00e9n (1848. oct. 4. &#8211; 1864. nov. 24.) \u00e9s Erd\u0151csin\u00e1don (1864. nov. 25. \u2013 1888. \u00e1pr. 26.), valamint Kisilly\u00e9n a fili\u00e1l\u00e9ban. <br \/><strong>Irod.:<\/strong> B\u00f6jthe Andor: A G\u00f6rg\u00e9nyi ev. ref. egyh\u00e1zmegye t\u00f6rt\u00e9nete [k\u00e9zirat]<\/br><\/p>\n","protected":false},"excerpt":{"rendered":"<p>1822. jan. 6., \u2020 ? 1888. \u00e1pr. 26.: ref. lelk\u00e9sz. \u2013 Feles\u00e9ge: Hints Katalin (1824-?). \u2013 Ref. lelkip\u00e1sztor volt G\u00f6rg\u00e9nyszentimr\u00e9n (1848. oct. 4. &#8211; 1864. nov. 24.) \u00e9s Erd\u0151csin\u00e1don (1864. nov. 25. \u2013 1888. \u00e1pr. 26.), valamint Kisilly\u00e9n a fili\u00e1l\u00e9ban. Irod.: B\u00f6jthe Andor: A G\u00f6rg\u00e9nyi ev. ref. egyh\u00e1zmegye t\u00f6rt\u00e9nete [k\u00e9zirat]<\/p>\n","protected":false},"featured_media":0,"comment_status":"open","ping_status":"closed","template":"","meta":[],"product_brand":[],"product_cat":[137],"product_tag":[],"class_list":{"0":"post-11809","1":"product","2":"type-product","3":"status-publish","5":"product_cat-maros-megyei-eletrajzi-lexikon","7":"first","8":"instock","9":"shipping-taxable","10":"product-type-simple"},"_links":{"self":[{"href":"https:\/\/uj.adatbank.ro\/lexikon\/wp-json\/wp\/v2\/product\/11809","targetHints":{"allow":["GET"]}}],"collection":[{"href":"https:\/\/uj.adatbank.ro\/lexikon\/wp-json\/wp\/v2\/product"}],"about":[{"href":"https:\/\/uj.adatbank.ro\/lexikon\/wp-json\/wp\/v2\/types\/product"}],"replies":[{"embeddable":true,"href":"https:\/\/uj.adatbank.ro\/lexikon\/wp-json\/wp\/v2\/comments?post=11809"}],"wp:attachment":[{"href":"https:\/\/uj.adatbank.ro\/lexikon\/wp-json\/wp\/v2\/media?parent=11809"}],"wp:term":[{"taxonomy":"product_brand","embeddable":true,"href":"https:\/\/uj.adatbank.ro\/lexikon\/wp-json\/wp\/v2\/product_brand?post=11809"},{"taxonomy":"product_cat","embeddable":true,"href":"https:\/\/uj.adatbank.ro\/lexikon\/wp-json\/wp\/v2\/product_cat?post=11809"},{"taxonomy":"product_tag","embeddable":true,"href":"https:\/\/uj.adatbank.ro\/lexikon\/wp-json\/wp\/v2\/product_tag?post=11809"}],"curies":[{"name":"wp","href":"https:\/\/api.w.org\/{rel}","templated":true}]}}