{"id":11810,"date":"2025-06-29T14:05:42","date_gmt":"2025-06-29T12:05:42","guid":{"rendered":"https:\/\/uj.adatbank.ro\/lexikon\/termek\/kertesz-jozsef-2\/"},"modified":"2025-06-29T14:05:42","modified_gmt":"2025-06-29T12:05:42","slug":"kertesz-jozsef-2","status":"publish","type":"product","link":"https:\/\/uj.adatbank.ro\/lexikon\/termek\/kertesz-jozsef-2\/","title":{"rendered":"KERT\u00c9SZ J\u00f3zsef"},"content":{"rendered":"<p>1872., \u2020 Kv., 1943. dec. 29.: tan\u00edt\u00f3. \u2013 Igazgat\u00f3-tan\u00edt\u00f3 Sz\u00e1szr\u00e9genben; az 1900-as \u00e9vek elej\u00e9n Buk.-ben, Kv.-on tan\u00edtott (1900-as \u00e9vek elej\u00e9n). Cikkei : Etnogr\u00e1fia, Erd\u00e9lyi Protest\u00e1ns Lapok, Ellenz\u00e9k, N\u00e9ptan\u00edt\u00f3k Lapja, Csal\u00e1d \u00e9s Iskola-ban. Szerkesztette a R\u00e9genvid\u00e9k c. lapot (1899\u20131904). <br \/><strong>Irod.:<\/strong> B\u00edr\u00f3 Don\u00e1t; Guly\u00e1s; Szab\u00f3 Mih\u00e1ly: A r\u00e9geni sajt\u00f3 t\u00f6rt\u00e9net\u00e9b\u0151l (1.) (V. Z., 1983. m\u00e1rc. 20.)<\/br><\/p>\n","protected":false},"excerpt":{"rendered":"<p>1872., \u2020 Kv., 1943. dec. 29.: tan\u00edt\u00f3. \u2013 Igazgat\u00f3-tan\u00edt\u00f3 Sz\u00e1szr\u00e9genben; az 1900-as \u00e9vek elej\u00e9n Buk.-ben, Kv.-on tan\u00edtott (1900-as \u00e9vek elej\u00e9n). Cikkei : Etnogr\u00e1fia, Erd\u00e9lyi Protest\u00e1ns Lapok, Ellenz\u00e9k, N\u00e9ptan\u00edt\u00f3k Lapja, Csal\u00e1d \u00e9s Iskola-ban. Szerkesztette a R\u00e9genvid\u00e9k c. lapot (1899\u20131904). Irod.: B\u00edr\u00f3 Don\u00e1t; Guly\u00e1s; Szab\u00f3 Mih\u00e1ly: A r\u00e9geni sajt\u00f3 t\u00f6rt\u00e9net\u00e9b\u0151l (1.) (V. Z., 1983. m\u00e1rc. 20.)<\/p>\n","protected":false},"featured_media":0,"comment_status":"open","ping_status":"closed","template":"","meta":[],"product_brand":[],"product_cat":[137],"product_tag":[],"class_list":{"0":"post-11810","1":"product","2":"type-product","3":"status-publish","5":"product_cat-maros-megyei-eletrajzi-lexikon","7":"first","8":"instock","9":"shipping-taxable","10":"product-type-simple"},"_links":{"self":[{"href":"https:\/\/uj.adatbank.ro\/lexikon\/wp-json\/wp\/v2\/product\/11810","targetHints":{"allow":["GET"]}}],"collection":[{"href":"https:\/\/uj.adatbank.ro\/lexikon\/wp-json\/wp\/v2\/product"}],"about":[{"href":"https:\/\/uj.adatbank.ro\/lexikon\/wp-json\/wp\/v2\/types\/product"}],"replies":[{"embeddable":true,"href":"https:\/\/uj.adatbank.ro\/lexikon\/wp-json\/wp\/v2\/comments?post=11810"}],"wp:attachment":[{"href":"https:\/\/uj.adatbank.ro\/lexikon\/wp-json\/wp\/v2\/media?parent=11810"}],"wp:term":[{"taxonomy":"product_brand","embeddable":true,"href":"https:\/\/uj.adatbank.ro\/lexikon\/wp-json\/wp\/v2\/product_brand?post=11810"},{"taxonomy":"product_cat","embeddable":true,"href":"https:\/\/uj.adatbank.ro\/lexikon\/wp-json\/wp\/v2\/product_cat?post=11810"},{"taxonomy":"product_tag","embeddable":true,"href":"https:\/\/uj.adatbank.ro\/lexikon\/wp-json\/wp\/v2\/product_tag?post=11810"}],"curies":[{"name":"wp","href":"https:\/\/api.w.org\/{rel}","templated":true}]}}