{"id":11814,"date":"2025-06-29T14:05:49","date_gmt":"2025-06-29T12:05:49","guid":{"rendered":"https:\/\/uj.adatbank.ro\/lexikon\/termek\/kertso-cyrjek-kertso-cirjek\/"},"modified":"2025-06-29T14:05:49","modified_gmt":"2025-06-29T12:05:49","slug":"kertso-cyrjek-kertso-cirjek","status":"publish","type":"product","link":"https:\/\/uj.adatbank.ro\/lexikon\/termek\/kertso-cyrjek-kertso-cirjek\/","title":{"rendered":"KERTSO Cyrj\u00e9k; Kerts\u00f3 Cirj\u00e9k"},"content":{"rendered":"<p>Gyergy\u00f3szentmikl\u00f3s, 1744. szept. 15., \u2020 Mv., 1806. m\u00e1j. 10.: minorita rendi szerzetes, iskoladr\u00e1ma-\u00edr\u00f3. \u2013 Hitsz\u00f3nok volt \u00e9s gimn\u00e1ziumi tan\u00e1r Kant\u00e1ban; lelk\u00e9sz T\u00f6visen, Nagyenyeden, egyh\u00e1zjogtan\u00e1r Eperjesen; h\u00e1zf\u00f6n\u00f6k volt Mv.-en, ahol elhunyt. \u2013 <strong>F. m.:<\/strong> Vita Seraphici Sancti Patris, Francisci (Vienae, 1750); Actus Bacchanalisticus (1773); Leoninus \u00e9s Leonina (k\u00f6zj\u00e1t\u00e9ka : Borka asszony \u00e9s Gy\u00f6rgy de\u00e1k (1773, K\u00e1nt\u00e1n bemutatott iskoladr\u00e1m\u00e1k); Mulats\u00e1gos k\u00f6zben val\u00f3 j\u00e1t\u00e9kok (m. nyelven \u00edrt iskoladr\u00e1ma; kiadta Szab\u00f3 J. D\u00e1niel = Irodt\u00f6rt. K\u00f6zlem\u00e9nyek, 1918). <br \/><strong>Irod.:<\/strong> Monay: magyaro.-i \u00e9s erd\u00e9lyi minorit\u00e1k; Szinnyei; \u00daMIL<\/br><\/p>\n","protected":false},"excerpt":{"rendered":"<p>Gyergy\u00f3szentmikl\u00f3s, 1744. szept. 15., \u2020 Mv., 1806. m\u00e1j. 10.: minorita rendi szerzetes, iskoladr\u00e1ma-\u00edr\u00f3. \u2013 Hitsz\u00f3nok volt \u00e9s gimn\u00e1ziumi tan\u00e1r Kant\u00e1ban; lelk\u00e9sz T\u00f6visen, Nagyenyeden, egyh\u00e1zjogtan\u00e1r Eperjesen; h\u00e1zf\u00f6n\u00f6k volt Mv.-en, ahol elhunyt. \u2013 F. m.: Vita Seraphici Sancti Patris, Francisci (Vienae, 1750); Actus Bacchanalisticus (1773); Leoninus \u00e9s Leonina (k\u00f6zj\u00e1t\u00e9ka : Borka asszony \u00e9s Gy\u00f6rgy de\u00e1k (1773, K\u00e1nt\u00e1n [&hellip;]<\/p>\n","protected":false},"featured_media":0,"comment_status":"open","ping_status":"closed","template":"","meta":[],"product_brand":[],"product_cat":[137],"product_tag":[],"class_list":{"0":"post-11814","1":"product","2":"type-product","3":"status-publish","5":"product_cat-maros-megyei-eletrajzi-lexikon","7":"first","8":"instock","9":"shipping-taxable","10":"product-type-simple"},"_links":{"self":[{"href":"https:\/\/uj.adatbank.ro\/lexikon\/wp-json\/wp\/v2\/product\/11814","targetHints":{"allow":["GET"]}}],"collection":[{"href":"https:\/\/uj.adatbank.ro\/lexikon\/wp-json\/wp\/v2\/product"}],"about":[{"href":"https:\/\/uj.adatbank.ro\/lexikon\/wp-json\/wp\/v2\/types\/product"}],"replies":[{"embeddable":true,"href":"https:\/\/uj.adatbank.ro\/lexikon\/wp-json\/wp\/v2\/comments?post=11814"}],"wp:attachment":[{"href":"https:\/\/uj.adatbank.ro\/lexikon\/wp-json\/wp\/v2\/media?parent=11814"}],"wp:term":[{"taxonomy":"product_brand","embeddable":true,"href":"https:\/\/uj.adatbank.ro\/lexikon\/wp-json\/wp\/v2\/product_brand?post=11814"},{"taxonomy":"product_cat","embeddable":true,"href":"https:\/\/uj.adatbank.ro\/lexikon\/wp-json\/wp\/v2\/product_cat?post=11814"},{"taxonomy":"product_tag","embeddable":true,"href":"https:\/\/uj.adatbank.ro\/lexikon\/wp-json\/wp\/v2\/product_tag?post=11814"}],"curies":[{"name":"wp","href":"https:\/\/api.w.org\/{rel}","templated":true}]}}