{"id":11816,"date":"2025-06-29T14:05:52","date_gmt":"2025-06-29T12:05:52","guid":{"rendered":"https:\/\/uj.adatbank.ro\/lexikon\/termek\/kese-gyorgy-lisznyoi\/"},"modified":"2025-06-29T14:05:52","modified_gmt":"2025-06-29T12:05:52","slug":"kese-gyorgy-lisznyoi","status":"publish","type":"product","link":"https:\/\/uj.adatbank.ro\/lexikon\/termek\/kese-gyorgy-lisznyoi\/","title":{"rendered":"KESE Gy\u00f6rgy, liszny\u00f3i"},"content":{"rendered":"<p>1800.?, \u2020 Mv., 1867. jan. 6. Kisg\u00f6rg\u00e9nyben temett\u00e9k: j\u00f3sz\u00e1gigazgat\u00f3. \u2013 Feles\u00e9ge: kisg\u00f6rg\u00e9nyi Bartha Anna. \u2013 Gr. Kem\u00e9ny Mikl\u00f3s \u00e9s gr. Teleki Polix\u00e9nia j\u00f3sz\u00e1gfel\u00fcgyel\u0151je (volt 40 \u00e9ven kereszt\u00fcl). <br \/><strong>Irod.:<\/strong> Gy\u00e1szjelent.<\/br><\/p>\n","protected":false},"excerpt":{"rendered":"<p>1800.?, \u2020 Mv., 1867. jan. 6. Kisg\u00f6rg\u00e9nyben temett\u00e9k: j\u00f3sz\u00e1gigazgat\u00f3. \u2013 Feles\u00e9ge: kisg\u00f6rg\u00e9nyi Bartha Anna. \u2013 Gr. Kem\u00e9ny Mikl\u00f3s \u00e9s gr. Teleki Polix\u00e9nia j\u00f3sz\u00e1gfel\u00fcgyel\u0151je (volt 40 \u00e9ven kereszt\u00fcl). Irod.: Gy\u00e1szjelent.<\/p>\n","protected":false},"featured_media":0,"comment_status":"open","ping_status":"closed","template":"","meta":[],"product_brand":[],"product_cat":[137],"product_tag":[],"class_list":{"0":"post-11816","1":"product","2":"type-product","3":"status-publish","5":"product_cat-maros-megyei-eletrajzi-lexikon","7":"first","8":"instock","9":"shipping-taxable","10":"product-type-simple"},"_links":{"self":[{"href":"https:\/\/uj.adatbank.ro\/lexikon\/wp-json\/wp\/v2\/product\/11816","targetHints":{"allow":["GET"]}}],"collection":[{"href":"https:\/\/uj.adatbank.ro\/lexikon\/wp-json\/wp\/v2\/product"}],"about":[{"href":"https:\/\/uj.adatbank.ro\/lexikon\/wp-json\/wp\/v2\/types\/product"}],"replies":[{"embeddable":true,"href":"https:\/\/uj.adatbank.ro\/lexikon\/wp-json\/wp\/v2\/comments?post=11816"}],"wp:attachment":[{"href":"https:\/\/uj.adatbank.ro\/lexikon\/wp-json\/wp\/v2\/media?parent=11816"}],"wp:term":[{"taxonomy":"product_brand","embeddable":true,"href":"https:\/\/uj.adatbank.ro\/lexikon\/wp-json\/wp\/v2\/product_brand?post=11816"},{"taxonomy":"product_cat","embeddable":true,"href":"https:\/\/uj.adatbank.ro\/lexikon\/wp-json\/wp\/v2\/product_cat?post=11816"},{"taxonomy":"product_tag","embeddable":true,"href":"https:\/\/uj.adatbank.ro\/lexikon\/wp-json\/wp\/v2\/product_tag?post=11816"}],"curies":[{"name":"wp","href":"https:\/\/api.w.org\/{rel}","templated":true}]}}