{"id":11817,"date":"2025-06-29T14:05:54","date_gmt":"2025-06-29T12:05:54","guid":{"rendered":"https:\/\/uj.adatbank.ro\/lexikon\/termek\/kese-pal\/"},"modified":"2025-06-29T14:05:54","modified_gmt":"2025-06-29T12:05:54","slug":"kese-pal","status":"publish","type":"product","link":"https:\/\/uj.adatbank.ro\/lexikon\/termek\/kese-pal\/","title":{"rendered":"KESE P\u00e1l"},"content":{"rendered":"<p>Liszny\u00f3 (Kov\u00e1szna), 1830. jan. 13., \u2020 Nagykend, 1870. jan. 15.: ref. lelk\u00e9sz. \u2013 Tanulm\u00e1nyait Sz\u00e9kelyudvarhelyen \u00e9s Mv.-en v\u00e9gezte. Papp\u00e1 Sz\u00e9kelyudvarhelyen szentelt\u00e9k (1856). Nagykendre h\u00edvt\u00e1k lelk\u00e9sznek (1855. okt. 21.). Szolg\u00e1lata idej\u00e9n a faluban az erk\u00f6lcsi \u00e9s lelki \u00e9let hanyatl\u00e1snak indult. Szigor\u00fa int\u00e9zked\u00e9sekre volt sz\u00fcks\u00e9g a meglazult fegyelem helyre\u00e1ll\u00edt\u00e1s\u00e1\u00e9rt. Az \u0151 lelk\u00e9szs\u00e9ge ideje alatt cser\u00e9lt\u00e9k ki a templom zsindelyfedel\u00e9t b\u00e1dogra (1864). <br \/><strong>Irod.:<\/strong> Kend \u00e9s egyh\u00e1za; P\u00e9terfy 2005<\/br><\/p>\n","protected":false},"excerpt":{"rendered":"<p>Liszny\u00f3 (Kov\u00e1szna), 1830. jan. 13., \u2020 Nagykend, 1870. jan. 15.: ref. lelk\u00e9sz. \u2013 Tanulm\u00e1nyait Sz\u00e9kelyudvarhelyen \u00e9s Mv.-en v\u00e9gezte. Papp\u00e1 Sz\u00e9kelyudvarhelyen szentelt\u00e9k (1856). Nagykendre h\u00edvt\u00e1k lelk\u00e9sznek (1855. okt. 21.). Szolg\u00e1lata idej\u00e9n a faluban az erk\u00f6lcsi \u00e9s lelki \u00e9let hanyatl\u00e1snak indult. Szigor\u00fa int\u00e9zked\u00e9sekre volt sz\u00fcks\u00e9g a meglazult fegyelem helyre\u00e1ll\u00edt\u00e1s\u00e1\u00e9rt. Az \u0151 lelk\u00e9szs\u00e9ge ideje alatt cser\u00e9lt\u00e9k ki a [&hellip;]<\/p>\n","protected":false},"featured_media":0,"comment_status":"open","ping_status":"closed","template":"","meta":[],"product_brand":[],"product_cat":[137],"product_tag":[],"class_list":{"0":"post-11817","1":"product","2":"type-product","3":"status-publish","5":"product_cat-maros-megyei-eletrajzi-lexikon","7":"first","8":"instock","9":"shipping-taxable","10":"product-type-simple"},"_links":{"self":[{"href":"https:\/\/uj.adatbank.ro\/lexikon\/wp-json\/wp\/v2\/product\/11817","targetHints":{"allow":["GET"]}}],"collection":[{"href":"https:\/\/uj.adatbank.ro\/lexikon\/wp-json\/wp\/v2\/product"}],"about":[{"href":"https:\/\/uj.adatbank.ro\/lexikon\/wp-json\/wp\/v2\/types\/product"}],"replies":[{"embeddable":true,"href":"https:\/\/uj.adatbank.ro\/lexikon\/wp-json\/wp\/v2\/comments?post=11817"}],"wp:attachment":[{"href":"https:\/\/uj.adatbank.ro\/lexikon\/wp-json\/wp\/v2\/media?parent=11817"}],"wp:term":[{"taxonomy":"product_brand","embeddable":true,"href":"https:\/\/uj.adatbank.ro\/lexikon\/wp-json\/wp\/v2\/product_brand?post=11817"},{"taxonomy":"product_cat","embeddable":true,"href":"https:\/\/uj.adatbank.ro\/lexikon\/wp-json\/wp\/v2\/product_cat?post=11817"},{"taxonomy":"product_tag","embeddable":true,"href":"https:\/\/uj.adatbank.ro\/lexikon\/wp-json\/wp\/v2\/product_tag?post=11817"}],"curies":[{"name":"wp","href":"https:\/\/api.w.org\/{rel}","templated":true}]}}