{"id":11821,"date":"2025-06-29T14:06:02","date_gmt":"2025-06-29T12:06:02","guid":{"rendered":"https:\/\/uj.adatbank.ro\/lexikon\/termek\/keseru-jozsef\/"},"modified":"2025-06-29T14:06:02","modified_gmt":"2025-06-29T12:06:02","slug":"keseru-jozsef","status":"publish","type":"product","link":"https:\/\/uj.adatbank.ro\/lexikon\/termek\/keseru-jozsef\/","title":{"rendered":"KESER\u0170 J\u00f3zsef"},"content":{"rendered":"<p>1843.?, \u2020 Mv., 1889. jan. 9.: tan\u00e1r. \u2013 A mv.-i R. K. Nagygimn. tan\u00e1ra (25 \u00e9vig)., igazgat\u00f3ja (1875\u201383). Kar\u00e1cson M\u00e1rton k\u00f6vette az igazgat\u00f3i sz\u00e9kben. <br \/><strong>Irod.:<\/strong> Gy\u00e1szjelent\u0151; P\u00e1l-Antal S\u00e1ndor: A gymn\u00e1zium catholicumt\u00f3l a f\u0151gimn\u00e1ziumig  =  Eml\u00e9kk. Szab\u00f3 Mikl\u00f3s<\/br><\/p>\n","protected":false},"excerpt":{"rendered":"<p>1843.?, \u2020 Mv., 1889. jan. 9.: tan\u00e1r. \u2013 A mv.-i R. K. Nagygimn. tan\u00e1ra (25 \u00e9vig)., igazgat\u00f3ja (1875\u201383). Kar\u00e1cson M\u00e1rton k\u00f6vette az igazgat\u00f3i sz\u00e9kben. Irod.: Gy\u00e1szjelent\u0151; P\u00e1l-Antal S\u00e1ndor: A gymn\u00e1zium catholicumt\u00f3l a f\u0151gimn\u00e1ziumig = Eml\u00e9kk. Szab\u00f3 Mikl\u00f3s<\/p>\n","protected":false},"featured_media":0,"comment_status":"open","ping_status":"closed","template":"","meta":[],"product_brand":[],"product_cat":[137],"product_tag":[],"class_list":{"0":"post-11821","1":"product","2":"type-product","3":"status-publish","5":"product_cat-maros-megyei-eletrajzi-lexikon","7":"first","8":"instock","9":"shipping-taxable","10":"product-type-simple"},"_links":{"self":[{"href":"https:\/\/uj.adatbank.ro\/lexikon\/wp-json\/wp\/v2\/product\/11821","targetHints":{"allow":["GET"]}}],"collection":[{"href":"https:\/\/uj.adatbank.ro\/lexikon\/wp-json\/wp\/v2\/product"}],"about":[{"href":"https:\/\/uj.adatbank.ro\/lexikon\/wp-json\/wp\/v2\/types\/product"}],"replies":[{"embeddable":true,"href":"https:\/\/uj.adatbank.ro\/lexikon\/wp-json\/wp\/v2\/comments?post=11821"}],"wp:attachment":[{"href":"https:\/\/uj.adatbank.ro\/lexikon\/wp-json\/wp\/v2\/media?parent=11821"}],"wp:term":[{"taxonomy":"product_brand","embeddable":true,"href":"https:\/\/uj.adatbank.ro\/lexikon\/wp-json\/wp\/v2\/product_brand?post=11821"},{"taxonomy":"product_cat","embeddable":true,"href":"https:\/\/uj.adatbank.ro\/lexikon\/wp-json\/wp\/v2\/product_cat?post=11821"},{"taxonomy":"product_tag","embeddable":true,"href":"https:\/\/uj.adatbank.ro\/lexikon\/wp-json\/wp\/v2\/product_tag?post=11821"}],"curies":[{"name":"wp","href":"https:\/\/api.w.org\/{rel}","templated":true}]}}