{"id":11822,"date":"2025-06-29T14:06:04","date_gmt":"2025-06-29T12:06:04","guid":{"rendered":"https:\/\/uj.adatbank.ro\/lexikon\/termek\/keseru-jozsef-2\/"},"modified":"2025-06-29T14:06:04","modified_gmt":"2025-06-29T12:06:04","slug":"keseru-jozsef-2","status":"publish","type":"product","link":"https:\/\/uj.adatbank.ro\/lexikon\/termek\/keseru-jozsef-2\/","title":{"rendered":"KESER\u0170 J\u00f3zsef"},"content":{"rendered":"<p>Lukafalva, 1884., \u2020 ?.: gazd\u00e1lkod\u00f3. \u2013 \u00d6n\u00e1ll\u00f3 gazda (1910\u2013) Lukafalv\u00e1n, sok\u00e9vig volt a ref. egyh\u00e1z gondnoka. Az els\u0151 vh.-ban a 62. gy. ezr. el az orosz, olasz \u00e9s rom\u00e1n fronton harcolt, megsebes\u00fclt, a bronz vit. \u00e9rem \u00e9s a K\u00e1roly Csapatkereszttel t\u00fcntett\u00e9k ki. <br \/><strong>Irod.:<\/strong> Sz\u00e9kelyf\u00f6ld \u00ed. k<\/br><\/p>\n","protected":false},"excerpt":{"rendered":"<p>Lukafalva, 1884., \u2020 ?.: gazd\u00e1lkod\u00f3. \u2013 \u00d6n\u00e1ll\u00f3 gazda (1910\u2013) Lukafalv\u00e1n, sok\u00e9vig volt a ref. egyh\u00e1z gondnoka. Az els\u0151 vh.-ban a 62. gy. ezr. el az orosz, olasz \u00e9s rom\u00e1n fronton harcolt, megsebes\u00fclt, a bronz vit. \u00e9rem \u00e9s a K\u00e1roly Csapatkereszttel t\u00fcntett\u00e9k ki. Irod.: Sz\u00e9kelyf\u00f6ld \u00ed. k<\/p>\n","protected":false},"featured_media":0,"comment_status":"open","ping_status":"closed","template":"","meta":[],"product_brand":[],"product_cat":[137],"product_tag":[],"class_list":{"0":"post-11822","1":"product","2":"type-product","3":"status-publish","5":"product_cat-maros-megyei-eletrajzi-lexikon","7":"first","8":"instock","9":"shipping-taxable","10":"product-type-simple"},"_links":{"self":[{"href":"https:\/\/uj.adatbank.ro\/lexikon\/wp-json\/wp\/v2\/product\/11822","targetHints":{"allow":["GET"]}}],"collection":[{"href":"https:\/\/uj.adatbank.ro\/lexikon\/wp-json\/wp\/v2\/product"}],"about":[{"href":"https:\/\/uj.adatbank.ro\/lexikon\/wp-json\/wp\/v2\/types\/product"}],"replies":[{"embeddable":true,"href":"https:\/\/uj.adatbank.ro\/lexikon\/wp-json\/wp\/v2\/comments?post=11822"}],"wp:attachment":[{"href":"https:\/\/uj.adatbank.ro\/lexikon\/wp-json\/wp\/v2\/media?parent=11822"}],"wp:term":[{"taxonomy":"product_brand","embeddable":true,"href":"https:\/\/uj.adatbank.ro\/lexikon\/wp-json\/wp\/v2\/product_brand?post=11822"},{"taxonomy":"product_cat","embeddable":true,"href":"https:\/\/uj.adatbank.ro\/lexikon\/wp-json\/wp\/v2\/product_cat?post=11822"},{"taxonomy":"product_tag","embeddable":true,"href":"https:\/\/uj.adatbank.ro\/lexikon\/wp-json\/wp\/v2\/product_tag?post=11822"}],"curies":[{"name":"wp","href":"https:\/\/api.w.org\/{rel}","templated":true}]}}