{"id":11823,"date":"2025-06-29T14:06:05","date_gmt":"2025-06-29T12:06:05","guid":{"rendered":"https:\/\/uj.adatbank.ro\/lexikon\/termek\/keseru-mozes-baroti\/"},"modified":"2025-06-29T14:06:05","modified_gmt":"2025-06-29T12:06:05","slug":"keseru-mozes-baroti","status":"publish","type":"product","link":"https:\/\/uj.adatbank.ro\/lexikon\/termek\/keseru-mozes-baroti\/","title":{"rendered":"KESER\u0170 M\u00f3zes, bar\u00f3ti"},"content":{"rendered":"<p>Bar\u00f3t, 1801. aug. 10., \u2020 Kv., 1874. m\u00e1rc. 15.: rom. kat. paptan\u00e1r, arbei c. p\u00fcsp\u00f6k. A kolozsmonostori templomkertbe temett\u00e9k. \u2013 A gimn\u00e1ziumot Sz\u00e9kelyudvarhelyen, a b\u00f6lcseleti \u00e9s hittan tanfolyamokat a gyulafeh\u00e9rv\u00e1ri p\u00fcsp\u00f6ki l\u00edc.-ban v\u00e9gezte (1819). Mv.-en seg\u00e9dlelk\u00e9sz (1825\u2013), emellett a Kat. Gimn\u00e1ziumban tan\u00edtott (\u20131827); Gyulafeh\u00e9rv\u00e1rra ker\u00fclt (1827\u2013) mint b\u00f6lcselettan\u00e1r, a Gr\u00f3f Batty\u00e1nyi Csillagvizsg\u00e1l\u00f3 Int\u00e9zet seg\u00e9de \u00e9s k\u00f6nyvt\u00e1rosa; a l\u00edc.-ban a mat\u00e9zis, a term\u00e9szettan \u00e9s a mez\u0151gazdas\u00e1g tan\u00e1ra, subregens a papneveld\u00e9ben, hittantan\u00e1r, a Csillagvizsg\u00e1l\u00f3 Int\u00e9zet helettes igazgat\u00f3ja, a p\u00fcsp\u00f6ki megye k\u00f6nyvt\u00e1rosa, az egyh\u00e1tmegyei sz\u00e1mad\u00e1sok vizsg\u00e1l\u00f3ja; consist\u00f3riumi \u00fcln\u00f6k; a l\u00edc.-ban az erk\u00f6lcsi hittan \u00e9s oktat\u00e1stan tan\u00e1ra, cosistoriumi \u00fcgyv\u00e9d; a csillag\u00e1szattani tanulm\u00e1nyait k\u00fclf\u00f6ld\u00f6n gyarap\u00edtotta, hazat\u00e9rve csillagvizsg\u00e1l\u00f3 kanonokk\u00e1 nevezt\u00e9k ki, valamint a Csillagvizsg\u00e1l\u00f3, a K\u00f6nyvt\u00e1r \u00e9s a Term\u00e9szetrajzi M\u00fazeim igazgat\u00f3j\u00e1v\u00e1 (1842), \u00c9rdemei elismer\u00e9s\u00e9\u00fcl a kir\u00e1ly kinevezte a kv.-i Kir. Lic. igazgat\u00f3j\u00e1v\u00e1 (1846), kir. tan\u00e1csosnak (1847), a rom. kat. k\u00f6zoktat\u00e1si \u00e9s alap\u00edtv\u00e1nyi \u00fcgyek el\u0151ad\u00f3j\u00e1v\u00e1 (1848); a szabads\u00e1gharc lever\u00e9se ut\u00e1n zaklat\u00e1soknak volt kit\u00e9ve amig el\u0151ad\u00f3i tiszt\u00e9t \u00fajb\u00f3l elfoglalhatta; hitoktat\u00f3 kanonok (1853), esperes kanonok, \u0151rkanonok (1857), kolozsmonostori ap\u00e1t (1861), arbei c. p\u00fcsp\u00f6k (1871). Eredm\u00e9nnyel dolgozott a rom. kat. iskol\u00e1knak a kor k\u00edv\u00e1nalmainak megfelel\u0151 sz\u00ednvonal\u00e1ra emel\u00e9s\u00e9n, megakad\u00e1lyozva az osztr\u00e1k korm\u00e1ny elnemzetietlen\u00edt\u00e9si kis\u00e9rleteit. Csillag\u00e1szati \u00e9s meteorol\u00f3giai \u00e9szrev\u00e9teleit tanulm\u00e1nyokban foglalta \u00f6ssze hazai \u00e9s k\u00fclf\u00f6ldi lapokban. Cikke a kv.-i Term\u00e9szetbar\u00e1t-ban. K\u00e9ziratban \u00d6n\u00e9letiratot hagyott h\u00e1tra. <br \/><strong>Irod.:<\/strong> Guly\u00e1s; H\u00e1zsong\u00e1rd; Kr\u00f3n. F\u00fcz. (1939. 4\/5); Szinnyei<\/br><\/p>\n","protected":false},"excerpt":{"rendered":"<p>Bar\u00f3t, 1801. aug. 10., \u2020 Kv., 1874. m\u00e1rc. 15.: rom. kat. paptan\u00e1r, arbei c. p\u00fcsp\u00f6k. A kolozsmonostori templomkertbe temett\u00e9k. \u2013 A gimn\u00e1ziumot Sz\u00e9kelyudvarhelyen, a b\u00f6lcseleti \u00e9s hittan tanfolyamokat a gyulafeh\u00e9rv\u00e1ri p\u00fcsp\u00f6ki l\u00edc.-ban v\u00e9gezte (1819). Mv.-en seg\u00e9dlelk\u00e9sz (1825\u2013), emellett a Kat. Gimn\u00e1ziumban tan\u00edtott (\u20131827); Gyulafeh\u00e9rv\u00e1rra ker\u00fclt (1827\u2013) mint b\u00f6lcselettan\u00e1r, a Gr\u00f3f Batty\u00e1nyi Csillagvizsg\u00e1l\u00f3 Int\u00e9zet seg\u00e9de \u00e9s [&hellip;]<\/p>\n","protected":false},"featured_media":0,"comment_status":"open","ping_status":"closed","template":"","meta":[],"product_brand":[],"product_cat":[137],"product_tag":[],"class_list":{"0":"post-11823","1":"product","2":"type-product","3":"status-publish","5":"product_cat-maros-megyei-eletrajzi-lexikon","7":"first","8":"instock","9":"shipping-taxable","10":"product-type-simple"},"_links":{"self":[{"href":"https:\/\/uj.adatbank.ro\/lexikon\/wp-json\/wp\/v2\/product\/11823","targetHints":{"allow":["GET"]}}],"collection":[{"href":"https:\/\/uj.adatbank.ro\/lexikon\/wp-json\/wp\/v2\/product"}],"about":[{"href":"https:\/\/uj.adatbank.ro\/lexikon\/wp-json\/wp\/v2\/types\/product"}],"replies":[{"embeddable":true,"href":"https:\/\/uj.adatbank.ro\/lexikon\/wp-json\/wp\/v2\/comments?post=11823"}],"wp:attachment":[{"href":"https:\/\/uj.adatbank.ro\/lexikon\/wp-json\/wp\/v2\/media?parent=11823"}],"wp:term":[{"taxonomy":"product_brand","embeddable":true,"href":"https:\/\/uj.adatbank.ro\/lexikon\/wp-json\/wp\/v2\/product_brand?post=11823"},{"taxonomy":"product_cat","embeddable":true,"href":"https:\/\/uj.adatbank.ro\/lexikon\/wp-json\/wp\/v2\/product_cat?post=11823"},{"taxonomy":"product_tag","embeddable":true,"href":"https:\/\/uj.adatbank.ro\/lexikon\/wp-json\/wp\/v2\/product_tag?post=11823"}],"curies":[{"name":"wp","href":"https:\/\/api.w.org\/{rel}","templated":true}]}}