{"id":11824,"date":"2025-06-29T14:06:07","date_gmt":"2025-06-29T12:06:07","guid":{"rendered":"https:\/\/uj.adatbank.ro\/lexikon\/termek\/keseru-zoltan\/"},"modified":"2025-06-29T14:06:07","modified_gmt":"2025-06-29T12:06:07","slug":"keseru-zoltan","status":"publish","type":"product","link":"https:\/\/uj.adatbank.ro\/lexikon\/termek\/keseru-zoltan\/","title":{"rendered":"KESER\u0170 Zolt\u00e1n"},"content":{"rendered":"<p>Aranyosgy\u00e9res, 1925. okt. 22. \u2020 ?: szobr\u00e1sz. \u2013 L\u00edc.-ot \u00e9s mesteriskol\u00e1t v\u00e9gzett. Tagja a K M M K Sz. -nek (1979\u2013). F\u00e1b\u00f3l faragott szobraival \u00e9s m\u00e1s t\u00e1rgyakkal r\u00e9szt vett a Sz\u00f6vets\u00e9g \u00e1ltal Mv.-en szervezett ki\u00e1ll\u00edt\u00e1sokon (1983\u2013). Buk.-ben is volt ki\u00e1ll\u00edt\u00e1sa (1994 \u00e9s 1999). Mo.-on mag\u00e1ngy\u0171jtem\u00e9nyekben vannak faragv\u00e1nyai. <br \/><strong>Irod.:<\/strong> Opri\u015f-Mure\u015fan: AAPM<\/br><\/p>\n","protected":false},"excerpt":{"rendered":"<p>Aranyosgy\u00e9res, 1925. okt. 22. \u2020 ?: szobr\u00e1sz. \u2013 L\u00edc.-ot \u00e9s mesteriskol\u00e1t v\u00e9gzett. Tagja a K M M K Sz. -nek (1979\u2013). F\u00e1b\u00f3l faragott szobraival \u00e9s m\u00e1s t\u00e1rgyakkal r\u00e9szt vett a Sz\u00f6vets\u00e9g \u00e1ltal Mv.-en szervezett ki\u00e1ll\u00edt\u00e1sokon (1983\u2013). Buk.-ben is volt ki\u00e1ll\u00edt\u00e1sa (1994 \u00e9s 1999). Mo.-on mag\u00e1ngy\u0171jtem\u00e9nyekben vannak faragv\u00e1nyai. Irod.: Opri\u015f-Mure\u015fan: AAPM<\/p>\n","protected":false},"featured_media":0,"comment_status":"open","ping_status":"closed","template":"","meta":[],"product_brand":[],"product_cat":[137],"product_tag":[],"class_list":{"0":"post-11824","1":"product","2":"type-product","3":"status-publish","5":"product_cat-maros-megyei-eletrajzi-lexikon","7":"first","8":"instock","9":"shipping-taxable","10":"product-type-simple"},"_links":{"self":[{"href":"https:\/\/uj.adatbank.ro\/lexikon\/wp-json\/wp\/v2\/product\/11824","targetHints":{"allow":["GET"]}}],"collection":[{"href":"https:\/\/uj.adatbank.ro\/lexikon\/wp-json\/wp\/v2\/product"}],"about":[{"href":"https:\/\/uj.adatbank.ro\/lexikon\/wp-json\/wp\/v2\/types\/product"}],"replies":[{"embeddable":true,"href":"https:\/\/uj.adatbank.ro\/lexikon\/wp-json\/wp\/v2\/comments?post=11824"}],"wp:attachment":[{"href":"https:\/\/uj.adatbank.ro\/lexikon\/wp-json\/wp\/v2\/media?parent=11824"}],"wp:term":[{"taxonomy":"product_brand","embeddable":true,"href":"https:\/\/uj.adatbank.ro\/lexikon\/wp-json\/wp\/v2\/product_brand?post=11824"},{"taxonomy":"product_cat","embeddable":true,"href":"https:\/\/uj.adatbank.ro\/lexikon\/wp-json\/wp\/v2\/product_cat?post=11824"},{"taxonomy":"product_tag","embeddable":true,"href":"https:\/\/uj.adatbank.ro\/lexikon\/wp-json\/wp\/v2\/product_tag?post=11824"}],"curies":[{"name":"wp","href":"https:\/\/api.w.org\/{rel}","templated":true}]}}