{"id":11826,"date":"2025-06-29T14:06:13","date_gmt":"2025-06-29T12:06:13","guid":{"rendered":"https:\/\/uj.adatbank.ro\/lexikon\/termek\/kessler-carl-adolf-keszler\/"},"modified":"2025-06-29T14:06:13","modified_gmt":"2025-06-29T12:06:13","slug":"kessler-carl-adolf-keszler","status":"publish","type":"product","link":"https:\/\/uj.adatbank.ro\/lexikon\/termek\/kessler-carl-adolf-keszler\/","title":{"rendered":"KESSLER Carl, Adolf, Keszler,"},"content":{"rendered":"<p>Medgyes, 1851. j\u00fal. 21, \u2020 Steitford, 918, m szept. 26.: lelk\u00e9sz, tan\u00e1r. &#8211; Apja p\u00e1linkaf\u0151z\u0151. \u2013 Teol\u00f3gi\u00e1t \u00e9s klasszika-filol\u00f3gi\u00e1t hallgatott a B\u00e9csi Prot. Teol. Intben (1871\u201373, 1877\u201378), a B\u00e9csi Egy. B\u00f6lcs. Kar\u00e1n (1871\u201374). Hazat\u00e9rve h. majd r. tan\u00e1r a segesv\u00e1ri gimn.-ban, lelk\u00e9sz Mikl\u00f3stelk\u00e9n (1887\u2013), Holdvil\u00e1gon (1899\u2013), Steitfordban (1902\u201318). <br \/><strong>Irod.:<\/strong> Szab\u00f3\u2013Simon\u2013Sz\u00f6gi<\/br><\/p>\n","protected":false},"excerpt":{"rendered":"<p>Medgyes, 1851. j\u00fal. 21, \u2020 Steitford, 918, m szept. 26.: lelk\u00e9sz, tan\u00e1r. &#8211; Apja p\u00e1linkaf\u0151z\u0151. \u2013 Teol\u00f3gi\u00e1t \u00e9s klasszika-filol\u00f3gi\u00e1t hallgatott a B\u00e9csi Prot. Teol. Intben (1871\u201373, 1877\u201378), a B\u00e9csi Egy. B\u00f6lcs. Kar\u00e1n (1871\u201374). Hazat\u00e9rve h. majd r. tan\u00e1r a segesv\u00e1ri gimn.-ban, lelk\u00e9sz Mikl\u00f3stelk\u00e9n (1887\u2013), Holdvil\u00e1gon (1899\u2013), Steitfordban (1902\u201318). Irod.: Szab\u00f3\u2013Simon\u2013Sz\u00f6gi<\/p>\n","protected":false},"featured_media":0,"comment_status":"open","ping_status":"closed","template":"","meta":[],"product_brand":[],"product_cat":[137],"product_tag":[],"class_list":{"0":"post-11826","1":"product","2":"type-product","3":"status-publish","5":"product_cat-maros-megyei-eletrajzi-lexikon","7":"first","8":"instock","9":"shipping-taxable","10":"product-type-simple"},"_links":{"self":[{"href":"https:\/\/uj.adatbank.ro\/lexikon\/wp-json\/wp\/v2\/product\/11826","targetHints":{"allow":["GET"]}}],"collection":[{"href":"https:\/\/uj.adatbank.ro\/lexikon\/wp-json\/wp\/v2\/product"}],"about":[{"href":"https:\/\/uj.adatbank.ro\/lexikon\/wp-json\/wp\/v2\/types\/product"}],"replies":[{"embeddable":true,"href":"https:\/\/uj.adatbank.ro\/lexikon\/wp-json\/wp\/v2\/comments?post=11826"}],"wp:attachment":[{"href":"https:\/\/uj.adatbank.ro\/lexikon\/wp-json\/wp\/v2\/media?parent=11826"}],"wp:term":[{"taxonomy":"product_brand","embeddable":true,"href":"https:\/\/uj.adatbank.ro\/lexikon\/wp-json\/wp\/v2\/product_brand?post=11826"},{"taxonomy":"product_cat","embeddable":true,"href":"https:\/\/uj.adatbank.ro\/lexikon\/wp-json\/wp\/v2\/product_cat?post=11826"},{"taxonomy":"product_tag","embeddable":true,"href":"https:\/\/uj.adatbank.ro\/lexikon\/wp-json\/wp\/v2\/product_tag?post=11826"}],"curies":[{"name":"wp","href":"https:\/\/api.w.org\/{rel}","templated":true}]}}