{"id":11829,"date":"2025-06-29T14:06:19","date_gmt":"2025-06-29T12:06:19","guid":{"rendered":"https:\/\/uj.adatbank.ro\/lexikon\/termek\/keszeg-janos-%c2%a7-keszegh-janos\/"},"modified":"2025-06-29T14:06:19","modified_gmt":"2025-06-29T12:06:19","slug":"keszeg-janos-%c2%a7-keszegh-janos","status":"publish","type":"product","link":"https:\/\/uj.adatbank.ro\/lexikon\/termek\/keszeg-janos-%c2%a7-keszegh-janos\/","title":{"rendered":"KESZEG J\u00e1nos, \u00a7 Keszegh J\u00e1nos"},"content":{"rendered":"<p>? \u2020 1984. m\u00e1j. 15.: tan\u00edt\u00f3, k\u00e1ntor. \u2013 V\u00e1mosg\u00e1lfalvi. Nagyenyeden v\u00e9gezte a tan\u00edt\u00f3k\u00e9pz\u0151t. Bonyh\u00e1n tan\u00edtott, majd Cs\u00e1v\u00e1sra ker\u00fclt. Ragaszkodott a cs\u00e1v\u00e1si ref. egyh\u00e1zhoz, m\u00e9g akkor is, amikor ez tilos volt. Vezette a cs\u00e1v\u00e1si zenei \u00e9letet, amat\u00f6r kert\u00e9szk\u00e9nt r\u00f3zs\u00e1t \u00e9s gy\u00fcm\u00f6lcsf\u00e1t oltott a faluban, seg\u00edtette a betegeket, a r\u00e1szorultakat, r\u00e9szt vett a kal\u00e1k\u00e1kban. A 120 tagot sz\u00e1ml\u00e1l\u00f3 cs\u00e1v\u00e1si vegyeskar \u00e9l\u00e9n \u00e1llt (1954\u201373), sz\u00e1mos kimagasl\u00f3 eredm\u00e9ny\u00fck volt. Benk\u0151 J\u00e1nos, a MAT N\u00e9pi Alkot\u00e1sok H\u00e1z\u00e1nak igazgat\u00f3ja seg\u00edtette a k\u00f3rust, k\u00f6zvet\u00edt\u00e9s\u00e9vel ismert\u00e9k meg Birtalan J\u00f3zsef zeneszerz\u0151, f\u0151iskolai tan\u00e1rt, aki t\u00f6bb k\u00f3rusfeldolgoz\u00e1st aj\u00e1nlott a cs\u00e1v\u00e1si vegyeskarnak Megszervezte a cs\u00e1v\u00e1si k\u00f3rus sz\u00fclet\u00e9s\u00e9nek (1837. febr. 12.) jubileumi \u00fcnneps\u00e9g\u00e9t (1967). <br \/><strong>Irod.:<\/strong> Cs\u00e1v\u00e1si eml\u00e9kk\u00f6nyv<\/br><\/p>\n","protected":false},"excerpt":{"rendered":"<p>? \u2020 1984. m\u00e1j. 15.: tan\u00edt\u00f3, k\u00e1ntor. \u2013 V\u00e1mosg\u00e1lfalvi. Nagyenyeden v\u00e9gezte a tan\u00edt\u00f3k\u00e9pz\u0151t. Bonyh\u00e1n tan\u00edtott, majd Cs\u00e1v\u00e1sra ker\u00fclt. Ragaszkodott a cs\u00e1v\u00e1si ref. egyh\u00e1zhoz, m\u00e9g akkor is, amikor ez tilos volt. Vezette a cs\u00e1v\u00e1si zenei \u00e9letet, amat\u00f6r kert\u00e9szk\u00e9nt r\u00f3zs\u00e1t \u00e9s gy\u00fcm\u00f6lcsf\u00e1t oltott a faluban, seg\u00edtette a betegeket, a r\u00e1szorultakat, r\u00e9szt vett a kal\u00e1k\u00e1kban. A 120 tagot [&hellip;]<\/p>\n","protected":false},"featured_media":0,"comment_status":"open","ping_status":"closed","template":"","meta":[],"product_brand":[],"product_cat":[137],"product_tag":[],"class_list":{"0":"post-11829","1":"product","2":"type-product","3":"status-publish","5":"product_cat-maros-megyei-eletrajzi-lexikon","7":"first","8":"instock","9":"shipping-taxable","10":"product-type-simple"},"_links":{"self":[{"href":"https:\/\/uj.adatbank.ro\/lexikon\/wp-json\/wp\/v2\/product\/11829","targetHints":{"allow":["GET"]}}],"collection":[{"href":"https:\/\/uj.adatbank.ro\/lexikon\/wp-json\/wp\/v2\/product"}],"about":[{"href":"https:\/\/uj.adatbank.ro\/lexikon\/wp-json\/wp\/v2\/types\/product"}],"replies":[{"embeddable":true,"href":"https:\/\/uj.adatbank.ro\/lexikon\/wp-json\/wp\/v2\/comments?post=11829"}],"wp:attachment":[{"href":"https:\/\/uj.adatbank.ro\/lexikon\/wp-json\/wp\/v2\/media?parent=11829"}],"wp:term":[{"taxonomy":"product_brand","embeddable":true,"href":"https:\/\/uj.adatbank.ro\/lexikon\/wp-json\/wp\/v2\/product_brand?post=11829"},{"taxonomy":"product_cat","embeddable":true,"href":"https:\/\/uj.adatbank.ro\/lexikon\/wp-json\/wp\/v2\/product_cat?post=11829"},{"taxonomy":"product_tag","embeddable":true,"href":"https:\/\/uj.adatbank.ro\/lexikon\/wp-json\/wp\/v2\/product_tag?post=11829"}],"curies":[{"name":"wp","href":"https:\/\/api.w.org\/{rel}","templated":true}]}}