{"id":11830,"date":"2025-06-29T14:06:21","date_gmt":"2025-06-29T12:06:21","guid":{"rendered":"https:\/\/uj.adatbank.ro\/lexikon\/termek\/keszegh-galfalvi-danyani-csalad\/"},"modified":"2025-06-29T14:06:21","modified_gmt":"2025-06-29T12:06:21","slug":"keszegh-galfalvi-danyani-csalad","status":"publish","type":"product","link":"https:\/\/uj.adatbank.ro\/lexikon\/termek\/keszegh-galfalvi-danyani-csalad\/","title":{"rendered":"KESZEGH, g\u00e1lfalvi, d\u00e1ny\u00e1ni csal\u00e1d"},"content":{"rendered":"<p>Erd\u00e9lyi csal\u00e1d. D\u00e1niel 1848-ban Fels\u0151-Fej\u00e9r megy\u00e9n\u00e9l iktat\u00f3; S\u00e1muel \u00e1rvasz\u00e9ki \u00fcln\u00f6k ugyanott. <br \/><strong>Irod.:<\/strong> Nagy Iv\u00e1n<\/br><\/p>\n","protected":false},"excerpt":{"rendered":"<p>Erd\u00e9lyi csal\u00e1d. D\u00e1niel 1848-ban Fels\u0151-Fej\u00e9r megy\u00e9n\u00e9l iktat\u00f3; S\u00e1muel \u00e1rvasz\u00e9ki \u00fcln\u00f6k ugyanott. Irod.: Nagy Iv\u00e1n<\/p>\n","protected":false},"featured_media":0,"comment_status":"open","ping_status":"closed","template":"","meta":[],"product_brand":[],"product_cat":[137],"product_tag":[],"class_list":{"0":"post-11830","1":"product","2":"type-product","3":"status-publish","5":"product_cat-maros-megyei-eletrajzi-lexikon","7":"first","8":"instock","9":"shipping-taxable","10":"product-type-simple"},"_links":{"self":[{"href":"https:\/\/uj.adatbank.ro\/lexikon\/wp-json\/wp\/v2\/product\/11830","targetHints":{"allow":["GET"]}}],"collection":[{"href":"https:\/\/uj.adatbank.ro\/lexikon\/wp-json\/wp\/v2\/product"}],"about":[{"href":"https:\/\/uj.adatbank.ro\/lexikon\/wp-json\/wp\/v2\/types\/product"}],"replies":[{"embeddable":true,"href":"https:\/\/uj.adatbank.ro\/lexikon\/wp-json\/wp\/v2\/comments?post=11830"}],"wp:attachment":[{"href":"https:\/\/uj.adatbank.ro\/lexikon\/wp-json\/wp\/v2\/media?parent=11830"}],"wp:term":[{"taxonomy":"product_brand","embeddable":true,"href":"https:\/\/uj.adatbank.ro\/lexikon\/wp-json\/wp\/v2\/product_brand?post=11830"},{"taxonomy":"product_cat","embeddable":true,"href":"https:\/\/uj.adatbank.ro\/lexikon\/wp-json\/wp\/v2\/product_cat?post=11830"},{"taxonomy":"product_tag","embeddable":true,"href":"https:\/\/uj.adatbank.ro\/lexikon\/wp-json\/wp\/v2\/product_tag?post=11830"}],"curies":[{"name":"wp","href":"https:\/\/api.w.org\/{rel}","templated":true}]}}