{"id":11833,"date":"2025-06-29T14:06:28","date_gmt":"2025-06-29T12:06:28","guid":{"rendered":"https:\/\/uj.adatbank.ro\/lexikon\/termek\/keszei-janos\/"},"modified":"2025-06-29T14:06:28","modified_gmt":"2025-06-29T12:06:28","slug":"keszei-janos","status":"publish","type":"product","link":"https:\/\/uj.adatbank.ro\/lexikon\/termek\/keszei-janos\/","title":{"rendered":"KESZEI J\u00e1nos"},"content":{"rendered":"<p>? \u2020 ?: fejed. titk\u00e1r, b\u00e9csi k\u00f6vet. \u2013 J\u00e1nos \u00e9s Szerencs\u00e9s Zsuzsa fia. Moson megy\u00e9b\u0151l (Mo.) ker\u00fclt Erd\u00e9lybe (1670 k.). \u00cdr\u00f3de\u00e1k volt Apafi fejedelem udvar\u00e1ban (1672), II. Apafi Mih\u00e1ly oktat\u00f3ja (1678 k.), a fejedelem titk\u00e1ra, t\u00f6bbsz\u00f6r j\u00e1rt B\u00e9csben k\u00f6vetk\u00e9nt, szolg\u00e1latai\u00e9rt Bal\u00e1zsfalv\u00e1n, T\u0171rben, a k\u00fck\u00fcll\u0151i Sz\u00e9pmez\u0151n kapott telket, sz\u00e1nt\u00f3f\u00f6ldet, sz\u0151l\u0151t \u00e9s legel\u0151t (1698. nov. 22.). A Habsburg-h\u0171 erd\u00e9lyi f\u0151urak \u0151t k\u00fcldt\u00e9k B\u00e9csbe seg\u00edts\u00e9get k\u00e9rni Th\u00f6k\u00f6ly ellen (1690). M. nyelvre ford\u00edtotta a Rumpolt-f\u00e9le n\u00e9met szak\u00e1csk\u00f6nyvet (Fogaras, 1680. febr. 7. -Radn\u00f3t, 1680. aug. 23) \u00e9s Bornemisza Anna fejedelemasszonynak j\u00e1nlotta. K\u00e9t, II. Apafi Mih\u00e1lynak c\u00edmzett, gazdas\u00e1gi t\u00e9m\u00e1j\u00fa levele is fenn maradt (1709. j\u00fal. 9., j\u00fal. 29). \u2013 <strong>F. m.:<\/strong> k\u00e9zirat:<strong>ford.:<\/strong> Rumpolt, Max: Ein new Kochbuch (Frankfurt am Main, 1604). <br \/><strong>Irod.:<\/strong> Bicsok-Orb\u00e1n; Bornemisza Anna szak\u00e1csk\u00f6nyve 1680-b\u00f3l \/ K\u00f6zz\u00e9teszi Lak\u00f3 Elem\u00e9r (Buk., 1982).<\/br><\/p>\n","protected":false},"excerpt":{"rendered":"<p>? \u2020 ?: fejed. titk\u00e1r, b\u00e9csi k\u00f6vet. \u2013 J\u00e1nos \u00e9s Szerencs\u00e9s Zsuzsa fia. Moson megy\u00e9b\u0151l (Mo.) ker\u00fclt Erd\u00e9lybe (1670 k.). \u00cdr\u00f3de\u00e1k volt Apafi fejedelem udvar\u00e1ban (1672), II. Apafi Mih\u00e1ly oktat\u00f3ja (1678 k.), a fejedelem titk\u00e1ra, t\u00f6bbsz\u00f6r j\u00e1rt B\u00e9csben k\u00f6vetk\u00e9nt, szolg\u00e1latai\u00e9rt Bal\u00e1zsfalv\u00e1n, T\u0171rben, a k\u00fck\u00fcll\u0151i Sz\u00e9pmez\u0151n kapott telket, sz\u00e1nt\u00f3f\u00f6ldet, sz\u0151l\u0151t \u00e9s legel\u0151t (1698. nov. 22.). A [&hellip;]<\/p>\n","protected":false},"featured_media":0,"comment_status":"open","ping_status":"closed","template":"","meta":[],"product_brand":[],"product_cat":[137],"product_tag":[],"class_list":{"0":"post-11833","1":"product","2":"type-product","3":"status-publish","5":"product_cat-maros-megyei-eletrajzi-lexikon","7":"first","8":"instock","9":"shipping-taxable","10":"product-type-simple"},"_links":{"self":[{"href":"https:\/\/uj.adatbank.ro\/lexikon\/wp-json\/wp\/v2\/product\/11833","targetHints":{"allow":["GET"]}}],"collection":[{"href":"https:\/\/uj.adatbank.ro\/lexikon\/wp-json\/wp\/v2\/product"}],"about":[{"href":"https:\/\/uj.adatbank.ro\/lexikon\/wp-json\/wp\/v2\/types\/product"}],"replies":[{"embeddable":true,"href":"https:\/\/uj.adatbank.ro\/lexikon\/wp-json\/wp\/v2\/comments?post=11833"}],"wp:attachment":[{"href":"https:\/\/uj.adatbank.ro\/lexikon\/wp-json\/wp\/v2\/media?parent=11833"}],"wp:term":[{"taxonomy":"product_brand","embeddable":true,"href":"https:\/\/uj.adatbank.ro\/lexikon\/wp-json\/wp\/v2\/product_brand?post=11833"},{"taxonomy":"product_cat","embeddable":true,"href":"https:\/\/uj.adatbank.ro\/lexikon\/wp-json\/wp\/v2\/product_cat?post=11833"},{"taxonomy":"product_tag","embeddable":true,"href":"https:\/\/uj.adatbank.ro\/lexikon\/wp-json\/wp\/v2\/product_tag?post=11833"}],"curies":[{"name":"wp","href":"https:\/\/api.w.org\/{rel}","templated":true}]}}