{"id":11835,"date":"2025-06-29T14:06:34","date_gmt":"2025-06-29T12:06:34","guid":{"rendered":"https:\/\/uj.adatbank.ro\/lexikon\/termek\/kesztenbaum-ervin\/"},"modified":"2025-06-29T14:06:34","modified_gmt":"2025-06-29T12:06:34","slug":"kesztenbaum-ervin","status":"publish","type":"product","link":"https:\/\/uj.adatbank.ro\/lexikon\/termek\/kesztenbaum-ervin\/","title":{"rendered":"KESZTENBAUM Ervin"},"content":{"rendered":"<p>Fogaras, 1924., \u2020 Mv., 2007.: orvos. \u2013 A csal\u00e1dja Aradra k\u00f6lt\u00f6z\u00f6tt, ott v\u00e9gezte a k\u00f6z\u00e9piskolai tanulm\u00e1nyait. Kv.-on kezdte az orvosi egyetemet, Mv.-en fejezte be (1950). A M\u00e1ty\u00e1s M\u00e1ty\u00e1s professzor vezette Seb\u00e9szeti klinik\u00e1n kezdett dolgozni \u00e9s a professzor javaslat\u00e1ra szakosodott az \u00faj, nagyon fontos altat\u00f3orvosi szakm\u00e1ba. Hossz\u00fa \u00e9vekig sikeresen m\u0171velte ezt. Tanulm\u00e1nyt \u00edrtak a mellkasi s\u00e9r\u00fcl\u00e9sek ell\u00e1t\u00e1s\u00e1r\u00f3l t\u00e1rsszerz\u0151k\u00e9nt Csiz\u00e9r Zolt\u00e1n, Nagy Ferenc, Keresztesi Koszta \u00c1rp\u00e1d \u00e9s K. E. <br \/><strong>Irod.:<\/strong> Gy\u00e1rf\u00e1s L. 2013; Kiss Cs. M. 3.<\/br><\/p>\n","protected":false},"excerpt":{"rendered":"<p>Fogaras, 1924., \u2020 Mv., 2007.: orvos. \u2013 A csal\u00e1dja Aradra k\u00f6lt\u00f6z\u00f6tt, ott v\u00e9gezte a k\u00f6z\u00e9piskolai tanulm\u00e1nyait. Kv.-on kezdte az orvosi egyetemet, Mv.-en fejezte be (1950). A M\u00e1ty\u00e1s M\u00e1ty\u00e1s professzor vezette Seb\u00e9szeti klinik\u00e1n kezdett dolgozni \u00e9s a professzor javaslat\u00e1ra szakosodott az \u00faj, nagyon fontos altat\u00f3orvosi szakm\u00e1ba. Hossz\u00fa \u00e9vekig sikeresen m\u0171velte ezt. Tanulm\u00e1nyt \u00edrtak a mellkasi s\u00e9r\u00fcl\u00e9sek [&hellip;]<\/p>\n","protected":false},"featured_media":0,"comment_status":"open","ping_status":"closed","template":"","meta":[],"product_brand":[],"product_cat":[137],"product_tag":[],"class_list":{"0":"post-11835","1":"product","2":"type-product","3":"status-publish","5":"product_cat-maros-megyei-eletrajzi-lexikon","7":"first","8":"instock","9":"shipping-taxable","10":"product-type-simple"},"_links":{"self":[{"href":"https:\/\/uj.adatbank.ro\/lexikon\/wp-json\/wp\/v2\/product\/11835","targetHints":{"allow":["GET"]}}],"collection":[{"href":"https:\/\/uj.adatbank.ro\/lexikon\/wp-json\/wp\/v2\/product"}],"about":[{"href":"https:\/\/uj.adatbank.ro\/lexikon\/wp-json\/wp\/v2\/types\/product"}],"replies":[{"embeddable":true,"href":"https:\/\/uj.adatbank.ro\/lexikon\/wp-json\/wp\/v2\/comments?post=11835"}],"wp:attachment":[{"href":"https:\/\/uj.adatbank.ro\/lexikon\/wp-json\/wp\/v2\/media?parent=11835"}],"wp:term":[{"taxonomy":"product_brand","embeddable":true,"href":"https:\/\/uj.adatbank.ro\/lexikon\/wp-json\/wp\/v2\/product_brand?post=11835"},{"taxonomy":"product_cat","embeddable":true,"href":"https:\/\/uj.adatbank.ro\/lexikon\/wp-json\/wp\/v2\/product_cat?post=11835"},{"taxonomy":"product_tag","embeddable":true,"href":"https:\/\/uj.adatbank.ro\/lexikon\/wp-json\/wp\/v2\/product_tag?post=11835"}],"curies":[{"name":"wp","href":"https:\/\/api.w.org\/{rel}","templated":true}]}}