{"id":11839,"date":"2025-06-29T14:06:41","date_gmt":"2025-06-29T12:06:41","guid":{"rendered":"https:\/\/uj.adatbank.ro\/lexikon\/termek\/keul-stephan\/"},"modified":"2025-06-29T14:06:41","modified_gmt":"2025-06-29T12:06:41","slug":"keul-stephan","status":"publish","type":"product","link":"https:\/\/uj.adatbank.ro\/lexikon\/termek\/keul-stephan\/","title":{"rendered":"KEUL Stephan"},"content":{"rendered":"<p>F\u00fcletelke, ? \u2020 1865. m\u00e1rc. 30.: lelk\u00e9sz. \u2013 Tanult Segesv\u00e1ron, B\u00e9csben (1823\u201324). Pap Dom\u00e1ldon, Holdvil\u00e1gon. <br \/><strong>Irod.:<\/strong> Szab\u00f3\u2013Sz\u00f6gi<\/br><\/p>\n","protected":false},"excerpt":{"rendered":"<p>F\u00fcletelke, ? \u2020 1865. m\u00e1rc. 30.: lelk\u00e9sz. \u2013 Tanult Segesv\u00e1ron, B\u00e9csben (1823\u201324). Pap Dom\u00e1ldon, Holdvil\u00e1gon. Irod.: Szab\u00f3\u2013Sz\u00f6gi<\/p>\n","protected":false},"featured_media":0,"comment_status":"open","ping_status":"closed","template":"","meta":[],"product_brand":[],"product_cat":[137],"product_tag":[],"class_list":{"0":"post-11839","1":"product","2":"type-product","3":"status-publish","5":"product_cat-maros-megyei-eletrajzi-lexikon","7":"first","8":"instock","9":"shipping-taxable","10":"product-type-simple"},"_links":{"self":[{"href":"https:\/\/uj.adatbank.ro\/lexikon\/wp-json\/wp\/v2\/product\/11839","targetHints":{"allow":["GET"]}}],"collection":[{"href":"https:\/\/uj.adatbank.ro\/lexikon\/wp-json\/wp\/v2\/product"}],"about":[{"href":"https:\/\/uj.adatbank.ro\/lexikon\/wp-json\/wp\/v2\/types\/product"}],"replies":[{"embeddable":true,"href":"https:\/\/uj.adatbank.ro\/lexikon\/wp-json\/wp\/v2\/comments?post=11839"}],"wp:attachment":[{"href":"https:\/\/uj.adatbank.ro\/lexikon\/wp-json\/wp\/v2\/media?parent=11839"}],"wp:term":[{"taxonomy":"product_brand","embeddable":true,"href":"https:\/\/uj.adatbank.ro\/lexikon\/wp-json\/wp\/v2\/product_brand?post=11839"},{"taxonomy":"product_cat","embeddable":true,"href":"https:\/\/uj.adatbank.ro\/lexikon\/wp-json\/wp\/v2\/product_cat?post=11839"},{"taxonomy":"product_tag","embeddable":true,"href":"https:\/\/uj.adatbank.ro\/lexikon\/wp-json\/wp\/v2\/product_tag?post=11839"}],"curies":[{"name":"wp","href":"https:\/\/api.w.org\/{rel}","templated":true}]}}