{"id":11847,"date":"2025-06-29T14:06:57","date_gmt":"2025-06-29T12:06:57","guid":{"rendered":"https:\/\/uj.adatbank.ro\/lexikon\/termek\/kezdivasarhelyi-istvan-vasarhelyi-istvan-kezdivasarhelyi-2\/"},"modified":"2025-06-29T14:06:57","modified_gmt":"2025-06-29T12:06:57","slug":"kezdivasarhelyi-istvan-vasarhelyi-istvan-kezdivasarhelyi-2","status":"publish","type":"product","link":"https:\/\/uj.adatbank.ro\/lexikon\/termek\/kezdivasarhelyi-istvan-vasarhelyi-istvan-kezdivasarhelyi-2\/","title":{"rendered":"K\u00c9ZDIV\u00c1S\u00c1RHELYI Istv\u00e1n, V\u00e1s\u00e1rhelyi Istv\u00e1n, k\u00e9zdiv\u00e1s\u00e1rhelyi."},"content":{"rendered":"<p>? \u2020 ?: tan\u00e1r, ref. lelk\u00e9sz. \u2013 A Schola Particula igazgat\u00f3ja. (1654 k.). <br \/><strong>Irod.:<\/strong> Koncz; Koncz 1879; Kozma<\/br><\/p>\n","protected":false},"excerpt":{"rendered":"<p>? \u2020 ?: tan\u00e1r, ref. lelk\u00e9sz. \u2013 A Schola Particula igazgat\u00f3ja. (1654 k.). Irod.: Koncz; Koncz 1879; Kozma<\/p>\n","protected":false},"featured_media":0,"comment_status":"open","ping_status":"closed","template":"","meta":[],"product_brand":[],"product_cat":[137],"product_tag":[],"class_list":{"0":"post-11847","1":"product","2":"type-product","3":"status-publish","5":"product_cat-maros-megyei-eletrajzi-lexikon","7":"first","8":"instock","9":"shipping-taxable","10":"product-type-simple"},"_links":{"self":[{"href":"https:\/\/uj.adatbank.ro\/lexikon\/wp-json\/wp\/v2\/product\/11847","targetHints":{"allow":["GET"]}}],"collection":[{"href":"https:\/\/uj.adatbank.ro\/lexikon\/wp-json\/wp\/v2\/product"}],"about":[{"href":"https:\/\/uj.adatbank.ro\/lexikon\/wp-json\/wp\/v2\/types\/product"}],"replies":[{"embeddable":true,"href":"https:\/\/uj.adatbank.ro\/lexikon\/wp-json\/wp\/v2\/comments?post=11847"}],"wp:attachment":[{"href":"https:\/\/uj.adatbank.ro\/lexikon\/wp-json\/wp\/v2\/media?parent=11847"}],"wp:term":[{"taxonomy":"product_brand","embeddable":true,"href":"https:\/\/uj.adatbank.ro\/lexikon\/wp-json\/wp\/v2\/product_brand?post=11847"},{"taxonomy":"product_cat","embeddable":true,"href":"https:\/\/uj.adatbank.ro\/lexikon\/wp-json\/wp\/v2\/product_cat?post=11847"},{"taxonomy":"product_tag","embeddable":true,"href":"https:\/\/uj.adatbank.ro\/lexikon\/wp-json\/wp\/v2\/product_tag?post=11847"}],"curies":[{"name":"wp","href":"https:\/\/api.w.org\/{rel}","templated":true}]}}