{"id":11848,"date":"2025-06-29T14:06:59","date_gmt":"2025-06-29T12:06:59","guid":{"rendered":"https:\/\/uj.adatbank.ro\/lexikon\/termek\/kezdivasarhelyi-istvan-vasarhelyi-istvan-kezdivasarhelyi-3\/"},"modified":"2025-06-29T14:06:59","modified_gmt":"2025-06-29T12:06:59","slug":"kezdivasarhelyi-istvan-vasarhelyi-istvan-kezdivasarhelyi-3","status":"publish","type":"product","link":"https:\/\/uj.adatbank.ro\/lexikon\/termek\/kezdivasarhelyi-istvan-vasarhelyi-istvan-kezdivasarhelyi-3\/","title":{"rendered":"K\u00c9ZDIV\u00c1S\u00c1RHELYI Istv\u00e1n, V\u00e1s\u00e1rhelyi Istv\u00e1n, k\u00e9zdiv\u00e1s\u00e1rhelyi."},"content":{"rendered":"<p>Mv., ? \u2020 ?: tan\u00e1r, ref. lelk\u00e9sz. \u2013 Nagyenyeden subscrib\u00e1lt (1670). G\u00f6rg\u00e9nyszentimr\u00e9n volt rektor. Mez\u0151\u00fajlakon (1678) lelk\u00e9sz. A mv.-i skola partikula rektora (1681. szept. 22. \u2013 1685. nov. 29). Rektors\u00e1ga ideje alatt Teleki Mih\u00e1ly adom\u00e1nylev\u00e9l alapj\u00e1n a gernyeszegi birtok\u00e1n termelt b\u00faz\u00e1j\u00e1nak tized\u00e9t hagyta a mv.-i ref. ekl\u00e9zsi\u00e1nak \u00e9s iskol\u00e1nak egyenl\u0151 r\u00e9szben, amely adom\u00e1ny hossz\u00fa ideig t\u00e1mogatta az iskol\u00e1t (1720\u20131848). <br \/><strong>Irod.:<\/strong> Koncz; Kozma; \u0150sz<\/br><\/p>\n","protected":false},"excerpt":{"rendered":"<p>Mv., ? \u2020 ?: tan\u00e1r, ref. lelk\u00e9sz. \u2013 Nagyenyeden subscrib\u00e1lt (1670). G\u00f6rg\u00e9nyszentimr\u00e9n volt rektor. Mez\u0151\u00fajlakon (1678) lelk\u00e9sz. A mv.-i skola partikula rektora (1681. szept. 22. \u2013 1685. nov. 29). Rektors\u00e1ga ideje alatt Teleki Mih\u00e1ly adom\u00e1nylev\u00e9l alapj\u00e1n a gernyeszegi birtok\u00e1n termelt b\u00faz\u00e1j\u00e1nak tized\u00e9t hagyta a mv.-i ref. ekl\u00e9zsi\u00e1nak \u00e9s iskol\u00e1nak egyenl\u0151 r\u00e9szben, amely adom\u00e1ny hossz\u00fa ideig [&hellip;]<\/p>\n","protected":false},"featured_media":0,"comment_status":"open","ping_status":"closed","template":"","meta":[],"product_brand":[],"product_cat":[137],"product_tag":[],"class_list":{"0":"post-11848","1":"product","2":"type-product","3":"status-publish","5":"product_cat-maros-megyei-eletrajzi-lexikon","7":"first","8":"instock","9":"shipping-taxable","10":"product-type-simple"},"_links":{"self":[{"href":"https:\/\/uj.adatbank.ro\/lexikon\/wp-json\/wp\/v2\/product\/11848","targetHints":{"allow":["GET"]}}],"collection":[{"href":"https:\/\/uj.adatbank.ro\/lexikon\/wp-json\/wp\/v2\/product"}],"about":[{"href":"https:\/\/uj.adatbank.ro\/lexikon\/wp-json\/wp\/v2\/types\/product"}],"replies":[{"embeddable":true,"href":"https:\/\/uj.adatbank.ro\/lexikon\/wp-json\/wp\/v2\/comments?post=11848"}],"wp:attachment":[{"href":"https:\/\/uj.adatbank.ro\/lexikon\/wp-json\/wp\/v2\/media?parent=11848"}],"wp:term":[{"taxonomy":"product_brand","embeddable":true,"href":"https:\/\/uj.adatbank.ro\/lexikon\/wp-json\/wp\/v2\/product_brand?post=11848"},{"taxonomy":"product_cat","embeddable":true,"href":"https:\/\/uj.adatbank.ro\/lexikon\/wp-json\/wp\/v2\/product_cat?post=11848"},{"taxonomy":"product_tag","embeddable":true,"href":"https:\/\/uj.adatbank.ro\/lexikon\/wp-json\/wp\/v2\/product_tag?post=11848"}],"curies":[{"name":"wp","href":"https:\/\/api.w.org\/{rel}","templated":true}]}}