{"id":11853,"date":"2025-06-29T14:07:08","date_gmt":"2025-06-29T12:07:08","guid":{"rendered":"https:\/\/uj.adatbank.ro\/lexikon\/termek\/kezdivasarhelyi-peter-vasarhelyi-k-peter\/"},"modified":"2025-06-29T14:07:08","modified_gmt":"2025-06-29T12:07:08","slug":"kezdivasarhelyi-peter-vasarhelyi-k-peter","status":"publish","type":"product","link":"https:\/\/uj.adatbank.ro\/lexikon\/termek\/kezdivasarhelyi-peter-vasarhelyi-k-peter\/","title":{"rendered":"K\u00c9ZDIV\u00c1S\u00c1RHELYI P\u00e9ter; V\u00e1s\u00e1rhelyi K. P\u00e9ter"},"content":{"rendered":"<p>1625 k. \u2020 Nagyenyed, 1666 : ref. lelk\u00e9sz, tan\u00e1r. \u2013 Tanult Szatm\u00e1ron, Gyulafeh\u00e9rv\u00e1rt, ahol a keleti nyelvekben \u00e9s a bibliai tudom\u00e1nyokban k\u00e9pezte mag\u00e1t; n\u00e9metalf\u00f6ldi (Utrechtben, Franekerben, Leidenben) \u00e9s angliai egyetemeken, Ap\u00e1czai hollandiai tanul\u00f3t\u00e1rsa volt. Er\u0151s purit\u00e1nus meggy\u0151z\u0151d\u00e9s\u0171 tan\u00e1r volt. Mv.-i tan\u00edt\u00f3, lelk\u00e9sz \u00e9s marossz\u00e9ki esperes (1649\u2013); rektor a mv.-i sk\u00f3l\u00e1ban (1652\u201353); Gyulafeh\u00e9rv\u00e1rt B\u00e1nffy D\u00e9nes, k\u00e9s\u0151bb Barcsai \u00c1kos fejedelmek udvari papja, majd Kv.-on a koll\u00e9gium igazgat\u00f3ja (1661), a gyulafeh\u00e9rv\u00e1rr\u00f3l elmenek\u00fclt koll. di\u00e1kjait tan\u00edtotta Ap\u00e1czai mellett. A nagyenyedi koll (1662\u2013) tan\u00e1ra. A kibontakoz\u00f3 erd\u00e9lyi purit\u00e1nus mozgalom k\u00e9pvisel\u0151je, t\u00f6bb purit\u00e1nus szellem\u0171 m\u0171 szerz\u0151je. A mv.-i skola els\u0151 bejegyzett rektora a Csulai-f\u00e9le anyak\u00f6nyvben, \u00e9s az els\u0151, aki pontos anyak\u00f6nyvet vezetett 40 tanul\u00f3j\u00e1r\u00f3l az 550 lapot tartalmaz\u00f3, b\u0151rk\u00f6t\u00e9s\u0171 k\u00f6nyvben, amely napjainkig megmaradt (1650\u201389). Meg\u00edrta az isk. t\u00f6rv\u00e9nyeit, megszervezte m\u0171k\u0151d\u00e9s\u00e9t. Klasszikus \u00e9s keleti nyelveket, t\u00f6rt\u00e9nelmet \u00e9s teol\u00f3gi\u00e1t tan\u00edtott. Halotti besz\u00e9det Szathm\u00e1ri Baka P\u00e9ter tartott felette ? Izrael Isten\u00e9nek igaz tiszteleti c\u00edmmel. \u00c9let\u00e9ben k\u00e9t William Ames szellem\u00e9ben \u00edrt teol\u00f3giai m\u0171ve jelent meg : De fide, primi theologiae parte; De natura et partitione theologiae (Szeben, 1665) \u2013 <strong>F. m.:<\/strong> Disputatio Theologica (Cibinii, 1665); Politica Ecclesiastica; Exegesisi in Apocalypsim Joannis Theologi; Exegesis in medullam Theologicam Amesii. <br \/><strong>Irod.:<\/strong> Er\u0151s v\u00e1runk; Id\u0151t\u00e1r 1; Koncz; Kozma; Marossz\u00e9ki kr\u00f3nik\u00e1k, 1., A mv.-i ref. egyh\u00e1z (1727\u2013) anyak\u00f6nyve [k\u00e9zirat]; MAM\u0170L Szinnyei; P\u00e1pai P\u00e1riz; V\u00e1rtemplomi lelk\u00e9szek n\u00e9vsora, 1571\u20132000 (\u00daj Kezdet, 2. sz., 2000); Zov\u00e1nyi<\/br><\/p>\n","protected":false},"excerpt":{"rendered":"<p>1625 k. \u2020 Nagyenyed, 1666 : ref. lelk\u00e9sz, tan\u00e1r. \u2013 Tanult Szatm\u00e1ron, Gyulafeh\u00e9rv\u00e1rt, ahol a keleti nyelvekben \u00e9s a bibliai tudom\u00e1nyokban k\u00e9pezte mag\u00e1t; n\u00e9metalf\u00f6ldi (Utrechtben, Franekerben, Leidenben) \u00e9s angliai egyetemeken, Ap\u00e1czai hollandiai tanul\u00f3t\u00e1rsa volt. Er\u0151s purit\u00e1nus meggy\u0151z\u0151d\u00e9s\u0171 tan\u00e1r volt. Mv.-i tan\u00edt\u00f3, lelk\u00e9sz \u00e9s marossz\u00e9ki esperes (1649\u2013); rektor a mv.-i sk\u00f3l\u00e1ban (1652\u201353); Gyulafeh\u00e9rv\u00e1rt B\u00e1nffy D\u00e9nes, k\u00e9s\u0151bb [&hellip;]<\/p>\n","protected":false},"featured_media":0,"comment_status":"open","ping_status":"closed","template":"","meta":[],"product_brand":[],"product_cat":[137],"product_tag":[],"class_list":{"0":"post-11853","1":"product","2":"type-product","3":"status-publish","5":"product_cat-maros-megyei-eletrajzi-lexikon","7":"first","8":"instock","9":"shipping-taxable","10":"product-type-simple"},"_links":{"self":[{"href":"https:\/\/uj.adatbank.ro\/lexikon\/wp-json\/wp\/v2\/product\/11853","targetHints":{"allow":["GET"]}}],"collection":[{"href":"https:\/\/uj.adatbank.ro\/lexikon\/wp-json\/wp\/v2\/product"}],"about":[{"href":"https:\/\/uj.adatbank.ro\/lexikon\/wp-json\/wp\/v2\/types\/product"}],"replies":[{"embeddable":true,"href":"https:\/\/uj.adatbank.ro\/lexikon\/wp-json\/wp\/v2\/comments?post=11853"}],"wp:attachment":[{"href":"https:\/\/uj.adatbank.ro\/lexikon\/wp-json\/wp\/v2\/media?parent=11853"}],"wp:term":[{"taxonomy":"product_brand","embeddable":true,"href":"https:\/\/uj.adatbank.ro\/lexikon\/wp-json\/wp\/v2\/product_brand?post=11853"},{"taxonomy":"product_cat","embeddable":true,"href":"https:\/\/uj.adatbank.ro\/lexikon\/wp-json\/wp\/v2\/product_cat?post=11853"},{"taxonomy":"product_tag","embeddable":true,"href":"https:\/\/uj.adatbank.ro\/lexikon\/wp-json\/wp\/v2\/product_tag?post=11853"}],"curies":[{"name":"wp","href":"https:\/\/api.w.org\/{rel}","templated":true}]}}