{"id":11856,"date":"2025-06-29T14:07:14","date_gmt":"2025-06-29T12:07:14","guid":{"rendered":"https:\/\/uj.adatbank.ro\/lexikon\/termek\/kezel-janos\/"},"modified":"2025-06-29T14:07:14","modified_gmt":"2025-06-29T12:07:14","slug":"kezel-janos","status":"publish","type":"product","link":"https:\/\/uj.adatbank.ro\/lexikon\/termek\/kezel-janos\/","title":{"rendered":"K\u00c9ZEL J\u00e1nos"},"content":{"rendered":"<p>1816.? \u2020 Mv., 1878. nov. 18.: v\u00e1rosi k\u00e9pvisel\u0151, szab\u00f3. \u2013 Testv\u00e9re: K. Erzs\u00e9bet Neuber J\u00f3zsefn\u00e9. Feles\u00e9ge: Balogh Zsuzs\u00e1nna. \u2013 Mv. sz. kir. v\u00e1ros t\u00f6bb \u00e9ven \u00e1t k\u00e9pvisel\u0151je \u00e9s a szab\u00f3-t\u00e1rsulat eln\u00f6ke. <br \/><strong>Irod.:<\/strong> Gy\u00e1szjelent\u0151.<\/br><\/p>\n","protected":false},"excerpt":{"rendered":"<p>1816.? \u2020 Mv., 1878. nov. 18.: v\u00e1rosi k\u00e9pvisel\u0151, szab\u00f3. \u2013 Testv\u00e9re: K. Erzs\u00e9bet Neuber J\u00f3zsefn\u00e9. Feles\u00e9ge: Balogh Zsuzs\u00e1nna. \u2013 Mv. sz. kir. v\u00e1ros t\u00f6bb \u00e9ven \u00e1t k\u00e9pvisel\u0151je \u00e9s a szab\u00f3-t\u00e1rsulat eln\u00f6ke. Irod.: Gy\u00e1szjelent\u0151.<\/p>\n","protected":false},"featured_media":0,"comment_status":"open","ping_status":"closed","template":"","meta":[],"product_brand":[],"product_cat":[137],"product_tag":[],"class_list":{"0":"post-11856","1":"product","2":"type-product","3":"status-publish","5":"product_cat-maros-megyei-eletrajzi-lexikon","7":"first","8":"instock","9":"shipping-taxable","10":"product-type-simple"},"_links":{"self":[{"href":"https:\/\/uj.adatbank.ro\/lexikon\/wp-json\/wp\/v2\/product\/11856","targetHints":{"allow":["GET"]}}],"collection":[{"href":"https:\/\/uj.adatbank.ro\/lexikon\/wp-json\/wp\/v2\/product"}],"about":[{"href":"https:\/\/uj.adatbank.ro\/lexikon\/wp-json\/wp\/v2\/types\/product"}],"replies":[{"embeddable":true,"href":"https:\/\/uj.adatbank.ro\/lexikon\/wp-json\/wp\/v2\/comments?post=11856"}],"wp:attachment":[{"href":"https:\/\/uj.adatbank.ro\/lexikon\/wp-json\/wp\/v2\/media?parent=11856"}],"wp:term":[{"taxonomy":"product_brand","embeddable":true,"href":"https:\/\/uj.adatbank.ro\/lexikon\/wp-json\/wp\/v2\/product_brand?post=11856"},{"taxonomy":"product_cat","embeddable":true,"href":"https:\/\/uj.adatbank.ro\/lexikon\/wp-json\/wp\/v2\/product_cat?post=11856"},{"taxonomy":"product_tag","embeddable":true,"href":"https:\/\/uj.adatbank.ro\/lexikon\/wp-json\/wp\/v2\/product_tag?post=11856"}],"curies":[{"name":"wp","href":"https:\/\/api.w.org\/{rel}","templated":true}]}}