{"id":11857,"date":"2025-06-29T14:07:17","date_gmt":"2025-06-29T12:07:17","guid":{"rendered":"https:\/\/uj.adatbank.ro\/lexikon\/termek\/kezel-karoly\/"},"modified":"2025-06-29T14:07:17","modified_gmt":"2025-06-29T12:07:17","slug":"kezel-karoly","status":"publish","type":"product","link":"https:\/\/uj.adatbank.ro\/lexikon\/termek\/kezel-karoly\/","title":{"rendered":"K\u00c9ZEL K\u00e1roly"},"content":{"rendered":"<p>1837.? \u2020 Mv., 1910. dec. 15.: egyh\u00e1zi tan\u00e1csos. \u2013 Testv\u00e9rei: K. R\u00f3za Seidl K\u00e1rolyn\u00e9; K. Berta Veres Mih\u00e1lyn\u00e9. Feles\u00e9ge: 1. Csekme Roz\u00e1lia (1847 \u2013 Mv., 1886. m\u00e1rc. 11.). Gyermekeik: K. J\u00f3zsef, feles\u00e9ge Kurth Erzsi; R\u00f3za; K\u00e1roly; Lujza; Ferenc, feles\u00e9ge Vir\u00e1nyi Margit; Katalin, Veress L\u00e1szl\u00f3n\u00e9; Berta, Szil\u00e1gyi Imr\u00e9n\u00e9; \u00e9s Rudolf. 2. Bukaresti Roz\u00e1lia. \u2013 A r. k. egyh\u00e1z tan\u00e1csosa \u00e9s gondnoka, a Mv.-i \u00d6. T. Egylet oszt\u00e1lyparancsnoka. <br \/><strong>Irod.:<\/strong> Gy\u00e1szjelent\u0151<\/br><\/p>\n","protected":false},"excerpt":{"rendered":"<p>1837.? \u2020 Mv., 1910. dec. 15.: egyh\u00e1zi tan\u00e1csos. \u2013 Testv\u00e9rei: K. R\u00f3za Seidl K\u00e1rolyn\u00e9; K. Berta Veres Mih\u00e1lyn\u00e9. Feles\u00e9ge: 1. Csekme Roz\u00e1lia (1847 \u2013 Mv., 1886. m\u00e1rc. 11.). Gyermekeik: K. J\u00f3zsef, feles\u00e9ge Kurth Erzsi; R\u00f3za; K\u00e1roly; Lujza; Ferenc, feles\u00e9ge Vir\u00e1nyi Margit; Katalin, Veress L\u00e1szl\u00f3n\u00e9; Berta, Szil\u00e1gyi Imr\u00e9n\u00e9; \u00e9s Rudolf. 2. Bukaresti Roz\u00e1lia. \u2013 A r. [&hellip;]<\/p>\n","protected":false},"featured_media":0,"comment_status":"open","ping_status":"closed","template":"","meta":[],"product_brand":[],"product_cat":[137],"product_tag":[],"class_list":{"0":"post-11857","1":"product","2":"type-product","3":"status-publish","5":"product_cat-maros-megyei-eletrajzi-lexikon","7":"first","8":"instock","9":"shipping-taxable","10":"product-type-simple"},"_links":{"self":[{"href":"https:\/\/uj.adatbank.ro\/lexikon\/wp-json\/wp\/v2\/product\/11857","targetHints":{"allow":["GET"]}}],"collection":[{"href":"https:\/\/uj.adatbank.ro\/lexikon\/wp-json\/wp\/v2\/product"}],"about":[{"href":"https:\/\/uj.adatbank.ro\/lexikon\/wp-json\/wp\/v2\/types\/product"}],"replies":[{"embeddable":true,"href":"https:\/\/uj.adatbank.ro\/lexikon\/wp-json\/wp\/v2\/comments?post=11857"}],"wp:attachment":[{"href":"https:\/\/uj.adatbank.ro\/lexikon\/wp-json\/wp\/v2\/media?parent=11857"}],"wp:term":[{"taxonomy":"product_brand","embeddable":true,"href":"https:\/\/uj.adatbank.ro\/lexikon\/wp-json\/wp\/v2\/product_brand?post=11857"},{"taxonomy":"product_cat","embeddable":true,"href":"https:\/\/uj.adatbank.ro\/lexikon\/wp-json\/wp\/v2\/product_cat?post=11857"},{"taxonomy":"product_tag","embeddable":true,"href":"https:\/\/uj.adatbank.ro\/lexikon\/wp-json\/wp\/v2\/product_tag?post=11857"}],"curies":[{"name":"wp","href":"https:\/\/api.w.org\/{rel}","templated":true}]}}