{"id":11858,"date":"2025-06-29T14:07:20","date_gmt":"2025-06-29T12:07:20","guid":{"rendered":"https:\/\/uj.adatbank.ro\/lexikon\/termek\/kheil-ottmar\/"},"modified":"2025-06-29T14:07:20","modified_gmt":"2025-06-29T12:07:20","slug":"kheil-ottmar","status":"publish","type":"product","link":"https:\/\/uj.adatbank.ro\/lexikon\/termek\/kheil-ottmar\/","title":{"rendered":"KHEIL, Ottmar"},"content":{"rendered":"<p>Dics\u0151szentm\u00e1rton, 1929. \u00e1pr. 25., \u2020 ? : b\u00e1nyam\u00e9rn\u00f6k. \u2013 A k\u00f6z\u00e9piskol\u00e1t sz\u00fcl\u0151v\u00e1ros\u00e1ban (1940\u201343), Szebenben (1943\u201344), Aradon (1945\u201349) v\u00e9gezte ; az egyetemen a Bradi B\u00e1ny\u00e1szati Int\u00e9zetben (1949\u201352) \u00e9s Buk.-ben (1952\u201354) j\u00e1rt ; doktor\u00e1lt (1979), dolgozat\u00e1nak c\u00edme : Posibilit\u0103\u0163i de m\u0103rire a extrac\u0163iilor \u00een prepararea prin amalganare \u015fi flota\u0163ie a minereurilor cu abur liber \u015fi con\u0163inut redus. Dolgozott mint m\u00e9rn\u00f6k, szekci\u00f3f\u0151n\u00f6k, f\u0151m\u00e9rn\u00f6k Barzan (\u20131993), mint tan\u00e1r a Petrozs\u00e9nyi F\u0151iskol\u00e1n (1979\u201380). Szakdolgozatai : Revista Mine, Petrol, Gaze; Revista Minelor. Kit\u0171ntetesei : Medalia Muncii; Munka\u00e9rdemrend (Ordinul Muncii) III. oszt..; Diploma de Excelen\u0163\u0103; ASIT (1964\u201389), AGIR (1996\u201397) tag. \u2013 <strong>F. m.:<\/strong> C\u0103ile folosite \u00een cadrul uzinei de preparare \u00een vederea cre\u015fterii extrac\u0163iilor. (sl., 1963); Posibilit\u0103\u0163i de \u00eembun\u0103t\u0103\u0163ire din instala\u0163ia de. ( sl., 1964); Realiz\u0103ri \u015fi perspective de modernizarea fluxurilor de preparare (sl. 1983); Unele considera\u0163ii privind recuperarea aurului prin metode hidrometalurgice ( sl., 1991); Nou\u0103 tehnologie de extrac\u0163ie prin amalgamarea aurului liber din minereurile cu con\u0163inut redus ( sl., 1992).; Metale nobile. Conducerea \u015ftiin\u0163ific\u0103 a tehnologiilor de exploatare, preparare \u015fi cercetare (T\u00e2rgovi\u015fte, 2001); <strong>t\u00e1rssz.:<\/strong> Cercet\u0103ri privind \u00eembun\u0103t\u0103\u0163irea prepar\u0103rii minereurilor aurifere s\u0103race prin preconcentrare gravita\u0163ional\u0103 (s. l., 1974); Flotoamalgamarea \u2013 un nou procedeu de extragere a aurului liber din minereurile cu con\u0163inut redus ( sl., 1977), Studiu privind stabilirea tehnologiei de. a minereurilor Barza ( sl., 1983); Cercet\u0103ri privind stabilirea tehnologiei de prelucrare a minereurilor Barza ( sl., 1992); Cercet\u0103ri pentru extragerea aurului din concentratele de pirit\u0103 aurifer\u0103 Barza prin procedeul CIP (sl., 1993). Ny\u00e1r\u00e1dszentbenedek DS; Todea\u2013F\u00fcl\u00f6p\u2013Avram<\/br><\/p>\n","protected":false},"excerpt":{"rendered":"<p>Dics\u0151szentm\u00e1rton, 1929. \u00e1pr. 25., \u2020 ? : b\u00e1nyam\u00e9rn\u00f6k. \u2013 A k\u00f6z\u00e9piskol\u00e1t sz\u00fcl\u0151v\u00e1ros\u00e1ban (1940\u201343), Szebenben (1943\u201344), Aradon (1945\u201349) v\u00e9gezte ; az egyetemen a Bradi B\u00e1ny\u00e1szati Int\u00e9zetben (1949\u201352) \u00e9s Buk.-ben (1952\u201354) j\u00e1rt ; doktor\u00e1lt (1979), dolgozat\u00e1nak c\u00edme : Posibilit\u0103\u0163i de m\u0103rire a extrac\u0163iilor \u00een prepararea prin amalganare \u015fi flota\u0163ie a minereurilor cu abur liber \u015fi con\u0163inut redus. [&hellip;]<\/p>\n","protected":false},"featured_media":0,"comment_status":"open","ping_status":"closed","template":"","meta":[],"product_brand":[],"product_cat":[137],"product_tag":[],"class_list":{"0":"post-11858","1":"product","2":"type-product","3":"status-publish","5":"product_cat-maros-megyei-eletrajzi-lexikon","7":"first","8":"instock","9":"shipping-taxable","10":"product-type-simple"},"_links":{"self":[{"href":"https:\/\/uj.adatbank.ro\/lexikon\/wp-json\/wp\/v2\/product\/11858","targetHints":{"allow":["GET"]}}],"collection":[{"href":"https:\/\/uj.adatbank.ro\/lexikon\/wp-json\/wp\/v2\/product"}],"about":[{"href":"https:\/\/uj.adatbank.ro\/lexikon\/wp-json\/wp\/v2\/types\/product"}],"replies":[{"embeddable":true,"href":"https:\/\/uj.adatbank.ro\/lexikon\/wp-json\/wp\/v2\/comments?post=11858"}],"wp:attachment":[{"href":"https:\/\/uj.adatbank.ro\/lexikon\/wp-json\/wp\/v2\/media?parent=11858"}],"wp:term":[{"taxonomy":"product_brand","embeddable":true,"href":"https:\/\/uj.adatbank.ro\/lexikon\/wp-json\/wp\/v2\/product_brand?post=11858"},{"taxonomy":"product_cat","embeddable":true,"href":"https:\/\/uj.adatbank.ro\/lexikon\/wp-json\/wp\/v2\/product_cat?post=11858"},{"taxonomy":"product_tag","embeddable":true,"href":"https:\/\/uj.adatbank.ro\/lexikon\/wp-json\/wp\/v2\/product_tag?post=11858"}],"curies":[{"name":"wp","href":"https:\/\/api.w.org\/{rel}","templated":true}]}}