{"id":11861,"date":"2025-06-29T14:07:25","date_gmt":"2025-06-29T12:07:25","guid":{"rendered":"https:\/\/uj.adatbank.ro\/lexikon\/termek\/kibedi-bernad-gyorgy-kibedi-gyorgy\/"},"modified":"2025-06-29T14:07:25","modified_gmt":"2025-06-29T12:07:25","slug":"kibedi-bernad-gyorgy-kibedi-gyorgy","status":"publish","type":"product","link":"https:\/\/uj.adatbank.ro\/lexikon\/termek\/kibedi-bernad-gyorgy-kibedi-gyorgy\/","title":{"rendered":"KIB\u00c9DI BERN\u00c1D Gy\u00f6rgy, Kib\u00e9di Gy\u00f6rgy"},"content":{"rendered":"<p>? \u2020 ? : tan\u00edt\u00f3. \u2013 Mv.-en subscrib\u00e1lt (1681). Balav\u00e1s\u00e1ron \u00e9s Magyarkir\u00e1lyfalv\u00e1n (1689) tan\u00edtott. Nagyenyedre iratkozott be (1689\u2013), majd Radn\u00f3ton rektor (1692\u20131701). <br \/><strong>Irod.:<\/strong> K\u00fck\u00fcll\u0151i Ref. Egyh\u00e1zm. 1., 3., 4.<\/br><\/p>\n","protected":false},"excerpt":{"rendered":"<p>? \u2020 ? : tan\u00edt\u00f3. \u2013 Mv.-en subscrib\u00e1lt (1681). Balav\u00e1s\u00e1ron \u00e9s Magyarkir\u00e1lyfalv\u00e1n (1689) tan\u00edtott. Nagyenyedre iratkozott be (1689\u2013), majd Radn\u00f3ton rektor (1692\u20131701). Irod.: K\u00fck\u00fcll\u0151i Ref. Egyh\u00e1zm. 1., 3., 4.<\/p>\n","protected":false},"featured_media":0,"comment_status":"open","ping_status":"closed","template":"","meta":[],"product_brand":[],"product_cat":[137],"product_tag":[],"class_list":{"0":"post-11861","1":"product","2":"type-product","3":"status-publish","5":"product_cat-maros-megyei-eletrajzi-lexikon","7":"first","8":"instock","9":"shipping-taxable","10":"product-type-simple"},"_links":{"self":[{"href":"https:\/\/uj.adatbank.ro\/lexikon\/wp-json\/wp\/v2\/product\/11861","targetHints":{"allow":["GET"]}}],"collection":[{"href":"https:\/\/uj.adatbank.ro\/lexikon\/wp-json\/wp\/v2\/product"}],"about":[{"href":"https:\/\/uj.adatbank.ro\/lexikon\/wp-json\/wp\/v2\/types\/product"}],"replies":[{"embeddable":true,"href":"https:\/\/uj.adatbank.ro\/lexikon\/wp-json\/wp\/v2\/comments?post=11861"}],"wp:attachment":[{"href":"https:\/\/uj.adatbank.ro\/lexikon\/wp-json\/wp\/v2\/media?parent=11861"}],"wp:term":[{"taxonomy":"product_brand","embeddable":true,"href":"https:\/\/uj.adatbank.ro\/lexikon\/wp-json\/wp\/v2\/product_brand?post=11861"},{"taxonomy":"product_cat","embeddable":true,"href":"https:\/\/uj.adatbank.ro\/lexikon\/wp-json\/wp\/v2\/product_cat?post=11861"},{"taxonomy":"product_tag","embeddable":true,"href":"https:\/\/uj.adatbank.ro\/lexikon\/wp-json\/wp\/v2\/product_tag?post=11861"}],"curies":[{"name":"wp","href":"https:\/\/api.w.org\/{rel}","templated":true}]}}