{"id":11867,"date":"2025-06-29T14:07:34","date_gmt":"2025-06-29T12:07:34","guid":{"rendered":"https:\/\/uj.adatbank.ro\/lexikon\/termek\/kibedi-jozsef\/"},"modified":"2025-06-29T14:07:34","modified_gmt":"2025-06-29T12:07:34","slug":"kibedi-jozsef","status":"publish","type":"product","link":"https:\/\/uj.adatbank.ro\/lexikon\/termek\/kibedi-jozsef\/","title":{"rendered":"KIB\u00c9DI J\u00f3zsef"},"content":{"rendered":"<p>Ny\u00e1r\u00e1dk\u00f6szv\u00e9nyes, 1893. m\u00e1rc. 20., \u2020 ? : gazd\u00e1lkod\u00f3. A t\u00e1rsadalmi rend elleni t\u00e9nyked\u00e9snek min\u0151s\u00edtett\u00e9k a Jehova-tanui magatart\u00e1s\u00e1t \u00e9s b\u00edr\u00f3s\u00e1g el\u00e9 licit\u00e1lt\u00e1k. <br \/><strong>Irod.:<\/strong> 1956 Erd\u00e9lyben<\/br><\/p>\n","protected":false},"excerpt":{"rendered":"<p>Ny\u00e1r\u00e1dk\u00f6szv\u00e9nyes, 1893. m\u00e1rc. 20., \u2020 ? : gazd\u00e1lkod\u00f3. A t\u00e1rsadalmi rend elleni t\u00e9nyked\u00e9snek min\u0151s\u00edtett\u00e9k a Jehova-tanui magatart\u00e1s\u00e1t \u00e9s b\u00edr\u00f3s\u00e1g el\u00e9 licit\u00e1lt\u00e1k. Irod.: 1956 Erd\u00e9lyben<\/p>\n","protected":false},"featured_media":0,"comment_status":"open","ping_status":"closed","template":"","meta":[],"product_brand":[],"product_cat":[137],"product_tag":[],"class_list":{"0":"post-11867","1":"product","2":"type-product","3":"status-publish","5":"product_cat-maros-megyei-eletrajzi-lexikon","7":"first","8":"instock","9":"shipping-taxable","10":"product-type-simple"},"_links":{"self":[{"href":"https:\/\/uj.adatbank.ro\/lexikon\/wp-json\/wp\/v2\/product\/11867","targetHints":{"allow":["GET"]}}],"collection":[{"href":"https:\/\/uj.adatbank.ro\/lexikon\/wp-json\/wp\/v2\/product"}],"about":[{"href":"https:\/\/uj.adatbank.ro\/lexikon\/wp-json\/wp\/v2\/types\/product"}],"replies":[{"embeddable":true,"href":"https:\/\/uj.adatbank.ro\/lexikon\/wp-json\/wp\/v2\/comments?post=11867"}],"wp:attachment":[{"href":"https:\/\/uj.adatbank.ro\/lexikon\/wp-json\/wp\/v2\/media?parent=11867"}],"wp:term":[{"taxonomy":"product_brand","embeddable":true,"href":"https:\/\/uj.adatbank.ro\/lexikon\/wp-json\/wp\/v2\/product_brand?post=11867"},{"taxonomy":"product_cat","embeddable":true,"href":"https:\/\/uj.adatbank.ro\/lexikon\/wp-json\/wp\/v2\/product_cat?post=11867"},{"taxonomy":"product_tag","embeddable":true,"href":"https:\/\/uj.adatbank.ro\/lexikon\/wp-json\/wp\/v2\/product_tag?post=11867"}],"curies":[{"name":"wp","href":"https:\/\/api.w.org\/{rel}","templated":true}]}}