{"id":11869,"date":"2025-06-29T14:07:39","date_gmt":"2025-06-29T12:07:39","guid":{"rendered":"https:\/\/uj.adatbank.ro\/lexikon\/termek\/kibedi-marton\/"},"modified":"2025-06-29T14:07:39","modified_gmt":"2025-06-29T12:07:39","slug":"kibedi-marton","status":"publish","type":"product","link":"https:\/\/uj.adatbank.ro\/lexikon\/termek\/kibedi-marton\/","title":{"rendered":"KIB\u00c9DI M\u00e1rton"},"content":{"rendered":"<p>? \u2020 ? : tan\u00edt\u00f3. \u2013 Ny\u00e1r\u00e1dszentann\u00e1n volt tan\u00edt\u00f3mester (1728). <br \/><strong>Irod.:<\/strong> Imreh Barna<\/br><\/p>\n","protected":false},"excerpt":{"rendered":"<p>? \u2020 ? : tan\u00edt\u00f3. \u2013 Ny\u00e1r\u00e1dszentann\u00e1n volt tan\u00edt\u00f3mester (1728). Irod.: Imreh Barna<\/p>\n","protected":false},"featured_media":0,"comment_status":"open","ping_status":"closed","template":"","meta":[],"product_brand":[],"product_cat":[137],"product_tag":[],"class_list":{"0":"post-11869","1":"product","2":"type-product","3":"status-publish","5":"product_cat-maros-megyei-eletrajzi-lexikon","7":"first","8":"instock","9":"shipping-taxable","10":"product-type-simple"},"_links":{"self":[{"href":"https:\/\/uj.adatbank.ro\/lexikon\/wp-json\/wp\/v2\/product\/11869","targetHints":{"allow":["GET"]}}],"collection":[{"href":"https:\/\/uj.adatbank.ro\/lexikon\/wp-json\/wp\/v2\/product"}],"about":[{"href":"https:\/\/uj.adatbank.ro\/lexikon\/wp-json\/wp\/v2\/types\/product"}],"replies":[{"embeddable":true,"href":"https:\/\/uj.adatbank.ro\/lexikon\/wp-json\/wp\/v2\/comments?post=11869"}],"wp:attachment":[{"href":"https:\/\/uj.adatbank.ro\/lexikon\/wp-json\/wp\/v2\/media?parent=11869"}],"wp:term":[{"taxonomy":"product_brand","embeddable":true,"href":"https:\/\/uj.adatbank.ro\/lexikon\/wp-json\/wp\/v2\/product_brand?post=11869"},{"taxonomy":"product_cat","embeddable":true,"href":"https:\/\/uj.adatbank.ro\/lexikon\/wp-json\/wp\/v2\/product_cat?post=11869"},{"taxonomy":"product_tag","embeddable":true,"href":"https:\/\/uj.adatbank.ro\/lexikon\/wp-json\/wp\/v2\/product_tag?post=11869"}],"curies":[{"name":"wp","href":"https:\/\/api.w.org\/{rel}","templated":true}]}}