{"id":11877,"date":"2025-06-29T14:07:50","date_gmt":"2025-06-29T12:07:50","guid":{"rendered":"https:\/\/uj.adatbank.ro\/lexikon\/termek\/kibedi-peterffi-laszlo\/"},"modified":"2025-06-29T14:07:50","modified_gmt":"2025-06-29T12:07:50","slug":"kibedi-peterffi-laszlo","status":"publish","type":"product","link":"https:\/\/uj.adatbank.ro\/lexikon\/termek\/kibedi-peterffi-laszlo\/","title":{"rendered":"KIB\u00c9DI P\u00c9TERFFi L\u00e1szl\u00f3"},"content":{"rendered":"<p>? \u2020 ? : pap. \u2013 S\u00e1romberke papja, aki a g\u00f6rg\u00e9nyi egyh\u00e1zmegye jegyz\u0151je, esperese (1761\u20131797). Egyh\u00e1zi anyak\u00f6nyvet kezdet vezetni (1757\u2013), Liber Ecclesiae Saromberkensis c\u00edmmel, amelyben t\u00f6bb \u00e9rdekes t\u00f6rt\u00e9nemi, falut\u00f6rt\u00e9neti, term\u00e9szeti esem\u00e9nyeket jegyzett fel. <br \/><strong>Irod.:<\/strong> Berekm\u00e9ri<\/br><\/p>\n","protected":false},"excerpt":{"rendered":"<p>? \u2020 ? : pap. \u2013 S\u00e1romberke papja, aki a g\u00f6rg\u00e9nyi egyh\u00e1zmegye jegyz\u0151je, esperese (1761\u20131797). Egyh\u00e1zi anyak\u00f6nyvet kezdet vezetni (1757\u2013), Liber Ecclesiae Saromberkensis c\u00edmmel, amelyben t\u00f6bb \u00e9rdekes t\u00f6rt\u00e9nemi, falut\u00f6rt\u00e9neti, term\u00e9szeti esem\u00e9nyeket jegyzett fel. Irod.: Berekm\u00e9ri<\/p>\n","protected":false},"featured_media":0,"comment_status":"open","ping_status":"closed","template":"","meta":[],"product_brand":[],"product_cat":[137],"product_tag":[],"class_list":{"0":"post-11877","1":"product","2":"type-product","3":"status-publish","5":"product_cat-maros-megyei-eletrajzi-lexikon","7":"first","8":"instock","9":"shipping-taxable","10":"product-type-simple"},"_links":{"self":[{"href":"https:\/\/uj.adatbank.ro\/lexikon\/wp-json\/wp\/v2\/product\/11877","targetHints":{"allow":["GET"]}}],"collection":[{"href":"https:\/\/uj.adatbank.ro\/lexikon\/wp-json\/wp\/v2\/product"}],"about":[{"href":"https:\/\/uj.adatbank.ro\/lexikon\/wp-json\/wp\/v2\/types\/product"}],"replies":[{"embeddable":true,"href":"https:\/\/uj.adatbank.ro\/lexikon\/wp-json\/wp\/v2\/comments?post=11877"}],"wp:attachment":[{"href":"https:\/\/uj.adatbank.ro\/lexikon\/wp-json\/wp\/v2\/media?parent=11877"}],"wp:term":[{"taxonomy":"product_brand","embeddable":true,"href":"https:\/\/uj.adatbank.ro\/lexikon\/wp-json\/wp\/v2\/product_brand?post=11877"},{"taxonomy":"product_cat","embeddable":true,"href":"https:\/\/uj.adatbank.ro\/lexikon\/wp-json\/wp\/v2\/product_cat?post=11877"},{"taxonomy":"product_tag","embeddable":true,"href":"https:\/\/uj.adatbank.ro\/lexikon\/wp-json\/wp\/v2\/product_tag?post=11877"}],"curies":[{"name":"wp","href":"https:\/\/api.w.org\/{rel}","templated":true}]}}