{"id":11880,"date":"2025-06-29T14:07:56","date_gmt":"2025-06-29T12:07:56","guid":{"rendered":"https:\/\/uj.adatbank.ro\/lexikon\/termek\/kibedi-s-ferenc\/"},"modified":"2025-06-29T14:07:56","modified_gmt":"2025-06-29T12:07:56","slug":"kibedi-s-ferenc","status":"publish","type":"product","link":"https:\/\/uj.adatbank.ro\/lexikon\/termek\/kibedi-s-ferenc\/","title":{"rendered":"KIB\u00c9DI S. Ferenc"},"content":{"rendered":"<p>Ny\u00e1r\u00e1dk\u00f6szv\u00e9nyes, 1891., \u2020  Ny\u00e1r\u00e1dk\u00f6szv\u00e9nyes, ?: tartal\u00e9kos szakaszvezet\u0151. \u2013 A m. kir. 22. gyalog- \u00e9s 20. t\u00e1bori t\u00fcz\u00e9rezredn\u00e9l. <strong>Kit\u00fcntet\u00e9sei:<\/strong> O1, Kcsk, Seb\u00c9, MHE\u00c9., vit\u00e9zi avat\u00e1sa: 1943. m\u00e1rc. 10. 100 % rokkant <br \/><strong>Irod.:<\/strong> Berekm\u00e9ri\u2013Nemes<\/br><\/p>\n","protected":false},"excerpt":{"rendered":"<p>Ny\u00e1r\u00e1dk\u00f6szv\u00e9nyes, 1891., \u2020 Ny\u00e1r\u00e1dk\u00f6szv\u00e9nyes, ?: tartal\u00e9kos szakaszvezet\u0151. \u2013 A m. kir. 22. gyalog- \u00e9s 20. t\u00e1bori t\u00fcz\u00e9rezredn\u00e9l. Kit\u00fcntet\u00e9sei: O1, Kcsk, Seb\u00c9, MHE\u00c9., vit\u00e9zi avat\u00e1sa: 1943. m\u00e1rc. 10. 100 % rokkant Irod.: Berekm\u00e9ri\u2013Nemes<\/p>\n","protected":false},"featured_media":0,"comment_status":"open","ping_status":"closed","template":"","meta":[],"product_brand":[],"product_cat":[137],"product_tag":[],"class_list":{"0":"post-11880","1":"product","2":"type-product","3":"status-publish","5":"product_cat-maros-megyei-eletrajzi-lexikon","7":"first","8":"instock","9":"shipping-taxable","10":"product-type-simple"},"_links":{"self":[{"href":"https:\/\/uj.adatbank.ro\/lexikon\/wp-json\/wp\/v2\/product\/11880","targetHints":{"allow":["GET"]}}],"collection":[{"href":"https:\/\/uj.adatbank.ro\/lexikon\/wp-json\/wp\/v2\/product"}],"about":[{"href":"https:\/\/uj.adatbank.ro\/lexikon\/wp-json\/wp\/v2\/types\/product"}],"replies":[{"embeddable":true,"href":"https:\/\/uj.adatbank.ro\/lexikon\/wp-json\/wp\/v2\/comments?post=11880"}],"wp:attachment":[{"href":"https:\/\/uj.adatbank.ro\/lexikon\/wp-json\/wp\/v2\/media?parent=11880"}],"wp:term":[{"taxonomy":"product_brand","embeddable":true,"href":"https:\/\/uj.adatbank.ro\/lexikon\/wp-json\/wp\/v2\/product_brand?post=11880"},{"taxonomy":"product_cat","embeddable":true,"href":"https:\/\/uj.adatbank.ro\/lexikon\/wp-json\/wp\/v2\/product_cat?post=11880"},{"taxonomy":"product_tag","embeddable":true,"href":"https:\/\/uj.adatbank.ro\/lexikon\/wp-json\/wp\/v2\/product_tag?post=11880"}],"curies":[{"name":"wp","href":"https:\/\/api.w.org\/{rel}","templated":true}]}}