{"id":11882,"date":"2025-06-29T14:08:02","date_gmt":"2025-06-29T12:08:02","guid":{"rendered":"https:\/\/uj.adatbank.ro\/lexikon\/termek\/kibedi-sandor-kibedi-laszlo-sandor-hapka-a-csaladneve\/"},"modified":"2025-06-29T14:08:02","modified_gmt":"2025-06-29T12:08:02","slug":"kibedi-sandor-kibedi-laszlo-sandor-hapka-a-csaladneve","status":"publish","type":"product","link":"https:\/\/uj.adatbank.ro\/lexikon\/termek\/kibedi-sandor-kibedi-laszlo-sandor-hapka-a-csaladneve\/","title":{"rendered":"KIB\u00c9DI S\u00e1ndor, Kib\u00e9di L\u00e1szl\u00f3 S\u00e1ndor; Hapka a csal\u00e1dneve"},"content":{"rendered":"<p>Nagysomk\u00fat (M\u00e1ramaros), 1879. m\u00e1rc. 3., \u2020 Kv., 1941. dec. 16.: h\u00edrlap\u00edr\u00f3, \u00edr\u00f3, k\u00f6lt\u0151, m\u0171ford\u00edt\u00f3. \u2013 \u00cdr\u00e1sait \u00e9desanyja csal\u00e1di el\u0151nev\u00e9vel jegyezte (Kib\u00e9di L\u00e1szl\u00f3 Ter\u00e9z). Sok mindennel foglalkozott: borb\u00e9ly, \u00e9p\u00edt\u0151munk\u00e1s Kib\u00e9den, v\u00e1ndorsz\u00edn\u00e9sz, cirkuszi akrobata \u00e9s c\u00e9ll\u00f6v\u0151. Versekkel jelentkezett (1920). K\u00f6z\u00f6lt a K\u0151v\u00e1rvid\u00e9k, (Nagysomk\u00fat), Nagyb\u00e1nyai H\u00edrlap, Keleti \u00dajs\u00e1g, Ellenz\u00e9k, Brass\u00f3i Lapok, P\u00e1sztort\u0171z, nagyszalontai Szemle, erd\u00e9lyi lapokban. A kv.-i \u00dajs\u00e1g c. napilap f\u0151szerk., majd a Korunk felel\u0151s szerk.-je (1931\u2013), a Trib\u00fcn baloldali foly\u00f3irat f\u0151munkat\u00e1rsa (1935\u2013), Sz\u00e9phalom c. -mel alap\u00edtott foly\u00f3iratot, amelynek c\u00e9lkkit\u0171z\u00e9se a rom\u00e1n-m. kapcsolatok szolg\u00e1lata (1937\u201338). Rom\u00e1n k\u00f6lt\u0151kt\u0151l, f\u0151leg Eminescu, Goga, Cotru\u0219 m\u0171veib\u0151l ford\u00edtott. &#8211; <strong>F. m.:<\/strong> 1924\u20131944 Helikon; \u00cdgy akarom (Dics\u0151szentm\u00e1rton, 1924); Diadalmas \u00e9let (Dics\u0151szentm\u00e1rton, 1924); Tengerz\u00fag\u00e1s (Kv., 1926); \u00d6rv\u00e9ny ( ??), Megj\u00f6tt a reggel (versek, Kv., 1931), Szeptember v\u00e9g\u00e9n (k\u00f6lt\u0151i sz\u00ednj\u00e1t\u00e9k, Kv., 1933); Pet\u0151fi \u00e9s Pila Anik\u00f3: V\u00e1lasz egy tanulm\u00e1nyra (Kv., 1939); <strong>ford.:<\/strong> Eminescu Mih\u00e1ly: \u00d6sszes k\u00f6ltem\u00e9nyei (Kv., 1934); Aron Cotru\u015f: Versek (Kv., 1935)< Octavian Goga: K\u00f6ltem\u00e9nyek (Kv., 1938). <br \/><strong>Irod.:<\/strong> Ga\u00e1l Gy.; Guly\u00e1s; Helikon 1924\u20131944; Kib\u00e9d; Kib\u00e9d \u00e9s egyh\u00e1za; Marosi-Helikon; R\u00e9thy\u2013V\u00e1czy; \u00daIL<\/br><\/p>\n","protected":false},"excerpt":{"rendered":"<p>Nagysomk\u00fat (M\u00e1ramaros), 1879. m\u00e1rc. 3., \u2020 Kv., 1941. dec. 16.: h\u00edrlap\u00edr\u00f3, \u00edr\u00f3, k\u00f6lt\u0151, m\u0171ford\u00edt\u00f3. \u2013 \u00cdr\u00e1sait \u00e9desanyja csal\u00e1di el\u0151nev\u00e9vel jegyezte (Kib\u00e9di L\u00e1szl\u00f3 Ter\u00e9z). Sok mindennel foglalkozott: borb\u00e9ly, \u00e9p\u00edt\u0151munk\u00e1s Kib\u00e9den, v\u00e1ndorsz\u00edn\u00e9sz, cirkuszi akrobata \u00e9s c\u00e9ll\u00f6v\u0151. Versekkel jelentkezett (1920). K\u00f6z\u00f6lt a K\u0151v\u00e1rvid\u00e9k, (Nagysomk\u00fat), Nagyb\u00e1nyai H\u00edrlap, Keleti \u00dajs\u00e1g, Ellenz\u00e9k, Brass\u00f3i Lapok, P\u00e1sztort\u0171z, nagyszalontai Szemle, erd\u00e9lyi lapokban. A kv.-i [&hellip;]<\/p>\n","protected":false},"featured_media":0,"comment_status":"open","ping_status":"closed","template":"","meta":[],"product_brand":[],"product_cat":[137],"product_tag":[],"class_list":{"0":"post-11882","1":"product","2":"type-product","3":"status-publish","5":"product_cat-maros-megyei-eletrajzi-lexikon","7":"first","8":"instock","9":"shipping-taxable","10":"product-type-simple"},"_links":{"self":[{"href":"https:\/\/uj.adatbank.ro\/lexikon\/wp-json\/wp\/v2\/product\/11882","targetHints":{"allow":["GET"]}}],"collection":[{"href":"https:\/\/uj.adatbank.ro\/lexikon\/wp-json\/wp\/v2\/product"}],"about":[{"href":"https:\/\/uj.adatbank.ro\/lexikon\/wp-json\/wp\/v2\/types\/product"}],"replies":[{"embeddable":true,"href":"https:\/\/uj.adatbank.ro\/lexikon\/wp-json\/wp\/v2\/comments?post=11882"}],"wp:attachment":[{"href":"https:\/\/uj.adatbank.ro\/lexikon\/wp-json\/wp\/v2\/media?parent=11882"}],"wp:term":[{"taxonomy":"product_brand","embeddable":true,"href":"https:\/\/uj.adatbank.ro\/lexikon\/wp-json\/wp\/v2\/product_brand?post=11882"},{"taxonomy":"product_cat","embeddable":true,"href":"https:\/\/uj.adatbank.ro\/lexikon\/wp-json\/wp\/v2\/product_cat?post=11882"},{"taxonomy":"product_tag","embeddable":true,"href":"https:\/\/uj.adatbank.ro\/lexikon\/wp-json\/wp\/v2\/product_tag?post=11882"}],"curies":[{"name":"wp","href":"https:\/\/api.w.org\/{rel}","templated":true}]}}