{"id":11883,"date":"2025-06-29T14:08:04","date_gmt":"2025-06-29T12:08:04","guid":{"rendered":"https:\/\/uj.adatbank.ro\/lexikon\/termek\/kibedi-varga-sandor-%c2%a7-kibedi-es-makfalvi-varga-sandor-alexander-varga-von-kibed\/"},"modified":"2025-06-29T14:08:04","modified_gmt":"2025-06-29T12:08:04","slug":"kibedi-varga-sandor-%c2%a7-kibedi-es-makfalvi-varga-sandor-alexander-varga-von-kibed","status":"publish","type":"product","link":"https:\/\/uj.adatbank.ro\/lexikon\/termek\/kibedi-varga-sandor-%c2%a7-kibedi-es-makfalvi-varga-sandor-alexander-varga-von-kibed\/","title":{"rendered":"KIB\u00c9DI VARGA S\u00e1ndor; \u00a7 kib\u00e9di \u00e9s makfalvi Varga S\u00e1ndor; Alexander Varga von Kib\u00e9d,"},"content":{"rendered":"<p>Szentgerice, 1902. m\u00e1rc. 18., \u2020 M\u00fcnchen, 1986. j\u00fan. 17.: filoz\u00f3fus, pszichol\u00f3gus. \u2013 D\u00e9dapja V. \u00c1ron l\u00e9vita \u00c1kosfalv\u00e1n. V. Lajos \u00e9s szenth\u00e1roms\u00e1gi Magyari Katalin fia. \u2013 A bp.-i, a berlini, a j\u00e9nai \u00e9s heidelbergi egy.-en tanult, a szegedi egy.-en b\u00f6lcs\u00e9szdoktori oklevelet szerzett (1924). Szegeden egyetemi mag\u00e1ntan\u00e1r. Szakter\u00fclete az ismeretelm\u00e9let \u00e9s az \u00e1ltal\u00e1nos \u00e9rt\u00e9kelm\u00e9let. A MTA k\u00f6nyvt\u00e1rosa (1929\u201341). A bp.-i P\u00e1zm\u00e1ny P\u00e9ter TE -en mag\u00e1ntan\u00e1r (1931\u2013), r. tan\u00e1r (1937\u2013). A M. -N\u00e9met T\u00e1rsas\u00e1g f\u0151titk\u00e1ra (1939\u201344). Miniszteri tan\u00e1csosk\u00e9nt a VKM k\u00fclf\u00f6ldi kultur\u00e1lis kapcsolatok \u00fcgyoszt\u00e1ly\u00e1t vezeti (1941\u201344). Elhagyta Magyaro. -t a h\u00e1bor\u00fa utols\u00f3 szakasz\u00e1ban. A m\u00fcncheni egyetemen filoz\u00f3fi\u00e1t adott el\u0151 (1946), a m\u00fcncheni egyetem pedag\u00f3giai f\u0151iskol\u00e1j\u00e1n a filoz\u00f3fia tansz\u00e9k tan\u00e1ra (1959\u2013). A Johannita rend tiszteleti lovagja (1953), jogi lovag (1955). A lovagrend m. tagozat\u00e1nak kommend\u00e1tora (1955\u201377), tb. kommend\u00e1tor (1977\u201386). A m. k\u00e1lvinist\u00e1k k\u00f6zponti tan\u00e1cs\u00e1nak vil\u00e1gi eln\u00f6ke (1958-ig). Magyaro.-on t\u00f6bb k\u00f6nyve jelent meg. Az emigr\u00e1ci\u00f3ban f\u0151leg n\u00e9met\u00fcl publik\u00e1lt. \u2013 <strong>F. m.:<\/strong> A transzcendent\u00e1lis dedukci\u00f3 Kantn\u00e1l (Szeged, 1926; 1936); Val\u00f3s\u00e1g \u00e9s \u00e9rt\u00e9k (Szeged, 1928; 1936); Rickert Henrik filoz\u00f3fi\u00e1ja (Bp., 1931); A l\u00e9t oks\u00e1gi meghat\u00e1rozotts\u00e1ga \u00e9s a kult\u00farteremt\u00e9s szabads\u00e1ga (Szeged, 1936); Einf\u00fchrung in die Erkenntnislehre: Die Grundrichtungen und die Grenzen der Erkenntnis der Wahrheit (M\u00fcnchen-Basel, 1953, M\u00fcnchen, 1979; koreaiul: Sz\u00f6ul, 1965); Philosophische Wahrheit und christliche Wahrheit (M\u00fcnchen, 1957); Macht und Ohnmacht der Vernunft: Zur Einf\u00fchrung in die Philosophie Kants (M\u00fcnchen 1967); Defensio philosophiae (M\u00fcnchen, 1970); Erkl\u00e4rung der Grundbegriffe von Kant\u2019s Kritik der reinen Vernunft (M\u00fcnchen, 1971); Vernunft und Moral (M\u00fcnchen, 1973); Wesen und Schicksalsfragen des Emigrantentums (M\u00fcnchen, 1976); Geschichtliche Einf\u00fchrung in die Grundbegriffe der Philosophie \u2013 Der Ursprung der Europ\u00e4ischen Philosophie (M\u00fcnchen, 1977); A szellem hatalma (M\u00fcnchen, 1980); Die Philosophie der NeuzeitDie grossen Denker Europas (M\u00fcnchen, 1980); A megv\u00e1lt\u00e1s ezut\u00e1n k\u00f6vetkezik (Mv., 2001); Az \u00dcveghegyen t\u00fal: Erd\u00e9lyi ki- \u00e9s bev\u00e1ndorl\u00f3k az ezredfordul\u00f3n (Mv., 2009); <br \/><strong>Irod.:<\/strong> Borb\u00e1ndi; B\u00f6l\u00f6ni Domokos: Vargabet\u0171k, v\u00e1gyak, \u00e1lmok: Egy k\u00f6nyvbemutat\u00f3 el\u00e9 (N\u00fa., 2001. nov. 7.); M. Johannita csal\u00e1dt\u00f6rt.; Nagy Csaba; \u00daM\u00c9L<\/br><\/p>\n","protected":false},"excerpt":{"rendered":"<p>Szentgerice, 1902. m\u00e1rc. 18., \u2020 M\u00fcnchen, 1986. j\u00fan. 17.: filoz\u00f3fus, pszichol\u00f3gus. \u2013 D\u00e9dapja V. \u00c1ron l\u00e9vita \u00c1kosfalv\u00e1n. V. Lajos \u00e9s szenth\u00e1roms\u00e1gi Magyari Katalin fia. \u2013 A bp.-i, a berlini, a j\u00e9nai \u00e9s heidelbergi egy.-en tanult, a szegedi egy.-en b\u00f6lcs\u00e9szdoktori oklevelet szerzett (1924). Szegeden egyetemi mag\u00e1ntan\u00e1r. Szakter\u00fclete az ismeretelm\u00e9let \u00e9s az \u00e1ltal\u00e1nos \u00e9rt\u00e9kelm\u00e9let. A MTA k\u00f6nyvt\u00e1rosa [&hellip;]<\/p>\n","protected":false},"featured_media":0,"comment_status":"open","ping_status":"closed","template":"","meta":[],"product_brand":[],"product_cat":[137],"product_tag":[],"class_list":{"0":"post-11883","1":"product","2":"type-product","3":"status-publish","5":"product_cat-maros-megyei-eletrajzi-lexikon","7":"first","8":"instock","9":"shipping-taxable","10":"product-type-simple"},"_links":{"self":[{"href":"https:\/\/uj.adatbank.ro\/lexikon\/wp-json\/wp\/v2\/product\/11883","targetHints":{"allow":["GET"]}}],"collection":[{"href":"https:\/\/uj.adatbank.ro\/lexikon\/wp-json\/wp\/v2\/product"}],"about":[{"href":"https:\/\/uj.adatbank.ro\/lexikon\/wp-json\/wp\/v2\/types\/product"}],"replies":[{"embeddable":true,"href":"https:\/\/uj.adatbank.ro\/lexikon\/wp-json\/wp\/v2\/comments?post=11883"}],"wp:attachment":[{"href":"https:\/\/uj.adatbank.ro\/lexikon\/wp-json\/wp\/v2\/media?parent=11883"}],"wp:term":[{"taxonomy":"product_brand","embeddable":true,"href":"https:\/\/uj.adatbank.ro\/lexikon\/wp-json\/wp\/v2\/product_brand?post=11883"},{"taxonomy":"product_cat","embeddable":true,"href":"https:\/\/uj.adatbank.ro\/lexikon\/wp-json\/wp\/v2\/product_cat?post=11883"},{"taxonomy":"product_tag","embeddable":true,"href":"https:\/\/uj.adatbank.ro\/lexikon\/wp-json\/wp\/v2\/product_tag?post=11883"}],"curies":[{"name":"wp","href":"https:\/\/api.w.org\/{rel}","templated":true}]}}