{"id":11884,"date":"2025-06-29T14:08:07","date_gmt":"2025-06-29T12:08:07","guid":{"rendered":"https:\/\/uj.adatbank.ro\/lexikon\/termek\/kibedi-varga-aron\/"},"modified":"2025-06-29T14:08:07","modified_gmt":"2025-06-29T12:08:07","slug":"kibedi-varga-aron","status":"publish","type":"product","link":"https:\/\/uj.adatbank.ro\/lexikon\/termek\/kibedi-varga-aron\/","title":{"rendered":"KIB\u00c9DI-VARGA \u00c1ron"},"content":{"rendered":"<p>Kib\u00e9d, 1930. febr. 4. \u2020 2018. \u00e1pr. 13.: \u00edr\u00f3, irodalomt\u00f6rt\u00e9n\u00e9sz, k\u00f6lt\u0151. \u2013 K-V. S\u00e1ndor filoz\u00f3fusprofesszor fia. Az amszterd\u00e1mi egyetem professzora. <br \/><strong>Irod.:<\/strong> Kib\u00e9d; Kib\u00e9d \u00e9s egyh\u00e1za<\/br><\/p>\n","protected":false},"excerpt":{"rendered":"<p>Kib\u00e9d, 1930. febr. 4. \u2020 2018. \u00e1pr. 13.: \u00edr\u00f3, irodalomt\u00f6rt\u00e9n\u00e9sz, k\u00f6lt\u0151. \u2013 K-V. S\u00e1ndor filoz\u00f3fusprofesszor fia. Az amszterd\u00e1mi egyetem professzora. Irod.: Kib\u00e9d; Kib\u00e9d \u00e9s egyh\u00e1za<\/p>\n","protected":false},"featured_media":0,"comment_status":"open","ping_status":"closed","template":"","meta":[],"product_brand":[],"product_cat":[137],"product_tag":[],"class_list":{"0":"post-11884","1":"product","2":"type-product","3":"status-publish","5":"product_cat-maros-megyei-eletrajzi-lexikon","7":"first","8":"instock","9":"shipping-taxable","10":"product-type-simple"},"_links":{"self":[{"href":"https:\/\/uj.adatbank.ro\/lexikon\/wp-json\/wp\/v2\/product\/11884","targetHints":{"allow":["GET"]}}],"collection":[{"href":"https:\/\/uj.adatbank.ro\/lexikon\/wp-json\/wp\/v2\/product"}],"about":[{"href":"https:\/\/uj.adatbank.ro\/lexikon\/wp-json\/wp\/v2\/types\/product"}],"replies":[{"embeddable":true,"href":"https:\/\/uj.adatbank.ro\/lexikon\/wp-json\/wp\/v2\/comments?post=11884"}],"wp:attachment":[{"href":"https:\/\/uj.adatbank.ro\/lexikon\/wp-json\/wp\/v2\/media?parent=11884"}],"wp:term":[{"taxonomy":"product_brand","embeddable":true,"href":"https:\/\/uj.adatbank.ro\/lexikon\/wp-json\/wp\/v2\/product_brand?post=11884"},{"taxonomy":"product_cat","embeddable":true,"href":"https:\/\/uj.adatbank.ro\/lexikon\/wp-json\/wp\/v2\/product_cat?post=11884"},{"taxonomy":"product_tag","embeddable":true,"href":"https:\/\/uj.adatbank.ro\/lexikon\/wp-json\/wp\/v2\/product_tag?post=11884"}],"curies":[{"name":"wp","href":"https:\/\/api.w.org\/{rel}","templated":true}]}}