{"id":11885,"date":"2025-06-29T14:08:09","date_gmt":"2025-06-29T12:08:09","guid":{"rendered":"https:\/\/uj.adatbank.ro\/lexikon\/termek\/kibedy-ferenc-s\/"},"modified":"2025-06-29T14:08:09","modified_gmt":"2025-06-29T12:08:09","slug":"kibedy-ferenc-s","status":"publish","type":"product","link":"https:\/\/uj.adatbank.ro\/lexikon\/termek\/kibedy-ferenc-s\/","title":{"rendered":"KIB\u00c9DY Ferenc S."},"content":{"rendered":"<p>Ny\u00e1r\u00e1dk\u00f6szv\u00e9nyes, 1891., \u2020 ? : gazd\u00e1lkod\u00f3. \u2013 A f9ldm\u0171vel\u00e9st \u00e9desapj\u00e1t\u00f3l tanulta, majd \u00f6n\u00e1ll\u00f3 lett (1920). Katona\u00e9veit a 22. gy. ezredben szolg\u00e1lta le az orosz fronton, s\u00falyosan megsebes\u00fclt, jobb l\u00e1b\u00e1t amput\u00e1lt\u00e1k, jobb karja megb\u00e9nult. Szakaszvezet\u0151i rangban szerelt le, t\u00f6bb kit\u00fcntet\u00e9ssel. Hadbyr\u00f3s\u00e1g el\u00e9 \u00e1ll\u00edtott\u00e1k. <br \/><strong>Irod.:<\/strong> Sz\u00e9kelyf\u00f6ld \u00ed. k<\/br><\/p>\n","protected":false},"excerpt":{"rendered":"<p>Ny\u00e1r\u00e1dk\u00f6szv\u00e9nyes, 1891., \u2020 ? : gazd\u00e1lkod\u00f3. \u2013 A f9ldm\u0171vel\u00e9st \u00e9desapj\u00e1t\u00f3l tanulta, majd \u00f6n\u00e1ll\u00f3 lett (1920). Katona\u00e9veit a 22. gy. ezredben szolg\u00e1lta le az orosz fronton, s\u00falyosan megsebes\u00fclt, jobb l\u00e1b\u00e1t amput\u00e1lt\u00e1k, jobb karja megb\u00e9nult. Szakaszvezet\u0151i rangban szerelt le, t\u00f6bb kit\u00fcntet\u00e9ssel. Hadbyr\u00f3s\u00e1g el\u00e9 \u00e1ll\u00edtott\u00e1k. Irod.: Sz\u00e9kelyf\u00f6ld \u00ed. k<\/p>\n","protected":false},"featured_media":0,"comment_status":"open","ping_status":"closed","template":"","meta":[],"product_brand":[],"product_cat":[137],"product_tag":[],"class_list":{"0":"post-11885","1":"product","2":"type-product","3":"status-publish","5":"product_cat-maros-megyei-eletrajzi-lexikon","7":"first","8":"instock","9":"shipping-taxable","10":"product-type-simple"},"_links":{"self":[{"href":"https:\/\/uj.adatbank.ro\/lexikon\/wp-json\/wp\/v2\/product\/11885","targetHints":{"allow":["GET"]}}],"collection":[{"href":"https:\/\/uj.adatbank.ro\/lexikon\/wp-json\/wp\/v2\/product"}],"about":[{"href":"https:\/\/uj.adatbank.ro\/lexikon\/wp-json\/wp\/v2\/types\/product"}],"replies":[{"embeddable":true,"href":"https:\/\/uj.adatbank.ro\/lexikon\/wp-json\/wp\/v2\/comments?post=11885"}],"wp:attachment":[{"href":"https:\/\/uj.adatbank.ro\/lexikon\/wp-json\/wp\/v2\/media?parent=11885"}],"wp:term":[{"taxonomy":"product_brand","embeddable":true,"href":"https:\/\/uj.adatbank.ro\/lexikon\/wp-json\/wp\/v2\/product_brand?post=11885"},{"taxonomy":"product_cat","embeddable":true,"href":"https:\/\/uj.adatbank.ro\/lexikon\/wp-json\/wp\/v2\/product_cat?post=11885"},{"taxonomy":"product_tag","embeddable":true,"href":"https:\/\/uj.adatbank.ro\/lexikon\/wp-json\/wp\/v2\/product_tag?post=11885"}],"curies":[{"name":"wp","href":"https:\/\/api.w.org\/{rel}","templated":true}]}}