{"id":11887,"date":"2025-06-29T14:08:14","date_gmt":"2025-06-29T12:08:14","guid":{"rendered":"https:\/\/uj.adatbank.ro\/lexikon\/termek\/kicsi-antal-%c2%a7\/"},"modified":"2025-06-29T14:08:14","modified_gmt":"2025-06-29T12:08:14","slug":"kicsi-antal-%c2%a7","status":"publish","type":"product","link":"https:\/\/uj.adatbank.ro\/lexikon\/termek\/kicsi-antal-%c2%a7\/","title":{"rendered":"KICSI Antal, \u00a7"},"content":{"rendered":"<p>Torja, 1936. aug. 24., \u2020 Mv., 1980. nov. 27.: tan\u00e1r, irodalomt\u00f6rt\u00e9n\u00e9sz, m\u0171ford\u00edt\u00f3, kritikus. \u2013 Tan\u00edt\u00f3k\u00e9pz\u0151t v\u00e9gzett Sz\u00e9kelykereszt\u00faron (1953) ; a BTE-en magyar nyelv \u00e9s irodalom szakos tan\u00e1ri oklevelet szerzett (1959) ; II. fokozat\u00fa (1975), illetve I. fokozat\u00fa vizsg\u00e1t tett (1978), doktor\u00e1lt Tompa L\u00e1szl\u00f3r\u00f3l \u00edrt tanulm\u00e1ny\u00e1val (1978). Tan\u00e1r Gyergy\u00f3alfaluban (1958\u201359); a buk.-i Tank\u00f6nyvkiad\u00f3 mv.-i szerkeszt\u0151s\u00e9g\u00e9nek tagja, szerkeszt\u0151 (1959. m\u00e1j. \u2013 1960 okt.), a Pedag\u00f3giai F\u0151iskola tan\u00e1rseg\u00e9de, lektora (1960. okt. \u2013 69. szept.; 1969. okt. \u201374. szept. 1.); tan\u00e1r az Al Papiu Ilarian L\u00edceumban (1974 szept. 1. \u201380. nov.). Kutat\u00e1si ter\u00fclete a rom\u00e1niai magyar irodalom k\u00e9t vil\u00e1gh\u00e1bor\u00fa k\u00f6z\u00f6tti id\u0151szaka ; Pet\u0151fi-erekly\u00e9k c. els\u0151 \u00edr\u00e1s\u00e1t a V\u00f6r\u00f6s Z\u00e1szl\u00f3 k\u00f6z\u00f6lte (1956). \u00d6sszegez\u0151 jelleg\u0171 sorozat\u00e1ban (A rom\u00e1niai magyar irodalom dokumentumaib\u00f3l I-XXXVIII. V\u00f6r\u00f6s Z\u00e1szl\u00f3 1971. okt. 31. \u2013 1974. m\u00e1j. 13.) az ESZC t\u00f6rt\u00e9net\u00e9vel \u00e9s \u00edr\u00f3ival foglalkozik, s a k\u00f6nyvkiad\u00e1s, a sajt\u00f3t\u00f6rt\u00e9net, az \u00edr\u00f3i levelez\u00e9sek vil\u00e1g\u00e1ba ny\u00fajt betekint\u00e9st. A Brass\u00f3i Lapokban a Kis irodalomt\u00f6rt\u00e9net fejl\u00e9c al\u00e1 foglalt Rom\u00e1niai magyar irodalom c. sorozata 52 \u00edr\u00f3i arck\u00e9pb\u0151l \u00e1ll. Irodalomt\u00f6rt\u00e9neti tanulm\u00e1nyai \u00e9s m\u0171ford\u00edt\u00e1sai megjelentek a: V. Z., Brass\u00f3i Lapok, Hargita, Ifj\u00famunk\u00e1s, Igaz Sz\u00f3, Korunk, NyIRK, Tan\u00fcgyi \u00dajs\u00e1g-ban; ford\u00edtott a kort\u00e1rs rom\u00e1n l\u00edr\u00e1b\u00f3l: Mihai Beniuc, Camil Baltazar, Al. Andri\u0163oiu, Ana Blandiana, Victor Eftimiu, Victor Felea, Eugen Frunz\u0103, Romulus Guga, Traian Iancu, Dan Lauren\u0163iu, Miron Scorobete, Zaharia Stancu, Cicerone Theodorescu, Tiberiu Utan verseib\u0151l. A Mv.-i \u00cdr\u00f3i Egyes\u00fclet D\u00edja (1978). \u2013 <strong>F. m.:<\/strong> Kov\u00e1ts J\u00f3zsef (monogr.; Buk., 1969); Tompa L\u00e1szl\u00f3 (monogr.; Buk., 1978); <strong>t\u00e1rssz.:<\/strong> A marosv\u00e1s\u00e1rhelyi Zord Id\u0151 (Mv., 1969); Bal\u00e1zs Ferenc (monogr; Horv\u00e1th Z. Istv\u00e1nnal \u00e9s Mik\u00f3 Imr\u00e9vel; Buk., 1983); <strong>szerk.:<\/strong> Kihajtott a r\u00f3zsa f\u00e1ja (sz\u00f6veggy\u0171jt.; M\u00e1th\u00e9 J\u00f3zseffel; Mv., 1968); Kov\u00e1ts J\u00f3zsef: Emberek \u00fatra kelnek (el\u0151sz\u00f3; Buk., 1970); Kov\u00e1cs Dezs\u0151: A k\u00eds\u00e9rt\u0151. (elbesz\u00e9l\u00e9sek.; Bevezet\u0151. Buk., 1970); Tompa L\u00e1szt\u00f3: Tavaszi es\u0151 zen\u00e9je (versek, v\u00e1l., el\u0151sz\u00f3, f\u00fcggel\u00e9k; Kv., 1980); <strong>ford.:<\/strong> \u00datmutat\u00f3 agit\u00e1ci\u00f3s m\u0171v\u00e9szbrig\u00e1dok vezet\u0151i sz\u00e1m\u00e1ra (Mv., 1966). <br \/><strong>Irod.:<\/strong> Csekme; Domokos 1978; K\u00e1ntor\u2013L\u00e1ng; KMI; KMIL; Kort\u00e1rs M\u00cdKL; Kusz\u00e1lik; Marosi-KZST; M\u00c9L; MIIB; RMIL<\/br><\/p>\n","protected":false},"excerpt":{"rendered":"<p>Torja, 1936. aug. 24., \u2020 Mv., 1980. nov. 27.: tan\u00e1r, irodalomt\u00f6rt\u00e9n\u00e9sz, m\u0171ford\u00edt\u00f3, kritikus. \u2013 Tan\u00edt\u00f3k\u00e9pz\u0151t v\u00e9gzett Sz\u00e9kelykereszt\u00faron (1953) ; a BTE-en magyar nyelv \u00e9s irodalom szakos tan\u00e1ri oklevelet szerzett (1959) ; II. fokozat\u00fa (1975), illetve I. fokozat\u00fa vizsg\u00e1t tett (1978), doktor\u00e1lt Tompa L\u00e1szl\u00f3r\u00f3l \u00edrt tanulm\u00e1ny\u00e1val (1978). Tan\u00e1r Gyergy\u00f3alfaluban (1958\u201359); a buk.-i Tank\u00f6nyvkiad\u00f3 mv.-i szerkeszt\u0151s\u00e9g\u00e9nek tagja, [&hellip;]<\/p>\n","protected":false},"featured_media":0,"comment_status":"open","ping_status":"closed","template":"","meta":[],"product_brand":[],"product_cat":[137],"product_tag":[],"class_list":{"0":"post-11887","1":"product","2":"type-product","3":"status-publish","5":"product_cat-maros-megyei-eletrajzi-lexikon","7":"first","8":"instock","9":"shipping-taxable","10":"product-type-simple"},"_links":{"self":[{"href":"https:\/\/uj.adatbank.ro\/lexikon\/wp-json\/wp\/v2\/product\/11887","targetHints":{"allow":["GET"]}}],"collection":[{"href":"https:\/\/uj.adatbank.ro\/lexikon\/wp-json\/wp\/v2\/product"}],"about":[{"href":"https:\/\/uj.adatbank.ro\/lexikon\/wp-json\/wp\/v2\/types\/product"}],"replies":[{"embeddable":true,"href":"https:\/\/uj.adatbank.ro\/lexikon\/wp-json\/wp\/v2\/comments?post=11887"}],"wp:attachment":[{"href":"https:\/\/uj.adatbank.ro\/lexikon\/wp-json\/wp\/v2\/media?parent=11887"}],"wp:term":[{"taxonomy":"product_brand","embeddable":true,"href":"https:\/\/uj.adatbank.ro\/lexikon\/wp-json\/wp\/v2\/product_brand?post=11887"},{"taxonomy":"product_cat","embeddable":true,"href":"https:\/\/uj.adatbank.ro\/lexikon\/wp-json\/wp\/v2\/product_cat?post=11887"},{"taxonomy":"product_tag","embeddable":true,"href":"https:\/\/uj.adatbank.ro\/lexikon\/wp-json\/wp\/v2\/product_tag?post=11887"}],"curies":[{"name":"wp","href":"https:\/\/api.w.org\/{rel}","templated":true}]}}