{"id":11890,"date":"2025-06-29T14:08:20","date_gmt":"2025-06-29T12:08:20","guid":{"rendered":"https:\/\/uj.adatbank.ro\/lexikon\/termek\/kiermayer-christian\/"},"modified":"2025-06-29T14:08:20","modified_gmt":"2025-06-29T12:08:20","slug":"kiermayer-christian","status":"publish","type":"product","link":"https:\/\/uj.adatbank.ro\/lexikon\/termek\/kiermayer-christian\/","title":{"rendered":"KIERMAYER, Christian"},"content":{"rendered":"<p>? \u2020 1837., : \u00e1cspall\u00e9r mester. \u2013 Csal\u00e1dja Kv.-ra k\u00f6lt\u00f6z\u00f6tt (18. sz. eleje). Kv.-on dolgozott, s\u00f3gor\u00e1val, Georg Winkler k\u0151m\u0171vespall\u00e9rral sok k\u00f6z\u00f6s munk\u00e1ra v\u00e1llalkoztak. Kv. b\u00f6velkedett munk\u00e1iban, Szamos\u00fajv\u00e1r, Zsib\u00f3, Sz\u00e1szcsan\u00e1d is \u0151rzi alkot\u00e1sait. A s\u00e1romberki Teleki kast\u00e9ly \u00e1csmunk\u00e1j\u00e1t v\u00e9gezte (1804), a mv.-i Teleki-t\u00e9ka fed\u00e9lszerkezet\u00e9t k\u00e9sz\u00edtette (1804), Koronk\u00e1n kerti pavilont k\u00e9sz\u00edtett (1834). <br \/><strong>Irod.:<\/strong> B. Nagy Margit 1970<\/br><\/p>\n","protected":false},"excerpt":{"rendered":"<p>? \u2020 1837., : \u00e1cspall\u00e9r mester. \u2013 Csal\u00e1dja Kv.-ra k\u00f6lt\u00f6z\u00f6tt (18. sz. eleje). Kv.-on dolgozott, s\u00f3gor\u00e1val, Georg Winkler k\u0151m\u0171vespall\u00e9rral sok k\u00f6z\u00f6s munk\u00e1ra v\u00e1llalkoztak. Kv. b\u00f6velkedett munk\u00e1iban, Szamos\u00fajv\u00e1r, Zsib\u00f3, Sz\u00e1szcsan\u00e1d is \u0151rzi alkot\u00e1sait. A s\u00e1romberki Teleki kast\u00e9ly \u00e1csmunk\u00e1j\u00e1t v\u00e9gezte (1804), a mv.-i Teleki-t\u00e9ka fed\u00e9lszerkezet\u00e9t k\u00e9sz\u00edtette (1804), Koronk\u00e1n kerti pavilont k\u00e9sz\u00edtett (1834). Irod.: B. Nagy Margit 1970<\/p>\n","protected":false},"featured_media":0,"comment_status":"open","ping_status":"closed","template":"","meta":[],"product_brand":[],"product_cat":[137],"product_tag":[],"class_list":{"0":"post-11890","1":"product","2":"type-product","3":"status-publish","5":"product_cat-maros-megyei-eletrajzi-lexikon","7":"first","8":"instock","9":"shipping-taxable","10":"product-type-simple"},"_links":{"self":[{"href":"https:\/\/uj.adatbank.ro\/lexikon\/wp-json\/wp\/v2\/product\/11890","targetHints":{"allow":["GET"]}}],"collection":[{"href":"https:\/\/uj.adatbank.ro\/lexikon\/wp-json\/wp\/v2\/product"}],"about":[{"href":"https:\/\/uj.adatbank.ro\/lexikon\/wp-json\/wp\/v2\/types\/product"}],"replies":[{"embeddable":true,"href":"https:\/\/uj.adatbank.ro\/lexikon\/wp-json\/wp\/v2\/comments?post=11890"}],"wp:attachment":[{"href":"https:\/\/uj.adatbank.ro\/lexikon\/wp-json\/wp\/v2\/media?parent=11890"}],"wp:term":[{"taxonomy":"product_brand","embeddable":true,"href":"https:\/\/uj.adatbank.ro\/lexikon\/wp-json\/wp\/v2\/product_brand?post=11890"},{"taxonomy":"product_cat","embeddable":true,"href":"https:\/\/uj.adatbank.ro\/lexikon\/wp-json\/wp\/v2\/product_cat?post=11890"},{"taxonomy":"product_tag","embeddable":true,"href":"https:\/\/uj.adatbank.ro\/lexikon\/wp-json\/wp\/v2\/product_tag?post=11890"}],"curies":[{"name":"wp","href":"https:\/\/api.w.org\/{rel}","templated":true}]}}