{"id":11893,"date":"2025-06-29T14:08:28","date_gmt":"2025-06-29T12:08:28","guid":{"rendered":"https:\/\/uj.adatbank.ro\/lexikon\/termek\/kikeli-pal-istvan\/"},"modified":"2025-06-29T14:08:28","modified_gmt":"2025-06-29T12:08:28","slug":"kikeli-pal-istvan","status":"publish","type":"product","link":"https:\/\/uj.adatbank.ro\/lexikon\/termek\/kikeli-pal-istvan\/","title":{"rendered":"KIKELI P\u00e1l Istv\u00e1n"},"content":{"rendered":"<p>? \u2020 ? : belgy\u00f3gy\u00e1sz, egyetemi tan\u00e1r. \u2013 <strong>F. m.:<\/strong> A csal\u00e1dorvosl\u00e1s alapjai (Mv., 2000); Profilaxia \u00een medicina de familie (TgM., 2001). <br \/><strong>Irod.:<\/strong> Genersich; N\u00fa (2001. \u00e1pr. 27)<\/br><\/p>\n","protected":false},"excerpt":{"rendered":"<p>? \u2020 ? : belgy\u00f3gy\u00e1sz, egyetemi tan\u00e1r. \u2013 F. m.: A csal\u00e1dorvosl\u00e1s alapjai (Mv., 2000); Profilaxia \u00een medicina de familie (TgM., 2001). Irod.: Genersich; N\u00fa (2001. \u00e1pr. 27)<\/p>\n","protected":false},"featured_media":0,"comment_status":"open","ping_status":"closed","template":"","meta":[],"product_brand":[],"product_cat":[137],"product_tag":[],"class_list":{"0":"post-11893","1":"product","2":"type-product","3":"status-publish","5":"product_cat-maros-megyei-eletrajzi-lexikon","7":"first","8":"instock","9":"shipping-taxable","10":"product-type-simple"},"_links":{"self":[{"href":"https:\/\/uj.adatbank.ro\/lexikon\/wp-json\/wp\/v2\/product\/11893","targetHints":{"allow":["GET"]}}],"collection":[{"href":"https:\/\/uj.adatbank.ro\/lexikon\/wp-json\/wp\/v2\/product"}],"about":[{"href":"https:\/\/uj.adatbank.ro\/lexikon\/wp-json\/wp\/v2\/types\/product"}],"replies":[{"embeddable":true,"href":"https:\/\/uj.adatbank.ro\/lexikon\/wp-json\/wp\/v2\/comments?post=11893"}],"wp:attachment":[{"href":"https:\/\/uj.adatbank.ro\/lexikon\/wp-json\/wp\/v2\/media?parent=11893"}],"wp:term":[{"taxonomy":"product_brand","embeddable":true,"href":"https:\/\/uj.adatbank.ro\/lexikon\/wp-json\/wp\/v2\/product_brand?post=11893"},{"taxonomy":"product_cat","embeddable":true,"href":"https:\/\/uj.adatbank.ro\/lexikon\/wp-json\/wp\/v2\/product_cat?post=11893"},{"taxonomy":"product_tag","embeddable":true,"href":"https:\/\/uj.adatbank.ro\/lexikon\/wp-json\/wp\/v2\/product_tag?post=11893"}],"curies":[{"name":"wp","href":"https:\/\/api.w.org\/{rel}","templated":true}]}}