{"id":11899,"date":"2025-06-29T14:08:40","date_gmt":"2025-06-29T12:08:40","guid":{"rendered":"https:\/\/uj.adatbank.ro\/lexikon\/termek\/kilyen-arpad-%c2%a7\/"},"modified":"2025-06-29T14:08:40","modified_gmt":"2025-06-29T12:08:40","slug":"kilyen-arpad-%c2%a7","status":"publish","type":"product","link":"https:\/\/uj.adatbank.ro\/lexikon\/termek\/kilyen-arpad-%c2%a7\/","title":{"rendered":"KILY\u00c9N \u00c1rp\u00e1d, \u00a7"},"content":{"rendered":"<p>Vadad, 1936 ? \u2020 Mv., ?: asztalosmester, grafikus, fest\u0151m\u0171v\u00e9sz. \u2013 Ipari iskol\u00e1t v\u00e9gzett Mv.-en. A mv.-i Aug. 23 Fafeldolgoz\u00f3 V\u00e1llalat mestere. Mv.-en elv\u00e9gezte a M\u0171v\u00e9szeti Iskola grafika \u00e9s fest\u00e9szet szak\u00e1t (1976). Tagja \u00e9s vezet\u0151tan\u00e1csi tagja volt a KMMSz-nek (1977\u2013). Tizenh\u00e9t egy\u00e9ni ki\u00e1ll\u00edt\u00e1sa volt Mv.-en \u00e9s Maros megy\u00e9ben, valamint Mo. -on. R\u00e9szt vett a Sz\u00f6vets\u00e9g \u00e1ltal Mv.-en szervezett csoportos \u00e9s kollekt\u00edv ki\u00e1ll\u00edt\u00e1sokon. <br \/><strong>Irod.:<\/strong> Bartis Ferenc: \u00dcnnep\u00e9lyes h\u00e9tk\u00f6znapok (\u00daj \u00c9let, 23. sz., 1981); [H\u00edr] (\u00daj \u00c9let, 3. sz., 1979); Opri\u015f-Mure\u015fan: AAPM; Opri\u015f 2018 m\u00e9g \u00e9l!!!<\/br><\/p>\n","protected":false},"excerpt":{"rendered":"<p>Vadad, 1936 ? \u2020 Mv., ?: asztalosmester, grafikus, fest\u0151m\u0171v\u00e9sz. \u2013 Ipari iskol\u00e1t v\u00e9gzett Mv.-en. A mv.-i Aug. 23 Fafeldolgoz\u00f3 V\u00e1llalat mestere. Mv.-en elv\u00e9gezte a M\u0171v\u00e9szeti Iskola grafika \u00e9s fest\u00e9szet szak\u00e1t (1976). Tagja \u00e9s vezet\u0151tan\u00e1csi tagja volt a KMMSz-nek (1977\u2013). Tizenh\u00e9t egy\u00e9ni ki\u00e1ll\u00edt\u00e1sa volt Mv.-en \u00e9s Maros megy\u00e9ben, valamint Mo. -on. R\u00e9szt vett a Sz\u00f6vets\u00e9g \u00e1ltal [&hellip;]<\/p>\n","protected":false},"featured_media":0,"comment_status":"open","ping_status":"closed","template":"","meta":[],"product_brand":[],"product_cat":[137],"product_tag":[],"class_list":{"0":"post-11899","1":"product","2":"type-product","3":"status-publish","5":"product_cat-maros-megyei-eletrajzi-lexikon","7":"first","8":"instock","9":"shipping-taxable","10":"product-type-simple"},"_links":{"self":[{"href":"https:\/\/uj.adatbank.ro\/lexikon\/wp-json\/wp\/v2\/product\/11899","targetHints":{"allow":["GET"]}}],"collection":[{"href":"https:\/\/uj.adatbank.ro\/lexikon\/wp-json\/wp\/v2\/product"}],"about":[{"href":"https:\/\/uj.adatbank.ro\/lexikon\/wp-json\/wp\/v2\/types\/product"}],"replies":[{"embeddable":true,"href":"https:\/\/uj.adatbank.ro\/lexikon\/wp-json\/wp\/v2\/comments?post=11899"}],"wp:attachment":[{"href":"https:\/\/uj.adatbank.ro\/lexikon\/wp-json\/wp\/v2\/media?parent=11899"}],"wp:term":[{"taxonomy":"product_brand","embeddable":true,"href":"https:\/\/uj.adatbank.ro\/lexikon\/wp-json\/wp\/v2\/product_brand?post=11899"},{"taxonomy":"product_cat","embeddable":true,"href":"https:\/\/uj.adatbank.ro\/lexikon\/wp-json\/wp\/v2\/product_cat?post=11899"},{"taxonomy":"product_tag","embeddable":true,"href":"https:\/\/uj.adatbank.ro\/lexikon\/wp-json\/wp\/v2\/product_tag?post=11899"}],"curies":[{"name":"wp","href":"https:\/\/api.w.org\/{rel}","templated":true}]}}