{"id":11900,"date":"2025-06-29T14:08:41","date_gmt":"2025-06-29T12:08:41","guid":{"rendered":"https:\/\/uj.adatbank.ro\/lexikon\/termek\/kilyen-attila\/"},"modified":"2025-06-29T14:08:41","modified_gmt":"2025-06-29T12:08:41","slug":"kilyen-attila","status":"publish","type":"product","link":"https:\/\/uj.adatbank.ro\/lexikon\/termek\/kilyen-attila\/","title":{"rendered":"KILY\u00c9N Attila"},"content":{"rendered":"<p>Mv., 1950. j\u00fal. 8. \u2020 Mv., 2019. jan. 20. &#8211; \u00dajs\u00e1g\u00edr\u00f3, szerkeszt\u0151. \u2013 Feles\u00e9ge Bog\u00e1r, fia Istv\u00e1n, unok\u00e1ja Gyop\u00e1r. \u2013 Buk.-ben v\u00e9gzett a \u0218t. Gheorghiu Akad. -\u00e1n (1979). K\u00fcls\u0151 munkat\u00e1rsa az Ifj\u00famunk\u00e1s \u2013nak (1976\u201380), a Mv.-i R\u00e1di\u00f3 szerkeszt\u0151-riportere (1979\u201385), programoz\u00f3 a Prodcomplex-n\u00e9l, szerkeszt\u0151 a V\u00f6r\u00f6s Z\u00e1szl\u00f3 (1987\u201389) vagyis a N\u00e9p\u00fajss\u00e1g- n\u00e1l (1989\u2013). Munkat\u00e1rsa a mo.-i Kur\u00edr c. foly\u00f3iratnak. A M\u00daRE tagja volt. <br \/><strong>Irod.:<\/strong> EMKK; Megeml\u00e9kez\u00e9s, N\u00fa., 2024. jan. 19., p. 19.<\/br><\/p>\n","protected":false},"excerpt":{"rendered":"<p>Mv., 1950. j\u00fal. 8. \u2020 Mv., 2019. jan. 20. &#8211; \u00dajs\u00e1g\u00edr\u00f3, szerkeszt\u0151. \u2013 Feles\u00e9ge Bog\u00e1r, fia Istv\u00e1n, unok\u00e1ja Gyop\u00e1r. \u2013 Buk.-ben v\u00e9gzett a \u0218t. Gheorghiu Akad. -\u00e1n (1979). K\u00fcls\u0151 munkat\u00e1rsa az Ifj\u00famunk\u00e1s \u2013nak (1976\u201380), a Mv.-i R\u00e1di\u00f3 szerkeszt\u0151-riportere (1979\u201385), programoz\u00f3 a Prodcomplex-n\u00e9l, szerkeszt\u0151 a V\u00f6r\u00f6s Z\u00e1szl\u00f3 (1987\u201389) vagyis a N\u00e9p\u00fajss\u00e1g- n\u00e1l (1989\u2013). Munkat\u00e1rsa a mo.-i [&hellip;]<\/p>\n","protected":false},"featured_media":0,"comment_status":"open","ping_status":"closed","template":"","meta":[],"product_brand":[],"product_cat":[137],"product_tag":[],"class_list":{"0":"post-11900","1":"product","2":"type-product","3":"status-publish","5":"product_cat-maros-megyei-eletrajzi-lexikon","7":"first","8":"instock","9":"shipping-taxable","10":"product-type-simple"},"_links":{"self":[{"href":"https:\/\/uj.adatbank.ro\/lexikon\/wp-json\/wp\/v2\/product\/11900","targetHints":{"allow":["GET"]}}],"collection":[{"href":"https:\/\/uj.adatbank.ro\/lexikon\/wp-json\/wp\/v2\/product"}],"about":[{"href":"https:\/\/uj.adatbank.ro\/lexikon\/wp-json\/wp\/v2\/types\/product"}],"replies":[{"embeddable":true,"href":"https:\/\/uj.adatbank.ro\/lexikon\/wp-json\/wp\/v2\/comments?post=11900"}],"wp:attachment":[{"href":"https:\/\/uj.adatbank.ro\/lexikon\/wp-json\/wp\/v2\/media?parent=11900"}],"wp:term":[{"taxonomy":"product_brand","embeddable":true,"href":"https:\/\/uj.adatbank.ro\/lexikon\/wp-json\/wp\/v2\/product_brand?post=11900"},{"taxonomy":"product_cat","embeddable":true,"href":"https:\/\/uj.adatbank.ro\/lexikon\/wp-json\/wp\/v2\/product_cat?post=11900"},{"taxonomy":"product_tag","embeddable":true,"href":"https:\/\/uj.adatbank.ro\/lexikon\/wp-json\/wp\/v2\/product_tag?post=11900"}],"curies":[{"name":"wp","href":"https:\/\/api.w.org\/{rel}","templated":true}]}}