{"id":11901,"date":"2025-06-29T14:08:44","date_gmt":"2025-06-29T12:08:44","guid":{"rendered":"https:\/\/uj.adatbank.ro\/lexikon\/termek\/kilyen-denes\/"},"modified":"2026-02-17T16:22:48","modified_gmt":"2026-02-17T15:22:48","slug":"kilyen-denes","status":"publish","type":"product","link":"https:\/\/uj.adatbank.ro\/lexikon\/termek\/kilyen-denes\/","title":{"rendered":"KILY\u00c9N D\u00e9nes"},"content":{"rendered":"<p>Mv., 1927. okt. 27., \u2020 Mv., 1991. j\u00fal. 23.: szab\u00f3. \u2013 A Textila Mures v\u00e1llaltn\u00e1l dolgozott. Letart\u00f3ztatt\u00e1k \u00e9s a kv.-i Katonai B\u00edr\u00f3s\u00e1g a BTK 209. paragrafus\u00e1nak 3. pontja alapj\u00e1n 15 \u00e9vre \u00edt\u00e9lte. A szamos\u00fajv\u00e1ri b\u00f6rt\u00f6nben \u00fclt. Szabadul\u00e1sa ut\u00e1n (1965) a szakm\u00e1j\u00e1ban dolgozott.<br \/>\n<strong>Irod.:<\/strong> 1956 Erd\u00e9lyben; \u00c1ldozatok<\/p>\n","protected":false},"excerpt":{"rendered":"<p>Mv., 1927. okt. 27., \u2020 Mv., 1991. j\u00fal. 23.: szab\u00f3. \u2013 A Textila Mures v\u00e1llaltn\u00e1l dolgozott. Letart\u00f3ztatt\u00e1k \u00e9s a kv.-i Katonai B\u00edr\u00f3s\u00e1g a BTK 209. paragrafus\u00e1nak 3. pontja alapj\u00e1n 15 \u00e9vre \u00edt\u00e9lte. A szamos\u00fajv\u00e1ri b\u00f6rt\u00f6nben \u00fclt. Szabadul\u00e1sa ut\u00e1n (1965) a szakm\u00e1j\u00e1ban dolgozott. Irod.: 1956 Erd\u00e9lyben; \u00c1ldozatok<\/p>\n","protected":false},"featured_media":0,"comment_status":"open","ping_status":"closed","template":"","meta":[],"product_brand":[],"product_cat":[137],"product_tag":[],"class_list":{"0":"post-11901","1":"product","2":"type-product","3":"status-publish","5":"product_cat-maros-megyei-eletrajzi-lexikon","7":"first","8":"instock","9":"shipping-taxable","10":"product-type-simple"},"_links":{"self":[{"href":"https:\/\/uj.adatbank.ro\/lexikon\/wp-json\/wp\/v2\/product\/11901","targetHints":{"allow":["GET"]}}],"collection":[{"href":"https:\/\/uj.adatbank.ro\/lexikon\/wp-json\/wp\/v2\/product"}],"about":[{"href":"https:\/\/uj.adatbank.ro\/lexikon\/wp-json\/wp\/v2\/types\/product"}],"replies":[{"embeddable":true,"href":"https:\/\/uj.adatbank.ro\/lexikon\/wp-json\/wp\/v2\/comments?post=11901"}],"wp:attachment":[{"href":"https:\/\/uj.adatbank.ro\/lexikon\/wp-json\/wp\/v2\/media?parent=11901"}],"wp:term":[{"taxonomy":"product_brand","embeddable":true,"href":"https:\/\/uj.adatbank.ro\/lexikon\/wp-json\/wp\/v2\/product_brand?post=11901"},{"taxonomy":"product_cat","embeddable":true,"href":"https:\/\/uj.adatbank.ro\/lexikon\/wp-json\/wp\/v2\/product_cat?post=11901"},{"taxonomy":"product_tag","embeddable":true,"href":"https:\/\/uj.adatbank.ro\/lexikon\/wp-json\/wp\/v2\/product_tag?post=11901"}],"curies":[{"name":"wp","href":"https:\/\/api.w.org\/{rel}","templated":true}]}}