{"id":11902,"date":"2025-06-29T14:08:46","date_gmt":"2025-06-29T12:08:46","guid":{"rendered":"https:\/\/uj.adatbank.ro\/lexikon\/termek\/kilyen-karoly-%c2%a7\/"},"modified":"2025-06-29T14:08:46","modified_gmt":"2025-06-29T12:08:46","slug":"kilyen-karoly-%c2%a7","status":"publish","type":"product","link":"https:\/\/uj.adatbank.ro\/lexikon\/termek\/kilyen-karoly-%c2%a7\/","title":{"rendered":"KILY\u00c9N K\u00e1roly, \u00a7"},"content":{"rendered":"<p>Ikland, 1918. aug. 7., \u2020 Mv., 1996. febr. 26.: jog\u00e1sz. \u2013 Borbereki K. Zsigmond \u00e9s csejdi \u00dajfalvi Ilka fia. \u2013 Sz\u00fcl\u0151faluj\u00e1ban, majd Kv.-on az Unit. Koll.-ban tanult (1929\u201337). Beiratkozott az Unit. Teol\u00f3giai Akad.-ra (1937\u201340), amit hivat\u00e1s\u00e9rzet hi\u00e1ny\u00e1ban negyed\u00e9ven abbahagyott \u00e9s a Bp.-i Ludovika Katonai F\u0151iskol\u00e1ra (1940) szeretett volna beiratkozni, de csak a kv.-i 26-os gyalogezred 1-es z\u00e1szl\u00f3alj\u00e1ba ker\u00fclt katon\u00e1nak, D\u00e9sen v\u00e9gzett hadapr\u00f3diskol\u00e1t (1941) \u00e9s hadapr\u00f3d \u0151rmester, tartal\u00e9kos z\u00e1szl\u00f3sk\u00e9nt leszerelt (1942. okt. 20.), beiratkozott a FJTE jog- \u00e9s \u00e1llamtudom\u00e1nyi kar\u00e1ra (1942), majd tov\u00e1bb szolg\u00e1lt pr\u00f3baszolg\u00e1latos csapatszolg\u00e1latot teljes\u00edtett (1943. okt. 1. \u2013). Bp. -re a f\u0151tiszti tanfolyamra vez\u00e9nyelt\u00e9k. Az 57 \/II. z\u00e1szl\u00f3alj k\u00f6tel\u00e9k\u00e9ben mint aknavet\u0151szakasz-, majd neh\u00e9zfegyversz\u00e1zad-parancsnok a frontra ker\u00fclt (1944. m\u00e1rc. 19\u20131945. m\u00e1rc. 28.). Hadnagy (1944. okt. 1. \u2013). K\u00f6b\u00f6lk\u00fatn\u00e1l szovjet hadifogs\u00e1gba esett (1945. m\u00e1rc. 28. \u2013 1954. jan. 3.), Kamcsatka k\u00f6rny\u00e9k\u00e9n, a l\u00e9t als\u00f3 hat\u00e1r\u00e1n \u00e9lt, 9 \u00e9v ut\u00e1n t\u00e9rt haza. A kommunizmust hal\u00e1los ellens\u00e9g\u00e9nek tekintette. Eln\u00f6khelyettese a mv.-i Volt Szovjet\u00fani\u00f3beli Hadifoglyok \u00c9rdekv\u00e9delmi Sz\u00f6vets\u00e9g\u00e9nek. Visszaeml\u00e9kez\u00e9s dokumnetumk\u00f6tete, vallom\u00e1sos tud\u00f3s\u00edt\u00e1s az egykori szovjet gul\u00e1g-vil\u00e1g m\u00e9lys\u00e9geir\u0151l, a Bering-szoros k\u00f6zel\u00e9ben m\u0171k\u00f6d\u0151 megsemmis\u00edt\u0151 t\u00e1bor h\u00e9tk\u00f6znapjair\u00f3l. M\u00e1th\u00e9 \u00c9va szerk.-ben post mortem jelent meg. \u2013 <strong>F. m.:<\/strong> Fennmaradni ! (Mv., 1997.). <br \/><strong>Irod.:<\/strong> Berekm\u00e9ri; Berekm\u00e9ri: mv.-i 27. hadoszt\u00e1ly; Nagy P\u00e1l: Tud\u00f3s\u00edt\u00e1s a feh\u00e9r pokol bugyraib\u00f3l (N\u00fa., M\u00fazsa, 326. sz., 1998. jan. 9.); [Nekrol\u00f3g] (N\u00fa., 1996. febr. 27.)<\/br><\/p>\n","protected":false},"excerpt":{"rendered":"<p>Ikland, 1918. aug. 7., \u2020 Mv., 1996. febr. 26.: jog\u00e1sz. \u2013 Borbereki K. Zsigmond \u00e9s csejdi \u00dajfalvi Ilka fia. \u2013 Sz\u00fcl\u0151faluj\u00e1ban, majd Kv.-on az Unit. Koll.-ban tanult (1929\u201337). Beiratkozott az Unit. Teol\u00f3giai Akad.-ra (1937\u201340), amit hivat\u00e1s\u00e9rzet hi\u00e1ny\u00e1ban negyed\u00e9ven abbahagyott \u00e9s a Bp.-i Ludovika Katonai F\u0151iskol\u00e1ra (1940) szeretett volna beiratkozni, de csak a kv.-i 26-os gyalogezred [&hellip;]<\/p>\n","protected":false},"featured_media":0,"comment_status":"open","ping_status":"closed","template":"","meta":[],"product_brand":[],"product_cat":[137],"product_tag":[],"class_list":{"0":"post-11902","1":"product","2":"type-product","3":"status-publish","5":"product_cat-maros-megyei-eletrajzi-lexikon","7":"first","8":"instock","9":"shipping-taxable","10":"product-type-simple"},"_links":{"self":[{"href":"https:\/\/uj.adatbank.ro\/lexikon\/wp-json\/wp\/v2\/product\/11902","targetHints":{"allow":["GET"]}}],"collection":[{"href":"https:\/\/uj.adatbank.ro\/lexikon\/wp-json\/wp\/v2\/product"}],"about":[{"href":"https:\/\/uj.adatbank.ro\/lexikon\/wp-json\/wp\/v2\/types\/product"}],"replies":[{"embeddable":true,"href":"https:\/\/uj.adatbank.ro\/lexikon\/wp-json\/wp\/v2\/comments?post=11902"}],"wp:attachment":[{"href":"https:\/\/uj.adatbank.ro\/lexikon\/wp-json\/wp\/v2\/media?parent=11902"}],"wp:term":[{"taxonomy":"product_brand","embeddable":true,"href":"https:\/\/uj.adatbank.ro\/lexikon\/wp-json\/wp\/v2\/product_brand?post=11902"},{"taxonomy":"product_cat","embeddable":true,"href":"https:\/\/uj.adatbank.ro\/lexikon\/wp-json\/wp\/v2\/product_cat?post=11902"},{"taxonomy":"product_tag","embeddable":true,"href":"https:\/\/uj.adatbank.ro\/lexikon\/wp-json\/wp\/v2\/product_tag?post=11902"}],"curies":[{"name":"wp","href":"https:\/\/api.w.org\/{rel}","templated":true}]}}