{"id":11903,"date":"2025-06-29T14:08:48","date_gmt":"2025-06-29T12:08:48","guid":{"rendered":"https:\/\/uj.adatbank.ro\/lexikon\/termek\/kilyen-lajos\/"},"modified":"2025-06-29T14:08:48","modified_gmt":"2025-06-29T12:08:48","slug":"kilyen-lajos","status":"publish","type":"product","link":"https:\/\/uj.adatbank.ro\/lexikon\/termek\/kilyen-lajos\/","title":{"rendered":"KILY\u00c9N Lajos"},"content":{"rendered":"<p>B\u00fazah\u00e1za, 1911., \u2020 B\u00fazah\u00e1za, 1986. m\u00e1rc. 27.: munk\u00e1s, k\u00f6zs\u00e9gi titk\u00e1r, n\u00e9ptan\u00e1cs eln\u00f6k. \u2013 Fiai: Lajos, Domokos, Vajdahunyadon sz\u00fclettek. \u2013 B\u00fazah\u00e1z\u00e1n v\u00e9gzett h\u00e9t oszt\u00e1lyt. Vajdahunyadon vasipari munk\u00e1s (1937\u2013). Visszat\u00e9rt B\u00fazah\u00e1z\u00e1ra (1940. szept.), \u00e9vente t\u00f6bbsz\u00f6r munkaszolg\u00e1latra kellett jelentkeznie, bevonult katon\u00e1nak (1943\u2013), orosz fogs\u00e1gsban volt sz\u00e9nb\u00e1ny\u00e1ban dolgozott a Donyec- medenc\u00e9ben (1944\u201348). B\u00fazah\u00e1z\u00e1n n\u00e9ptan\u00e1csi gazdas\u00e1gi el\u0151lj\u00e1r\u00f3 (1952\u2013), tov\u00e1bbk\u00e9pz\u00e9st v\u00e9gzett, Szab\u00e9don k\u00f6zs\u00e9gi titk\u00e1r (1957\u2013), a N\u00e9ptan\u00e1cs eln\u00f6ke B\u00fazah\u00e1z\u00e1n (1961\u201373). Domokos fia v\u00e1ltotta fel (1973\u2013). Jelent\u0151sebb megval\u00f3s\u00edt\u00e1sai: Jobb\u00e1gyfalv\u00e1n \u00e9s Ny\u00e1r\u00e1dszentm\u00e1rtonban kult\u00farotthon \u00e9p\u00fclt, Cs\u00edkfalv\u00e1n nagy iskola, Vadadon templom. <br \/><strong>Irod.:<\/strong> Berekm\u00e9ri\u2013Nemes<\/br><\/p>\n","protected":false},"excerpt":{"rendered":"<p>B\u00fazah\u00e1za, 1911., \u2020 B\u00fazah\u00e1za, 1986. m\u00e1rc. 27.: munk\u00e1s, k\u00f6zs\u00e9gi titk\u00e1r, n\u00e9ptan\u00e1cs eln\u00f6k. \u2013 Fiai: Lajos, Domokos, Vajdahunyadon sz\u00fclettek. \u2013 B\u00fazah\u00e1z\u00e1n v\u00e9gzett h\u00e9t oszt\u00e1lyt. Vajdahunyadon vasipari munk\u00e1s (1937\u2013). Visszat\u00e9rt B\u00fazah\u00e1z\u00e1ra (1940. szept.), \u00e9vente t\u00f6bbsz\u00f6r munkaszolg\u00e1latra kellett jelentkeznie, bevonult katon\u00e1nak (1943\u2013), orosz fogs\u00e1gsban volt sz\u00e9nb\u00e1ny\u00e1ban dolgozott a Donyec- medenc\u00e9ben (1944\u201348). B\u00fazah\u00e1z\u00e1n n\u00e9ptan\u00e1csi gazdas\u00e1gi el\u0151lj\u00e1r\u00f3 (1952\u2013), tov\u00e1bbk\u00e9pz\u00e9st v\u00e9gzett, [&hellip;]<\/p>\n","protected":false},"featured_media":0,"comment_status":"open","ping_status":"closed","template":"","meta":[],"product_brand":[],"product_cat":[137],"product_tag":[],"class_list":{"0":"post-11903","1":"product","2":"type-product","3":"status-publish","5":"product_cat-maros-megyei-eletrajzi-lexikon","7":"first","8":"instock","9":"shipping-taxable","10":"product-type-simple"},"_links":{"self":[{"href":"https:\/\/uj.adatbank.ro\/lexikon\/wp-json\/wp\/v2\/product\/11903","targetHints":{"allow":["GET"]}}],"collection":[{"href":"https:\/\/uj.adatbank.ro\/lexikon\/wp-json\/wp\/v2\/product"}],"about":[{"href":"https:\/\/uj.adatbank.ro\/lexikon\/wp-json\/wp\/v2\/types\/product"}],"replies":[{"embeddable":true,"href":"https:\/\/uj.adatbank.ro\/lexikon\/wp-json\/wp\/v2\/comments?post=11903"}],"wp:attachment":[{"href":"https:\/\/uj.adatbank.ro\/lexikon\/wp-json\/wp\/v2\/media?parent=11903"}],"wp:term":[{"taxonomy":"product_brand","embeddable":true,"href":"https:\/\/uj.adatbank.ro\/lexikon\/wp-json\/wp\/v2\/product_brand?post=11903"},{"taxonomy":"product_cat","embeddable":true,"href":"https:\/\/uj.adatbank.ro\/lexikon\/wp-json\/wp\/v2\/product_cat?post=11903"},{"taxonomy":"product_tag","embeddable":true,"href":"https:\/\/uj.adatbank.ro\/lexikon\/wp-json\/wp\/v2\/product_tag?post=11903"}],"curies":[{"name":"wp","href":"https:\/\/api.w.org\/{rel}","templated":true}]}}