{"id":11904,"date":"2025-06-29T14:08:50","date_gmt":"2025-06-29T12:08:50","guid":{"rendered":"https:\/\/uj.adatbank.ro\/lexikon\/termek\/kilyen-lajos-borbereki\/"},"modified":"2025-06-29T14:08:50","modified_gmt":"2025-06-29T12:08:50","slug":"kilyen-lajos-borbereki","status":"publish","type":"product","link":"https:\/\/uj.adatbank.ro\/lexikon\/termek\/kilyen-lajos-borbereki\/","title":{"rendered":"KILY\u00c9N Lajos, borbereki"},"content":{"rendered":"<p>Ikland, 1886., \u2020 ?: gazd\u00e1lkod\u00f3. \u2013 Iskol\u00e1i elv\u00e9gz\u00e9se ut\u00e1n a gazd\u00e1lkod\u00e1st tanulta, \u00f6n\u00e1ll\u00f3 gazda lett saj\u00e1t birtok\u00e1n Iklandon (1918\u2013). Az els\u0151 vh.-ban a 2. k. husz\u00e1rezredben a szerb, orosz \u00e9s olasz fronton harcolt, \u0151rmesteri rangban szerelt le a koron\u00e1s vaskereszt \u00e9s a K\u00e1roly Csapatkereszt kit\u00fcntet\u00e9ssel. <br \/><strong>Irod.:<\/strong> Sz\u00e9kelyf\u00f6ld \u00ed. k<\/br><\/p>\n","protected":false},"excerpt":{"rendered":"<p>Ikland, 1886., \u2020 ?: gazd\u00e1lkod\u00f3. \u2013 Iskol\u00e1i elv\u00e9gz\u00e9se ut\u00e1n a gazd\u00e1lkod\u00e1st tanulta, \u00f6n\u00e1ll\u00f3 gazda lett saj\u00e1t birtok\u00e1n Iklandon (1918\u2013). Az els\u0151 vh.-ban a 2. k. husz\u00e1rezredben a szerb, orosz \u00e9s olasz fronton harcolt, \u0151rmesteri rangban szerelt le a koron\u00e1s vaskereszt \u00e9s a K\u00e1roly Csapatkereszt kit\u00fcntet\u00e9ssel. Irod.: Sz\u00e9kelyf\u00f6ld \u00ed. k<\/p>\n","protected":false},"featured_media":0,"comment_status":"open","ping_status":"closed","template":"","meta":[],"product_brand":[],"product_cat":[137],"product_tag":[],"class_list":{"0":"post-11904","1":"product","2":"type-product","3":"status-publish","5":"product_cat-maros-megyei-eletrajzi-lexikon","7":"first","8":"instock","9":"shipping-taxable","10":"product-type-simple"},"_links":{"self":[{"href":"https:\/\/uj.adatbank.ro\/lexikon\/wp-json\/wp\/v2\/product\/11904","targetHints":{"allow":["GET"]}}],"collection":[{"href":"https:\/\/uj.adatbank.ro\/lexikon\/wp-json\/wp\/v2\/product"}],"about":[{"href":"https:\/\/uj.adatbank.ro\/lexikon\/wp-json\/wp\/v2\/types\/product"}],"replies":[{"embeddable":true,"href":"https:\/\/uj.adatbank.ro\/lexikon\/wp-json\/wp\/v2\/comments?post=11904"}],"wp:attachment":[{"href":"https:\/\/uj.adatbank.ro\/lexikon\/wp-json\/wp\/v2\/media?parent=11904"}],"wp:term":[{"taxonomy":"product_brand","embeddable":true,"href":"https:\/\/uj.adatbank.ro\/lexikon\/wp-json\/wp\/v2\/product_brand?post=11904"},{"taxonomy":"product_cat","embeddable":true,"href":"https:\/\/uj.adatbank.ro\/lexikon\/wp-json\/wp\/v2\/product_cat?post=11904"},{"taxonomy":"product_tag","embeddable":true,"href":"https:\/\/uj.adatbank.ro\/lexikon\/wp-json\/wp\/v2\/product_tag?post=11904"}],"curies":[{"name":"wp","href":"https:\/\/api.w.org\/{rel}","templated":true}]}}