{"id":11905,"date":"2025-06-29T14:08:52","date_gmt":"2025-06-29T12:08:52","guid":{"rendered":"https:\/\/uj.adatbank.ro\/lexikon\/termek\/kilyen-laszlo-%c2%a7\/"},"modified":"2025-06-29T14:08:52","modified_gmt":"2025-06-29T12:08:52","slug":"kilyen-laszlo-%c2%a7","status":"publish","type":"product","link":"https:\/\/uj.adatbank.ro\/lexikon\/termek\/kilyen-laszlo-%c2%a7\/","title":{"rendered":"KILY\u00c9N L\u00e1szl\u00f3, \u00a7"},"content":{"rendered":"<p>Szent Istv\u00e1n (ma H\u00e1rmasfalu), 1914. febr. 14., \u2020 Marosszentgy\u00f6rgy, 2001. nov. 27.: tan\u00edt\u00f3. \u2013 Helyettes tan\u00edt\u00f3k\u00e9nt dolgozott B\u00e1gyonban (Kolozs)(1941- 45). Tan\u00edt\u00f3i okl. -t szerzett Kv.-on a Tan\u00edt\u00f3k\u00e9pz\u0151ben (1945). Munkahelyei ezut\u00e1n: Szentdemeter, Erd\u0151szentgy\u00f6rgy (1947\u201348), Marosszentgy\u00f6rgy (1948\u201352), Vajdaszentiv\u00e1ny \u00e9s Ernye (1953\u201356). Marosszentgy\u00f6rgy\u00f6n iskola igazgat\u00f3 (1951\u201352).-irod.: S\u00e2ngeorgiu de Mure\u015f; S\u00e2ngeorgiu de Mure\u015f \u2013 \u015ecoala<\/br><\/p>\n","protected":false},"excerpt":{"rendered":"<p>Szent Istv\u00e1n (ma H\u00e1rmasfalu), 1914. febr. 14., \u2020 Marosszentgy\u00f6rgy, 2001. nov. 27.: tan\u00edt\u00f3. \u2013 Helyettes tan\u00edt\u00f3k\u00e9nt dolgozott B\u00e1gyonban (Kolozs)(1941- 45). Tan\u00edt\u00f3i okl. -t szerzett Kv.-on a Tan\u00edt\u00f3k\u00e9pz\u0151ben (1945). Munkahelyei ezut\u00e1n: Szentdemeter, Erd\u0151szentgy\u00f6rgy (1947\u201348), Marosszentgy\u00f6rgy (1948\u201352), Vajdaszentiv\u00e1ny \u00e9s Ernye (1953\u201356). Marosszentgy\u00f6rgy\u00f6n iskola igazgat\u00f3 (1951\u201352).-irod.: S\u00e2ngeorgiu de Mure\u015f; S\u00e2ngeorgiu de Mure\u015f \u2013 \u015ecoala<\/p>\n","protected":false},"featured_media":0,"comment_status":"open","ping_status":"closed","template":"","meta":[],"product_brand":[],"product_cat":[137],"product_tag":[],"class_list":{"0":"post-11905","1":"product","2":"type-product","3":"status-publish","5":"product_cat-maros-megyei-eletrajzi-lexikon","7":"first","8":"instock","9":"shipping-taxable","10":"product-type-simple"},"_links":{"self":[{"href":"https:\/\/uj.adatbank.ro\/lexikon\/wp-json\/wp\/v2\/product\/11905","targetHints":{"allow":["GET"]}}],"collection":[{"href":"https:\/\/uj.adatbank.ro\/lexikon\/wp-json\/wp\/v2\/product"}],"about":[{"href":"https:\/\/uj.adatbank.ro\/lexikon\/wp-json\/wp\/v2\/types\/product"}],"replies":[{"embeddable":true,"href":"https:\/\/uj.adatbank.ro\/lexikon\/wp-json\/wp\/v2\/comments?post=11905"}],"wp:attachment":[{"href":"https:\/\/uj.adatbank.ro\/lexikon\/wp-json\/wp\/v2\/media?parent=11905"}],"wp:term":[{"taxonomy":"product_brand","embeddable":true,"href":"https:\/\/uj.adatbank.ro\/lexikon\/wp-json\/wp\/v2\/product_brand?post=11905"},{"taxonomy":"product_cat","embeddable":true,"href":"https:\/\/uj.adatbank.ro\/lexikon\/wp-json\/wp\/v2\/product_cat?post=11905"},{"taxonomy":"product_tag","embeddable":true,"href":"https:\/\/uj.adatbank.ro\/lexikon\/wp-json\/wp\/v2\/product_tag?post=11905"}],"curies":[{"name":"wp","href":"https:\/\/api.w.org\/{rel}","templated":true}]}}