{"id":11908,"date":"2025-06-29T14:08:56","date_gmt":"2025-06-29T12:08:56","guid":{"rendered":"https:\/\/uj.adatbank.ro\/lexikon\/termek\/kilyen-mozes-2\/"},"modified":"2025-06-29T14:08:56","modified_gmt":"2025-06-29T12:08:56","slug":"kilyen-mozes-2","status":"publish","type":"product","link":"https:\/\/uj.adatbank.ro\/lexikon\/termek\/kilyen-mozes-2\/","title":{"rendered":"KILY\u00c9N M\u00f3zes"},"content":{"rendered":"<p>Ikland, 1922. aug. 18., \u2020 ?: gazd\u00e1lkod\u00f3. \u2013 Letartoztatt\u00e1k (1959. m\u00e1j. 26.) \u00e9s rendszerellenes megnyilv\u00e9nul\u00e1sok v\u00e1dj\u00e1val \u00e1ll\u00edtott\u00e1k b\u00edr\u00f3s\u00e1g el\u00e9 (1959. m\u00e1j.) <br \/><strong>Irod.:<\/strong> 1956 Erd\u00e9lyben<\/br><\/p>\n","protected":false},"excerpt":{"rendered":"<p>Ikland, 1922. aug. 18., \u2020 ?: gazd\u00e1lkod\u00f3. \u2013 Letartoztatt\u00e1k (1959. m\u00e1j. 26.) \u00e9s rendszerellenes megnyilv\u00e9nul\u00e1sok v\u00e1dj\u00e1val \u00e1ll\u00edtott\u00e1k b\u00edr\u00f3s\u00e1g el\u00e9 (1959. m\u00e1j.) Irod.: 1956 Erd\u00e9lyben<\/p>\n","protected":false},"featured_media":0,"comment_status":"open","ping_status":"closed","template":"","meta":[],"product_brand":[],"product_cat":[137],"product_tag":[],"class_list":{"0":"post-11908","1":"product","2":"type-product","3":"status-publish","5":"product_cat-maros-megyei-eletrajzi-lexikon","7":"first","8":"instock","9":"shipping-taxable","10":"product-type-simple"},"_links":{"self":[{"href":"https:\/\/uj.adatbank.ro\/lexikon\/wp-json\/wp\/v2\/product\/11908","targetHints":{"allow":["GET"]}}],"collection":[{"href":"https:\/\/uj.adatbank.ro\/lexikon\/wp-json\/wp\/v2\/product"}],"about":[{"href":"https:\/\/uj.adatbank.ro\/lexikon\/wp-json\/wp\/v2\/types\/product"}],"replies":[{"embeddable":true,"href":"https:\/\/uj.adatbank.ro\/lexikon\/wp-json\/wp\/v2\/comments?post=11908"}],"wp:attachment":[{"href":"https:\/\/uj.adatbank.ro\/lexikon\/wp-json\/wp\/v2\/media?parent=11908"}],"wp:term":[{"taxonomy":"product_brand","embeddable":true,"href":"https:\/\/uj.adatbank.ro\/lexikon\/wp-json\/wp\/v2\/product_brand?post=11908"},{"taxonomy":"product_cat","embeddable":true,"href":"https:\/\/uj.adatbank.ro\/lexikon\/wp-json\/wp\/v2\/product_cat?post=11908"},{"taxonomy":"product_tag","embeddable":true,"href":"https:\/\/uj.adatbank.ro\/lexikon\/wp-json\/wp\/v2\/product_tag?post=11908"}],"curies":[{"name":"wp","href":"https:\/\/api.w.org\/{rel}","templated":true}]}}